{"id":1227,"date":"2022-06-24T07:29:47","date_gmt":"2022-06-24T07:29:47","guid":{"rendered":"https:\/\/casino-mga.com\/mga-casino\/"},"modified":"2024-03-12T13:48:17","modified_gmt":"2024-03-12T13:48:17","slug":"mga-casino","status":"publish","type":"page","link":"https:\/\/casino-mga.com\/cl\/","title":{"rendered":"MGA Casino en Chile"},"content":{"rendered":"\n<h1 class=\"wp-block-heading\">Casinos online MGA en Chile<\/h1>\n\n\n\n<p>Los casinos online con licencia de la MGA son casinos en l\u00ednea que tienen su licencia de juegos emitida del regulador de juegos de Malta, Malta Gaming Authority. Los casinos online MGA son conocidos por ser muy seguros y confiables y varios de los mejores casinos online en Chile tienen la licencia de Malta.&nbsp;<\/p>\n\n\n\n<p>En este gu\u00eda te indicamos que significa jugar en un casino online MGA y cuales son los mejores sitios de casino y apuestas con licencia MGA.<\/p>\n\n\n\n<figure class=\"wp-block-image size-full\"><img loading=\"lazy\" decoding=\"async\" width=\"650\" height=\"400\" src=\"https:\/\/casino-mga.com\/wp-content\/uploads\/2024\/03\/MGA-Casino-6.jpg\" alt=\"Mga casino CHile\" class=\"wp-image-1236\" srcset=\"https:\/\/casino-mga.com\/wp-content\/uploads\/2024\/03\/MGA-Casino-6.jpg 650w, https:\/\/casino-mga.com\/wp-content\/uploads\/2024\/03\/MGA-Casino-6-300x185.jpg 300w\" sizes=\"auto, (max-width: 650px) 100vw, 650px\" \/><\/figure>\n\n\n\n<h2 class=\"wp-block-heading\">Los mejores casinos online con licencia MGA en Chile<\/h2>\n\n\n\n<ul class=\"wp-block-list\">\n<li><strong>LeoVegas Casino<\/strong> &#8211; Uno de los casinos m\u00e1s confiables del mundo con una aplicaci\u00f3n de casino excelente!<\/li>\n\n\n\n<li><strong>Novibet Casino<\/strong> &#8211; Un casino online muy famoso en Chile cuenta con una secci\u00f3n de apuestas deportivas excelente!<\/li>\n\n\n\n<li><strong>Ultra Casino<\/strong> &#8211; Un casino seguro que ofrece un bono de bienvenida de 100% hasta 100.000$ CLP + 100 Giros Gratis!<\/li>\n<\/ul>\n\n\n\n<h2 class=\"wp-block-heading\">Son legales los casinos con licencia de la MGA<\/h2>\n\n\n\n<p>Si muchos de los casinos en l\u00ednea que operan en Chile tienen su licencia emitida por el regulador MGA y son totalmente legales. Los casinos de la MGA se destacan por ser confiables y que trabajan activamente contra la adicci\u00f3n al juego y el lavado de dinero.&nbsp;<\/p>\n\n\n\n<h2 class=\"wp-block-heading\">Son seguros y confiables los casinos online con licencia maltesa?<\/h2>\n\n\n\n<p>Si, los casinos online en Chile con licencia de juegos de la MGA son muy seguros y trabajan activamente contra la adicci\u00f3n al juego. En los casinos MGA tienes muchas posibilidades de poner diferentes tipos de l\u00edmites de juego. Por ejemplo puedes poner l\u00edmites de dep\u00f3sito, l\u00edmites de p\u00e9rdida, y l\u00edmites de sesi\u00f3n. Tambi\u00e9n puedes autoexcluirse del casino si sientes que tienes problemas con el juego.<\/p>\n\n\n\n<h2 class=\"wp-block-heading\">Bonos de casinos online MGA en Chile<\/h2>\n\n\n\n<p>En los casinos de la MGA puedes recibir muchos diferentes tipos de bonos y promociones.<\/p>\n\n\n\n<h3 class=\"wp-block-heading\">Bono de bienvenida<\/h3>\n\n\n\n<p>Los casinos MGA suelen ser muy generosos con sus bonos de bienvenidas donde muchas veces te igualan tu primer dep\u00f3sito y a veces hasta los 3 primeros dep\u00f3sitos y adem\u00e1s es muy com\u00fan que te regalen giros gratis cuando haces tu primer dep\u00f3sito.&nbsp;<\/p>\n\n\n\n<h3 class=\"wp-block-heading\">Giros gratis<\/h3>\n\n\n\n<p>Los giros gratis son un tipo de bonos muy popular en los casinos online para los amantes de los juegos de tragamonedas online. Los giros gratis son jugadas gratis en diferentes juegos de tragamonedas.<\/p>\n\n\n\n<h3 class=\"wp-block-heading\">Bonos sin deposito<\/h3>\n\n\n\n<p>Algunos casinos online en Chile a veces ofrecen bonos sin dep\u00f3sito, lo que significa que recibes un bono solo por registrarte en un casino. Los bonos sin dep\u00f3sito muchas veces consisten en giros gratis.<\/p>\n\n\n\n<h3 class=\"wp-block-heading\">Cashback&nbsp;<\/h3>\n\n\n\n<p>Los bonos de cashback es una devoluci\u00f3n de dinero de tus p\u00e9rdidas. Normalmente los bonos de cashback suelen ser de 5-15% de tus p\u00e9rdidas. Y se pagan normalmente cada mes, cada semana o cada d\u00eda.&nbsp;<\/p>\n\n\n\n<h3 class=\"wp-block-heading\">Bonos de apuestas deportivas<\/h3>\n\n\n\n<p>Los bonos de apuestas deportivas suelen ser un bono de dep\u00f3sito, una apuesta gratis o una apuesta sin riesgo. Las apuestas sin riesgo significa que si no ganas la apuesta el casino te devuelve el dinero que apostaste.<\/p>\n\n\n\n<h3 class=\"wp-block-heading\">Bonos VIP<\/h3>\n\n\n\n<p>Los bonos VIP son bonos exclusivos para los jugadores VIP, es decir los jugadores que califican para el programa de lealtad del casino. Los bonos VIP suelen consistir en bonos de dep\u00f3sito con el requisito de apuesta muy bajo, giros gratis o cashback.&nbsp;<\/p>\n\n\n\n<h2 class=\"wp-block-heading\">Cat\u00e1logo de juegos en los casinos MGA<\/h2>\n\n\n\n<p>Los casinos online con licencia MGA son conocidos por tener cat\u00e1logos de juegos muy completos. Puedes encontrar todo tipo de juegos de casino, casino en vivo, e-sports y apuestas deportivas.&nbsp;<\/p>\n\n\n\n<h3 class=\"wp-block-heading\">Tragamonedas online&nbsp;<\/h3>\n\n\n\n<p>Los casinos en l\u00ednea de Chile con licencia de la MGA suelen ofrecer muchos juegos de tragamonedas online. En varios de los casinos puedes encontrar m\u00e1s de 2,000 diferentes juegos de tragamonedas.&nbsp;<\/p>\n\n\n\n<h3 class=\"wp-block-heading\">Juegos de mesa&nbsp;<\/h3>\n\n\n\n<p>En los casinos en l\u00ednea puedes encontrar todos tipos de juegos de mesa, como juegos de ruleta online, blackjack online y poker.&nbsp;<\/p>\n\n\n\n<p>La mayor\u00eda de los casinos online en Chile ofrecen juegos de mesa en vivo, es decir que el proveedor de juego tiene a personas reales como croupiers repartiendo las cartas en vivo.<\/p>\n\n\n\n<p>Los casinos m\u00e1s grandes como LeoVegas por ejemplo tambi\u00e9n producen sus propios juegos online.&nbsp;<\/p>\n\n\n\n<h3 class=\"wp-block-heading\">Apuestas deportivas online<\/h3>\n\n\n\n<p>Varios de los mejores casinos en l\u00ednea en Chile con licencia MGA son una mezcla de un casino online y una casa de apuestas. LeoVegas y Novibet son dos buenos ejemplos de sitios de casino que tambi\u00e9n ofrecen apuestas deportivas.<\/p>\n\n\n\n<h2 class=\"wp-block-heading\">\u00bfCu\u00e1les son los m\u00e9todos de pago en los casinos MGA?<\/h2>\n\n\n\n<p>Los casinos con licencia MGA suelen ofrecer muchos diferentes m\u00e9todos de pago. Entre ellos el m\u00e9todo m\u00e1s popular de chile cual es WebPay, que te permite depositar con tarjetas de d\u00e9bito o de cr\u00e9dito como con la tarjeta cuenta RUT o la tarjeta Redcompra por ejemplo.<\/p>\n\n\n\n<p>Otros m\u00e9todos de pagos presentes en los casinos online en Chile con licencia de juegos de Malta son los monederos electr\u00f3nicos como Neteller, Skrill y Ecopayz por ejemplo.&nbsp;<\/p>\n\n\n\n<p>Tambi\u00e9n existe la posibilidad de depositar con tarjetas prepagas como la Paysafecard que es aceptada por muchos casinos virtuales.&nbsp;<\/p>\n\n\n\n<h2 class=\"wp-block-heading\">C\u00f3mo abrir una cuenta en un casino online chileno<\/h2>\n\n\n\n<p>El registro en los casinos online de Malta suele ser muy facil y rapido siguiendo estos pasos:<\/p>\n\n\n\n<ol class=\"wp-block-list\">\n<li>Inscribe tu correo electr\u00f3nico y escoge una contrase\u00f1a&nbsp;<\/li>\n\n\n\n<li>Verifica tu cuenta con el correo electr\u00f3nico<\/li>\n\n\n\n<li>Pon tus datos personales como la fecha de nacimiento, direcci\u00f3n, n\u00famero de celular etc.<\/li>\n\n\n\n<li>Escoge un m\u00e9todo de dep\u00f3sito<\/li>\n\n\n\n<li>Haz tu primer dep\u00f3sito&nbsp;<\/li>\n\n\n\n<li>Empieza a jugar!<\/li>\n<\/ol>\n\n\n\n<h2 class=\"wp-block-heading\">C\u00f3mo funcionan los dep\u00f3sitos y los retiros en los casinos<\/h2>\n\n\n\n<p>Normalmente los dep\u00f3sitos son muy f\u00e1ciles y r\u00e1pidos y solo tienes que escoger tu m\u00e9todo de pago favorito, verificar la transacci\u00f3n y tendr\u00e1s el dinero en tu saldo del casino.&nbsp;<\/p>\n\n\n\n<p>Para poder hacer un retiro normalmente tienes que verificar tu identidad. Para verificar la identidad debes de mandar una foto de tu pasaporte o de tu carn\u00e9 de identidad y una foto de una carta oficial para demostrar que si vives en la direcci\u00f3n que pusiste en tu perfil.&nbsp;<\/p>\n\n\n\n<h3 class=\"wp-block-heading\">\u00bfCu\u00e1nto se demoran los retiros de los casinos online?<\/h3>\n\n\n\n<p>El tiempo de retiro depende de qu\u00e9 m\u00e9todo de pago usas. Para hacer un retiro tienes que escoger el mismo m\u00e9todo que usaste para depositar. Si por ejemplo haces un dep\u00f3sito a trav\u00e9s de Webpay tienes que hacer una transferencia bancaria como m\u00e9todo de retiro. Las transferencias bancarias normalmente se demoran 3-5 d\u00edas h\u00e1biles.<\/p>\n\n\n\n<p>Si haces dep\u00f3sitos con monedero electr\u00f3nicos los retiros son instant\u00e1neos para el monedero electr\u00f3nico. Lo mismo cuando usas criptomonedas como Bitcoin, de momento no es posible usar criptomonedas en los casinos con licencia MGA pero se rumorea que las criptomonedas est\u00e1n disponibles en los casinos en l\u00ednea con licencia maltesa durante el 2024.<\/p>\n\n\n\n<h2 class=\"wp-block-heading\">Preguntas frecuentes<\/h2>\n\n\n\n<div class=\"schema-faq wp-block-yoast-faq-block\"><div class=\"schema-faq-section\" id=\"faq-question-1710250859180\"><strong class=\"schema-faq-question\">Que es un casino MGA?<\/strong> <p class=\"schema-faq-answer\">Un casino online MGA es un casino online que tiene su licencia emitida del regulador de juegos de Malta, <strong><em>Malta Gaming Authority<\/em><\/strong>.<\/p> <\/div> <div class=\"schema-faq-section\" id=\"faq-question-1710250933694\"><strong class=\"schema-faq-question\">Puedo jugar con pesos chilenos en un casino online MGA?<\/strong> <p class=\"schema-faq-answer\">Si, la mayoria de los casinos con licencia de Malta que estan presentes en Chile te permiten jugar con la moneda nacional de Chile, el peso chileno (CLP).<\/p> <\/div> <div class=\"schema-faq-section\" id=\"faq-question-1710250997484\"><strong class=\"schema-faq-question\">Es posible usar metodos de pagos chilenos en los casinos online con licencia maltesa?<\/strong> <p class=\"schema-faq-answer\">Si, el metodo de pago pricipal para los chilenos en los casinos MGA es Webpay, que te permite depositar con tarjetas chilenas como la cuenta RUT o Redcompra por ejemplo.<\/p> <\/div> <\/div>\n","protected":false},"excerpt":{"rendered":"<p>Casinos online MGA en Chile Los casinos online con licencia de la MGA son casinos en l\u00ednea que tienen su&#8230;<\/p>\n","protected":false},"author":2,"featured_media":0,"parent":0,"menu_order":0,"comment_status":"closed","ping_status":"closed","template":"","meta":{"_acf_changed":false,"footnotes":""},"class_list":["post-1227","page","type-page","status-publish","hentry"],"acf":[],"yoast_head":"<!-- This site is optimized with the Yoast SEO plugin v27.0 - https:\/\/yoast.com\/product\/yoast-seo-wordpress\/ -->\n<title>Casinos online con licencia MGA en Chile (2024)<\/title>\n<meta name=\"description\" content=\"Descubre los mejores sitios de casino online y apuestas deportivas con licencia de la MGA. Bonos, metodos de pago y mucho mas!\" \/>\n<meta name=\"robots\" content=\"index, follow, max-snippet:-1, max-image-preview:large, max-video-preview:-1\" \/>\n<link rel=\"canonical\" href=\"https:\/\/casino-mga.com\/cl\/\" \/>\n<meta property=\"og:locale\" content=\"es_ES\" \/>\n<meta property=\"og:type\" content=\"article\" \/>\n<meta property=\"og:title\" content=\"Casinos online con licencia MGA en Chile (2024)\" \/>\n<meta property=\"og:description\" content=\"Descubre los mejores sitios de casino online y apuestas deportivas con licencia de la MGA. Bonos, metodos de pago y mucho mas!\" \/>\n<meta property=\"og:url\" content=\"https:\/\/casino-mga.com\/cl\/\" \/>\n<meta property=\"og:site_name\" content=\"MGA Casino\" \/>\n<meta property=\"article:modified_time\" content=\"2024-03-12T13:48:17+00:00\" \/>\n<meta property=\"og:image\" content=\"https:\/\/casino-mga.com\/wp-content\/uploads\/2024\/03\/MGA-Casino-6.jpg\" \/>\n<meta name=\"twitter:card\" content=\"summary_large_image\" \/>\n<meta name=\"twitter:label1\" content=\"Tiempo estimado de lectura\" \/>\n\t<meta name=\"twitter:data1\" content=\"7 minutos\" \/>\n<script type=\"application\/ld+json\" class=\"yoast-schema-graph\">{\"@context\":\"https:\/\/schema.org\",\"@graph\":[{\"@type\":[\"WebPage\",\"FAQPage\"],\"@id\":\"https:\/\/casino-mga.com\/cl\/\",\"url\":\"https:\/\/casino-mga.com\/cl\/\",\"name\":\"Casinos online con licencia MGA en Chile (2024)\",\"isPartOf\":{\"@id\":\"https:\/\/casino-mga.com\/cl\/#website\"},\"primaryImageOfPage\":{\"@id\":\"https:\/\/casino-mga.com\/cl\/#primaryimage\"},\"image\":{\"@id\":\"https:\/\/casino-mga.com\/cl\/#primaryimage\"},\"thumbnailUrl\":\"https:\/\/casino-mga.com\/wp-content\/uploads\/2024\/03\/MGA-Casino-6.jpg\",\"datePublished\":\"2022-06-24T07:29:47+00:00\",\"dateModified\":\"2024-03-12T13:48:17+00:00\",\"description\":\"Descubre los mejores sitios de casino online y apuestas deportivas con licencia de la MGA. Bonos, metodos de pago y mucho mas!\",\"breadcrumb\":{\"@id\":\"https:\/\/casino-mga.com\/cl\/#breadcrumb\"},\"mainEntity\":[{\"@id\":\"https:\/\/casino-mga.com\/cl\/#faq-question-1710250859180\"},{\"@id\":\"https:\/\/casino-mga.com\/cl\/#faq-question-1710250933694\"},{\"@id\":\"https:\/\/casino-mga.com\/cl\/#faq-question-1710250997484\"}],\"inLanguage\":\"es-CL\",\"potentialAction\":[{\"@type\":\"ReadAction\",\"target\":[\"https:\/\/casino-mga.com\/cl\/\"]}]},{\"@type\":\"ImageObject\",\"inLanguage\":\"es-CL\",\"@id\":\"https:\/\/casino-mga.com\/cl\/#primaryimage\",\"url\":\"https:\/\/casino-mga.com\/wp-content\/uploads\/2024\/03\/MGA-Casino-6.jpg\",\"contentUrl\":\"https:\/\/casino-mga.com\/wp-content\/uploads\/2024\/03\/MGA-Casino-6.jpg\"},{\"@type\":\"BreadcrumbList\",\"@id\":\"https:\/\/casino-mga.com\/cl\/#breadcrumb\",\"itemListElement\":[{\"@type\":\"ListItem\",\"position\":1,\"name\":\"MGA Casinos\",\"item\":\"https:\/\/casino-mga.com\/cl\/\"},{\"@type\":\"ListItem\",\"position\":2,\"name\":\"MGA Casino en Chile\"}]},{\"@type\":\"WebSite\",\"@id\":\"https:\/\/casino-mga.com\/cl\/#website\",\"url\":\"https:\/\/casino-mga.com\/cl\/\",\"name\":\"MGA Casino\",\"description\":\"Alles \u00fcber MGA Casinos online\",\"publisher\":{\"@id\":\"https:\/\/casino-mga.com\/cl\/#organization\"},\"potentialAction\":[{\"@type\":\"SearchAction\",\"target\":{\"@type\":\"EntryPoint\",\"urlTemplate\":\"https:\/\/casino-mga.com\/cl\/?s={search_term_string}\"},\"query-input\":{\"@type\":\"PropertyValueSpecification\",\"valueRequired\":true,\"valueName\":\"search_term_string\"}}],\"inLanguage\":\"es-CL\"},{\"@type\":\"Organization\",\"@id\":\"https:\/\/casino-mga.com\/cl\/#organization\",\"name\":\"MGA Casino\",\"url\":\"https:\/\/casino-mga.com\/cl\/\",\"logo\":{\"@type\":\"ImageObject\",\"inLanguage\":\"es-CL\",\"@id\":\"https:\/\/casino-mga.com\/cl\/#\/schema\/logo\/image\/\",\"url\":\"https:\/\/casino-mga.com\/wp-content\/uploads\/2022\/07\/cropped-mga-casino-logo.png\",\"contentUrl\":\"https:\/\/casino-mga.com\/wp-content\/uploads\/2022\/07\/cropped-mga-casino-logo.png\",\"width\":578,\"height\":300,\"caption\":\"MGA Casino\"},\"image\":{\"@id\":\"https:\/\/casino-mga.com\/cl\/#\/schema\/logo\/image\/\"}},{\"@type\":\"Question\",\"@id\":\"https:\/\/casino-mga.com\/cl\/#faq-question-1710250859180\",\"position\":1,\"url\":\"https:\/\/casino-mga.com\/cl\/#faq-question-1710250859180\",\"name\":\"Que es un casino MGA?\",\"answerCount\":1,\"acceptedAnswer\":{\"@type\":\"Answer\",\"text\":\"Un casino online MGA es un casino online que tiene su licencia emitida del regulador de juegos de Malta, <strong><em>Malta Gaming Authority<\/em><\/strong>.\",\"inLanguage\":\"es-CL\"},\"inLanguage\":\"es-CL\"},{\"@type\":\"Question\",\"@id\":\"https:\/\/casino-mga.com\/cl\/#faq-question-1710250933694\",\"position\":2,\"url\":\"https:\/\/casino-mga.com\/cl\/#faq-question-1710250933694\",\"name\":\"Puedo jugar con pesos chilenos en un casino online MGA?\",\"answerCount\":1,\"acceptedAnswer\":{\"@type\":\"Answer\",\"text\":\"Si, la mayoria de los casinos con licencia de Malta que estan presentes en Chile te permiten jugar con la moneda nacional de Chile, el peso chileno (CLP).\",\"inLanguage\":\"es-CL\"},\"inLanguage\":\"es-CL\"},{\"@type\":\"Question\",\"@id\":\"https:\/\/casino-mga.com\/cl\/#faq-question-1710250997484\",\"position\":3,\"url\":\"https:\/\/casino-mga.com\/cl\/#faq-question-1710250997484\",\"name\":\"Es posible usar metodos de pagos chilenos en los casinos online con licencia maltesa?\",\"answerCount\":1,\"acceptedAnswer\":{\"@type\":\"Answer\",\"text\":\"Si, el metodo de pago pricipal para los chilenos en los casinos MGA es Webpay, que te permite depositar con tarjetas chilenas como la cuenta RUT o Redcompra por ejemplo.\",\"inLanguage\":\"es-CL\"},\"inLanguage\":\"es-CL\"}]}<\/script>\n<!-- \/ Yoast SEO plugin. -->","yoast_head_json":{"title":"Casinos online con licencia MGA en Chile (2024)","description":"Descubre los mejores sitios de casino online y apuestas deportivas con licencia de la MGA. Bonos, metodos de pago y mucho mas!","robots":{"index":"index","follow":"follow","max-snippet":"max-snippet:-1","max-image-preview":"max-image-preview:large","max-video-preview":"max-video-preview:-1"},"canonical":"https:\/\/casino-mga.com\/cl\/","og_locale":"es_ES","og_type":"article","og_title":"Casinos online con licencia MGA en Chile (2024)","og_description":"Descubre los mejores sitios de casino online y apuestas deportivas con licencia de la MGA. Bonos, metodos de pago y mucho mas!","og_url":"https:\/\/casino-mga.com\/cl\/","og_site_name":"MGA Casino","article_modified_time":"2024-03-12T13:48:17+00:00","og_image":[{"url":"https:\/\/casino-mga.com\/wp-content\/uploads\/2024\/03\/MGA-Casino-6.jpg","type":"","width":"","height":""}],"twitter_card":"summary_large_image","twitter_misc":{"Tiempo estimado de lectura":"7 minutos"},"schema":{"@context":"https:\/\/schema.org","@graph":[{"@type":["WebPage","FAQPage"],"@id":"https:\/\/casino-mga.com\/cl\/","url":"https:\/\/casino-mga.com\/cl\/","name":"Casinos online con licencia MGA en Chile (2024)","isPartOf":{"@id":"https:\/\/casino-mga.com\/cl\/#website"},"primaryImageOfPage":{"@id":"https:\/\/casino-mga.com\/cl\/#primaryimage"},"image":{"@id":"https:\/\/casino-mga.com\/cl\/#primaryimage"},"thumbnailUrl":"https:\/\/casino-mga.com\/wp-content\/uploads\/2024\/03\/MGA-Casino-6.jpg","datePublished":"2022-06-24T07:29:47+00:00","dateModified":"2024-03-12T13:48:17+00:00","description":"Descubre los mejores sitios de casino online y apuestas deportivas con licencia de la MGA. Bonos, metodos de pago y mucho mas!","breadcrumb":{"@id":"https:\/\/casino-mga.com\/cl\/#breadcrumb"},"mainEntity":[{"@id":"https:\/\/casino-mga.com\/cl\/#faq-question-1710250859180"},{"@id":"https:\/\/casino-mga.com\/cl\/#faq-question-1710250933694"},{"@id":"https:\/\/casino-mga.com\/cl\/#faq-question-1710250997484"}],"inLanguage":"es-CL","potentialAction":[{"@type":"ReadAction","target":["https:\/\/casino-mga.com\/cl\/"]}]},{"@type":"ImageObject","inLanguage":"es-CL","@id":"https:\/\/casino-mga.com\/cl\/#primaryimage","url":"https:\/\/casino-mga.com\/wp-content\/uploads\/2024\/03\/MGA-Casino-6.jpg","contentUrl":"https:\/\/casino-mga.com\/wp-content\/uploads\/2024\/03\/MGA-Casino-6.jpg"},{"@type":"BreadcrumbList","@id":"https:\/\/casino-mga.com\/cl\/#breadcrumb","itemListElement":[{"@type":"ListItem","position":1,"name":"MGA Casinos","item":"https:\/\/casino-mga.com\/cl\/"},{"@type":"ListItem","position":2,"name":"MGA Casino en Chile"}]},{"@type":"WebSite","@id":"https:\/\/casino-mga.com\/cl\/#website","url":"https:\/\/casino-mga.com\/cl\/","name":"MGA Casino","description":"Alles \u00fcber MGA Casinos online","publisher":{"@id":"https:\/\/casino-mga.com\/cl\/#organization"},"potentialAction":[{"@type":"SearchAction","target":{"@type":"EntryPoint","urlTemplate":"https:\/\/casino-mga.com\/cl\/?s={search_term_string}"},"query-input":{"@type":"PropertyValueSpecification","valueRequired":true,"valueName":"search_term_string"}}],"inLanguage":"es-CL"},{"@type":"Organization","@id":"https:\/\/casino-mga.com\/cl\/#organization","name":"MGA Casino","url":"https:\/\/casino-mga.com\/cl\/","logo":{"@type":"ImageObject","inLanguage":"es-CL","@id":"https:\/\/casino-mga.com\/cl\/#\/schema\/logo\/image\/","url":"https:\/\/casino-mga.com\/wp-content\/uploads\/2022\/07\/cropped-mga-casino-logo.png","contentUrl":"https:\/\/casino-mga.com\/wp-content\/uploads\/2022\/07\/cropped-mga-casino-logo.png","width":578,"height":300,"caption":"MGA Casino"},"image":{"@id":"https:\/\/casino-mga.com\/cl\/#\/schema\/logo\/image\/"}},{"@type":"Question","@id":"https:\/\/casino-mga.com\/cl\/#faq-question-1710250859180","position":1,"url":"https:\/\/casino-mga.com\/cl\/#faq-question-1710250859180","name":"Que es un casino MGA?","answerCount":1,"acceptedAnswer":{"@type":"Answer","text":"Un casino online MGA es un casino online que tiene su licencia emitida del regulador de juegos de Malta, <strong><em>Malta Gaming Authority<\/em><\/strong>.","inLanguage":"es-CL"},"inLanguage":"es-CL"},{"@type":"Question","@id":"https:\/\/casino-mga.com\/cl\/#faq-question-1710250933694","position":2,"url":"https:\/\/casino-mga.com\/cl\/#faq-question-1710250933694","name":"Puedo jugar con pesos chilenos en un casino online MGA?","answerCount":1,"acceptedAnswer":{"@type":"Answer","text":"Si, la mayoria de los casinos con licencia de Malta que estan presentes en Chile te permiten jugar con la moneda nacional de Chile, el peso chileno (CLP).","inLanguage":"es-CL"},"inLanguage":"es-CL"},{"@type":"Question","@id":"https:\/\/casino-mga.com\/cl\/#faq-question-1710250997484","position":3,"url":"https:\/\/casino-mga.com\/cl\/#faq-question-1710250997484","name":"Es posible usar metodos de pagos chilenos en los casinos online con licencia maltesa?","answerCount":1,"acceptedAnswer":{"@type":"Answer","text":"Si, el metodo de pago pricipal para los chilenos en los casinos MGA es Webpay, que te permite depositar con tarjetas chilenas como la cuenta RUT o Redcompra por ejemplo.","inLanguage":"es-CL"},"inLanguage":"es-CL"}]}},"_links":{"self":[{"href":"https:\/\/casino-mga.com\/cl\/wp-json\/wp\/v2\/pages\/1227","targetHints":{"allow":["GET"]}}],"collection":[{"href":"https:\/\/casino-mga.com\/cl\/wp-json\/wp\/v2\/pages"}],"about":[{"href":"https:\/\/casino-mga.com\/cl\/wp-json\/wp\/v2\/types\/page"}],"author":[{"embeddable":true,"href":"https:\/\/casino-mga.com\/cl\/wp-json\/wp\/v2\/users\/2"}],"replies":[{"embeddable":true,"href":"https:\/\/casino-mga.com\/cl\/wp-json\/wp\/v2\/comments?post=1227"}],"version-history":[{"count":3,"href":"https:\/\/casino-mga.com\/cl\/wp-json\/wp\/v2\/pages\/1227\/revisions"}],"predecessor-version":[{"id":1241,"href":"https:\/\/casino-mga.com\/cl\/wp-json\/wp\/v2\/pages\/1227\/revisions\/1241"}],"wp:attachment":[{"href":"https:\/\/casino-mga.com\/cl\/wp-json\/wp\/v2\/media?parent=1227"}],"curies":[{"name":"wp","href":"https:\/\/api.w.org\/{rel}","templated":true}]}}