{"id":457,"date":"2022-07-07T12:17:16","date_gmt":"2022-07-07T12:17:16","guid":{"rendered":"http:\/\/casino-mga.com\/casino-erfahrungen\/"},"modified":"2023-01-31T14:00:40","modified_gmt":"2023-01-31T14:00:40","slug":"kasinoarvostelut","status":"publish","type":"page","link":"https:\/\/casino-mga.com\/fi\/kasinoarvostelut\/","title":{"rendered":"Kasinoarvostelut"},"content":{"rendered":"\n<h1 class=\"wp-block-heading\">Kasinoarvostelut<\/h1>\n\n\n\n<p>T\u00e4nne sivulle ker\u00e4\u00e4mme kaikki arviomme kirjoittamistamme Maltan kasinoista. Kasinopeleist\u00e4 kiinnostuneen pelaajan on ilman muuta t\u00e4rke\u00e4\u00e4 tiet\u00e4\u00e4, mit\u00e4 he etsiv\u00e4t kasinoita vertaillessaan. Vertailun j\u00e4lkeen voit valita itsellesi hyv\u00e4n, turvallisen ja laadukkaan kasinon kokeiltavaksi.<\/p>\n\n\n\n<h2 class=\"wp-block-heading\">Lisenssi t\u00e4rkein fokuksemme<\/h2>\n\n\n\n<p>Turvallisuus on meille aina t\u00e4rkein asia nettikasinoita arvioidessamme. Suurin ja selkein mittari sille on kasinon lisenssi.<\/p>\n\n\n\n<p>Lisenssin lis\u00e4ksi k\u00e4ymme l\u00e4pi pelivalikoimaa, asiakaspalvelua, rekister\u00f6itymistapoja, maksumenetelmi\u00e4 ja kasinobonuksia. My\u00f6s kaikki n\u00e4m\u00e4 asiat vaikuttavat kokonaisarvosanaamme merkitt\u00e4v\u00e4sti.<\/p>\n\n\n\n<p>Lopuksi annamme kokonaisuudelle arvosanan. T\u00e4ll\u00e4 tavoin lukijamme saavat selke\u00e4n kuvan siit\u00e4, mitk\u00e4 Malta kasinot oikeasti ovat parhaita.<\/p>\n\n\n<div class=\"card-review\">\n    <div class=\"image\">\n        <img decoding=\"async\" src=\"https:\/\/casino-mga.com\/wp-content\/uploads\/2023\/08\/casino-fest.png\" alt=\"Casino Fest\"\/>\n    <\/div>\n    <div class=\"title\">\n        Casino Fest\n    <\/div>\n    <div class=\"link\">\n        <a href=\"https:\/\/casino-mga.com\/fi\/kasinoarvostelut\/casino-fest\/\" class=\"button outline full-width\">Casino Fest<\/a>\n    <\/div>\n<\/div>\n<div class=\"card-review\">\n    <div class=\"image\">\n        <img decoding=\"async\" src=\"https:\/\/casino-mga.com\/wp-content\/uploads\/2023\/08\/casoo-logo.webp\" alt=\"Casoo\"\/>\n    <\/div>\n    <div class=\"title\">\n        Casoo\n    <\/div>\n    <div class=\"link\">\n        <a href=\"https:\/\/casino-mga.com\/fi\/kasinoarvostelut\/casoo\/\" class=\"button outline full-width\">Casoo<\/a>\n    <\/div>\n<\/div>\n<div class=\"card-review\">\n    <div class=\"image\">\n        <img decoding=\"async\" src=\"https:\/\/casino-mga.com\/wp-content\/uploads\/2023\/08\/cashalot.png\" alt=\"Cashalot\"\/>\n    <\/div>\n    <div class=\"title\">\n        Cashalot\n    <\/div>\n    <div class=\"link\">\n        <a href=\"https:\/\/casino-mga.com\/fi\/kasinoarvostelut\/cashalot\/\" class=\"button outline full-width\">Cashalot<\/a>\n    <\/div>\n<\/div>\n<div class=\"card-review\">\n    <div class=\"image\">\n        <img decoding=\"async\" src=\"https:\/\/casino-mga.com\/wp-content\/uploads\/2023\/08\/casinoseiger-logo.jpeg\" alt=\"Casinosieger\"\/>\n    <\/div>\n    <div class=\"title\">\n        Casinosieger\n    <\/div>\n    <div class=\"link\">\n        <a href=\"https:\/\/casino-mga.com\/fi\/kasinoarvostelut\/casinosieger\/\" class=\"button outline full-width\">Casinosieger<\/a>\n    <\/div>\n<\/div>\n<div class=\"card-review\">\n    <div class=\"image\">\n        <img decoding=\"async\" src=\"https:\/\/casino-mga.com\/wp-content\/uploads\/2023\/08\/coolcasinologo.png\" alt=\"Cool casino\"\/>\n    <\/div>\n    <div class=\"title\">\n        Cool casino\n    <\/div>\n    <div class=\"link\">\n        <a href=\"https:\/\/casino-mga.com\/fi\/kasinoarvostelut\/cool-casino\/\" class=\"button outline full-width\">Cool casino<\/a>\n    <\/div>\n<\/div>\n<div class=\"card-review\">\n    <div class=\"image\">\n        <img decoding=\"async\" src=\"https:\/\/casino-mga.com\/wp-content\/uploads\/2023\/08\/5gringos.webp\" alt=\"5gringos\"\/>\n    <\/div>\n    <div class=\"title\">\n        5gringos\n    <\/div>\n    <div class=\"link\">\n        <a href=\"https:\/\/casino-mga.com\/fi\/kasinoarvostelut\/5gringos\/\" class=\"button outline full-width\">5gringos<\/a>\n    <\/div>\n<\/div>\n<div class=\"card-review\">\n    <div class=\"image\">\n        <img decoding=\"async\" src=\"https:\/\/casino-mga.com\/wp-content\/uploads\/2023\/08\/refuelcasino.png\" alt=\"Refuel Casino\"\/>\n    <\/div>\n    <div class=\"title\">\n        Refuel Casino\n    <\/div>\n    <div class=\"link\">\n        <a href=\"https:\/\/casino-mga.com\/fi\/kasinoarvostelut\/refuel-casino\/\" class=\"button outline full-width\">Refuel Casino<\/a>\n    <\/div>\n<\/div>\n<div class=\"card-review\">\n    <div class=\"image\">\n        <img decoding=\"async\" src=\"https:\/\/casino-mga.com\/wp-content\/uploads\/2023\/08\/goslots.png\" alt=\"Go slot\"\/>\n    <\/div>\n    <div class=\"title\">\n        Go slot\n    <\/div>\n    <div class=\"link\">\n        <a href=\"https:\/\/casino-mga.com\/fi\/kasinoarvostelut\/go-slot\/\" class=\"button outline full-width\">Go slot<\/a>\n    <\/div>\n<\/div>\n<div class=\"card-review\">\n    <div class=\"image\">\n        <img decoding=\"async\" src=\"https:\/\/casino-mga.com\/wp-content\/uploads\/2023\/04\/sisu-kasino-logo.png\" alt=\"Sisukasino\"\/>\n    <\/div>\n    <div class=\"title\">\n        Sisukasino\n    <\/div>\n    <div class=\"link\">\n        <a href=\"https:\/\/casino-mga.com\/fi\/kasinoarvostelut\/sisukasino\/\" class=\"button outline full-width\">Sisukasino<\/a>\n    <\/div>\n<\/div>\n<div class=\"card-review\">\n    <div class=\"image\">\n        <img decoding=\"async\" src=\"https:\/\/casino-mga.com\/wp-content\/uploads\/2023\/04\/neonvegascasino.png\" alt=\"Neonvegas\"\/>\n    <\/div>\n    <div class=\"title\">\n        Neonvegas\n    <\/div>\n    <div class=\"link\">\n        <a href=\"https:\/\/casino-mga.com\/fi\/kasinoarvostelut\/neonvegas\/\" class=\"button outline full-width\">Neonvegas<\/a>\n    <\/div>\n<\/div>\n<div class=\"card-review\">\n    <div class=\"image\">\n        <img decoding=\"async\" src=\"https:\/\/casino-mga.com\/wp-content\/uploads\/2023\/04\/otto-kasino-logo.webp\" alt=\"Otto casino\"\/>\n    <\/div>\n    <div class=\"title\">\n        Otto casino\n    <\/div>\n    <div class=\"link\">\n        <a href=\"https:\/\/casino-mga.com\/fi\/kasinoarvostelut\/otto-casino\/\" class=\"button outline full-width\">Otto casino<\/a>\n    <\/div>\n<\/div>\n<div class=\"card-review\">\n    <div class=\"image\">\n        <img decoding=\"async\" src=\"https:\/\/casino-mga.com\/wp-content\/uploads\/2022\/07\/touch-casino-logo-en.png\" alt=\"Touch Casino\"\/>\n    <\/div>\n    <div class=\"title\">\n        Touch Casino\n    <\/div>\n    <div class=\"link\">\n        <a href=\"https:\/\/casino-mga.com\/fi\/kasinoarvostelut\/touch-casino\/\" class=\"button outline full-width\">Touch Casino<\/a>\n    <\/div>\n<\/div>\n\n","protected":false},"excerpt":{"rendered":"<p>Kasinoarvostelut T\u00e4nne sivulle ker\u00e4\u00e4mme kaikki arviomme kirjoittamistamme Maltan kasinoista. Kasinopeleist\u00e4 kiinnostuneen pelaajan on ilman muuta t\u00e4rke\u00e4\u00e4 tiet\u00e4\u00e4, mit\u00e4 he etsiv\u00e4t&#8230;<\/p>\n","protected":false},"author":5,"featured_media":0,"parent":0,"menu_order":0,"comment_status":"closed","ping_status":"closed","template":"","meta":{"_acf_changed":false,"footnotes":""},"class_list":["post-457","page","type-page","status-publish","hentry"],"acf":[],"yoast_head":"<!-- This site is optimized with the Yoast SEO plugin v27.0 - https:\/\/yoast.com\/product\/yoast-seo-wordpress\/ -->\n<title>Kasinoarvostelut - MGA Casino<\/title>\n<meta name=\"robots\" content=\"index, follow, max-snippet:-1, max-image-preview:large, max-video-preview:-1\" \/>\n<link rel=\"canonical\" href=\"https:\/\/casino-mga.com\/fi\/kasinoarvostelut\/\" \/>\n<meta property=\"og:locale\" content=\"fi_FI\" \/>\n<meta property=\"og:type\" content=\"article\" \/>\n<meta property=\"og:title\" content=\"Kasinoarvostelut - MGA Casino\" \/>\n<meta property=\"og:description\" content=\"Kasinoarvostelut T\u00e4nne sivulle ker\u00e4\u00e4mme kaikki arviomme kirjoittamistamme Maltan kasinoista. Kasinopeleist\u00e4 kiinnostuneen pelaajan on ilman muuta t\u00e4rke\u00e4\u00e4 tiet\u00e4\u00e4, mit\u00e4 he etsiv\u00e4t...\" \/>\n<meta property=\"og:url\" content=\"https:\/\/casino-mga.com\/fi\/kasinoarvostelut\/\" \/>\n<meta property=\"og:site_name\" content=\"MGA Casino\" \/>\n<meta property=\"article:modified_time\" content=\"2023-01-31T14:00:40+00:00\" \/>\n<meta name=\"twitter:card\" content=\"summary_large_image\" \/>\n<meta name=\"twitter:label1\" content=\"Arvioitu lukuaika\" \/>\n\t<meta name=\"twitter:data1\" content=\"1 minuutti\" \/>\n<script type=\"application\/ld+json\" class=\"yoast-schema-graph\">{\"@context\":\"https:\/\/schema.org\",\"@graph\":[{\"@type\":\"WebPage\",\"@id\":\"https:\/\/casino-mga.com\/fi\/kasinoarvostelut\/\",\"url\":\"https:\/\/casino-mga.com\/fi\/kasinoarvostelut\/\",\"name\":\"Kasinoarvostelut - MGA Casino\",\"isPartOf\":{\"@id\":\"https:\/\/casino-mga.com\/fi\/#website\"},\"datePublished\":\"2022-07-07T12:17:16+00:00\",\"dateModified\":\"2023-01-31T14:00:40+00:00\",\"breadcrumb\":{\"@id\":\"https:\/\/casino-mga.com\/fi\/kasinoarvostelut\/#breadcrumb\"},\"inLanguage\":\"fi\",\"potentialAction\":[{\"@type\":\"ReadAction\",\"target\":[\"https:\/\/casino-mga.com\/fi\/kasinoarvostelut\/\"]}]},{\"@type\":\"BreadcrumbList\",\"@id\":\"https:\/\/casino-mga.com\/fi\/kasinoarvostelut\/#breadcrumb\",\"itemListElement\":[{\"@type\":\"ListItem\",\"position\":1,\"name\":\"MGA Kasinot\",\"item\":\"https:\/\/casino-mga.com\/fi\/\"},{\"@type\":\"ListItem\",\"position\":2,\"name\":\"Kasinoarvostelut\"}]},{\"@type\":\"WebSite\",\"@id\":\"https:\/\/casino-mga.com\/fi\/#website\",\"url\":\"https:\/\/casino-mga.com\/fi\/\",\"name\":\"MGA Casino\",\"description\":\"Alles \u00fcber MGA Casinos online\",\"publisher\":{\"@id\":\"https:\/\/casino-mga.com\/fi\/#organization\"},\"potentialAction\":[{\"@type\":\"SearchAction\",\"target\":{\"@type\":\"EntryPoint\",\"urlTemplate\":\"https:\/\/casino-mga.com\/fi\/?s={search_term_string}\"},\"query-input\":{\"@type\":\"PropertyValueSpecification\",\"valueRequired\":true,\"valueName\":\"search_term_string\"}}],\"inLanguage\":\"fi\"},{\"@type\":\"Organization\",\"@id\":\"https:\/\/casino-mga.com\/fi\/#organization\",\"name\":\"MGA Casino\",\"url\":\"https:\/\/casino-mga.com\/fi\/\",\"logo\":{\"@type\":\"ImageObject\",\"inLanguage\":\"fi\",\"@id\":\"https:\/\/casino-mga.com\/fi\/#\/schema\/logo\/image\/\",\"url\":\"https:\/\/casino-mga.com\/wp-content\/uploads\/2022\/07\/cropped-mga-casino-logo.png\",\"contentUrl\":\"https:\/\/casino-mga.com\/wp-content\/uploads\/2022\/07\/cropped-mga-casino-logo.png\",\"width\":578,\"height\":300,\"caption\":\"MGA Casino\"},\"image\":{\"@id\":\"https:\/\/casino-mga.com\/fi\/#\/schema\/logo\/image\/\"}}]}<\/script>\n<!-- \/ Yoast SEO plugin. -->","yoast_head_json":{"title":"Kasinoarvostelut - MGA Casino","robots":{"index":"index","follow":"follow","max-snippet":"max-snippet:-1","max-image-preview":"max-image-preview:large","max-video-preview":"max-video-preview:-1"},"canonical":"https:\/\/casino-mga.com\/fi\/kasinoarvostelut\/","og_locale":"fi_FI","og_type":"article","og_title":"Kasinoarvostelut - MGA Casino","og_description":"Kasinoarvostelut T\u00e4nne sivulle ker\u00e4\u00e4mme kaikki arviomme kirjoittamistamme Maltan kasinoista. Kasinopeleist\u00e4 kiinnostuneen pelaajan on ilman muuta t\u00e4rke\u00e4\u00e4 tiet\u00e4\u00e4, mit\u00e4 he etsiv\u00e4t...","og_url":"https:\/\/casino-mga.com\/fi\/kasinoarvostelut\/","og_site_name":"MGA Casino","article_modified_time":"2023-01-31T14:00:40+00:00","twitter_card":"summary_large_image","twitter_misc":{"Arvioitu lukuaika":"1 minuutti"},"schema":{"@context":"https:\/\/schema.org","@graph":[{"@type":"WebPage","@id":"https:\/\/casino-mga.com\/fi\/kasinoarvostelut\/","url":"https:\/\/casino-mga.com\/fi\/kasinoarvostelut\/","name":"Kasinoarvostelut - MGA Casino","isPartOf":{"@id":"https:\/\/casino-mga.com\/fi\/#website"},"datePublished":"2022-07-07T12:17:16+00:00","dateModified":"2023-01-31T14:00:40+00:00","breadcrumb":{"@id":"https:\/\/casino-mga.com\/fi\/kasinoarvostelut\/#breadcrumb"},"inLanguage":"fi","potentialAction":[{"@type":"ReadAction","target":["https:\/\/casino-mga.com\/fi\/kasinoarvostelut\/"]}]},{"@type":"BreadcrumbList","@id":"https:\/\/casino-mga.com\/fi\/kasinoarvostelut\/#breadcrumb","itemListElement":[{"@type":"ListItem","position":1,"name":"MGA Kasinot","item":"https:\/\/casino-mga.com\/fi\/"},{"@type":"ListItem","position":2,"name":"Kasinoarvostelut"}]},{"@type":"WebSite","@id":"https:\/\/casino-mga.com\/fi\/#website","url":"https:\/\/casino-mga.com\/fi\/","name":"MGA Casino","description":"Alles \u00fcber MGA Casinos online","publisher":{"@id":"https:\/\/casino-mga.com\/fi\/#organization"},"potentialAction":[{"@type":"SearchAction","target":{"@type":"EntryPoint","urlTemplate":"https:\/\/casino-mga.com\/fi\/?s={search_term_string}"},"query-input":{"@type":"PropertyValueSpecification","valueRequired":true,"valueName":"search_term_string"}}],"inLanguage":"fi"},{"@type":"Organization","@id":"https:\/\/casino-mga.com\/fi\/#organization","name":"MGA Casino","url":"https:\/\/casino-mga.com\/fi\/","logo":{"@type":"ImageObject","inLanguage":"fi","@id":"https:\/\/casino-mga.com\/fi\/#\/schema\/logo\/image\/","url":"https:\/\/casino-mga.com\/wp-content\/uploads\/2022\/07\/cropped-mga-casino-logo.png","contentUrl":"https:\/\/casino-mga.com\/wp-content\/uploads\/2022\/07\/cropped-mga-casino-logo.png","width":578,"height":300,"caption":"MGA Casino"},"image":{"@id":"https:\/\/casino-mga.com\/fi\/#\/schema\/logo\/image\/"}}]}},"_links":{"self":[{"href":"https:\/\/casino-mga.com\/fi\/wp-json\/wp\/v2\/pages\/457","targetHints":{"allow":["GET"]}}],"collection":[{"href":"https:\/\/casino-mga.com\/fi\/wp-json\/wp\/v2\/pages"}],"about":[{"href":"https:\/\/casino-mga.com\/fi\/wp-json\/wp\/v2\/types\/page"}],"author":[{"embeddable":true,"href":"https:\/\/casino-mga.com\/fi\/wp-json\/wp\/v2\/users\/5"}],"replies":[{"embeddable":true,"href":"https:\/\/casino-mga.com\/fi\/wp-json\/wp\/v2\/comments?post=457"}],"version-history":[{"count":2,"href":"https:\/\/casino-mga.com\/fi\/wp-json\/wp\/v2\/pages\/457\/revisions"}],"predecessor-version":[{"id":460,"href":"https:\/\/casino-mga.com\/fi\/wp-json\/wp\/v2\/pages\/457\/revisions\/460"}],"wp:attachment":[{"href":"https:\/\/casino-mga.com\/fi\/wp-json\/wp\/v2\/media?parent=457"}],"curies":[{"name":"wp","href":"https:\/\/api.w.org\/{rel}","templated":true}]}}