{"id":461,"date":"2022-07-29T12:09:44","date_gmt":"2022-07-29T12:09:44","guid":{"rendered":"http:\/\/casino-mga.com\/ueber-uns\/"},"modified":"2023-01-31T14:02:08","modified_gmt":"2023-01-31T14:02:08","slug":"tietoa-meista","status":"publish","type":"page","link":"https:\/\/casino-mga.com\/fi\/tietoa-meista\/","title":{"rendered":"Tietoa meist\u00e4"},"content":{"rendered":"\n<h1 class=\"wp-block-heading\">Tietoa meist\u00e4<\/h1>\n\n\n\n<p>Meid\u00e4n tavoitteemme t\u00e4ll\u00e4 sivustolla on esitell\u00e4 erilaisia Maltan kasinoita ja niiden hyvi\u00e4 ja huonoja puolia. Toiveenamme on tavoittaa mahdollisimman paljon pelaamisesta kiinnostuneita suomalaisia voidaksemme jakaa ammattimaista tietoamme eteenp\u00e4in.<\/p>\n\n\n\n<p>Tied\u00e4mme hyvin, ett\u00e4 nettikasinoiden maailma voi olla j\u00e4nnitt\u00e4v\u00e4 ja v\u00e4h\u00e4n pelottavakin uusille asiakkaille. Pyrimme n\u00e4in ollen toimillamme v\u00e4hent\u00e4m\u00e4\u00e4n t\u00e4t\u00e4 j\u00e4nnityst\u00e4 ja varmistamaan, ett\u00e4 p\u00e4\u00e4set tekem\u00e4\u00e4n varmalta tuntuvia p\u00e4\u00e4t\u00f6ksi\u00e4 ja harkittuja p\u00e4\u00e4t\u00f6ksi\u00e4.<\/p>\n\n\n\n<h2 class=\"wp-block-heading\">Keit\u00e4 me olemme<\/h2>\n\n\n\n<p>Tiimimme koostuu pienest\u00e4 joukosta kasinofaneja, jotka eiv\u00e4t ainoastaan ty\u00f6skentele kasinoiden ja vertailun ja arvostelun parissa&#8230; Viel\u00e4 mit\u00e4! Me nimitt\u00e4in pelaamme my\u00f6s itsekin, ja olemme vain halunneet tehd\u00e4 huippuharrastuksesta ty\u00f6mme! Koemme my\u00f6s olevamme oikeilla j\u00e4ljill\u00e4, sill\u00e4 laajan kollektiivisen kokemuksemme mukaan kasinopelaamiseen ei koskaan kyll\u00e4sty.<\/p>\n\n\n\n<p>Meill\u00e4 on kokemusta nettikasinoista jo arviolta noin 15 vuoden ajalta. Kasinopelien lis\u00e4ksi my\u00f6s esimerkiksi vedonly\u00f6nti uppoaa meihin kuin veitsi voihin.<\/p>\n\n\n\n<h2 class=\"wp-block-heading\">Kohdeyleis\u00f6mme<\/h2>\n\n\n\n<p>Sivumme on suunnattu nettikasinoista kiinnostuneille suomalaisille pelaajille, jotka haluavat saada pelaamisestaan irti mahdollisimman paljon. Takaamme, ett\u00e4 kerromme sinulle aina kaunistelemattoman totuuden kaikista turvallisuuteen liittyvist\u00e4 asioista. Emme ikin\u00e4 suosittele sinulle pelipaikkoja, joilla emme itse pelaisi ja jotka eiv\u00e4t yll\u00e4 korkeisiin laatustandardeihimme.<\/p>\n\n\n\n<h2 class=\"wp-block-heading\">Pid\u00e4 hauskaa!<\/h2>\n\n\n\n<p>Lopuksi haluamme muistuttaa, ett\u00e4 rahapelaamisen kuuluu aina olla ilon puolella. Pelaathan siis aina maltilla ja ainoastaan rahalla, joka sinun on varaa h\u00e4vit\u00e4.<\/p>\n\n\n\n<p>Toivottavasti viihdyt sivustomme ja suosittelemiemme kasinoiden parissa!<\/p>\n","protected":false},"excerpt":{"rendered":"<p>Tietoa meist\u00e4 Meid\u00e4n tavoitteemme t\u00e4ll\u00e4 sivustolla on esitell\u00e4 erilaisia Maltan kasinoita ja niiden hyvi\u00e4 ja huonoja puolia. Toiveenamme on tavoittaa&#8230;<\/p>\n","protected":false},"author":5,"featured_media":0,"parent":0,"menu_order":0,"comment_status":"closed","ping_status":"closed","template":"","meta":{"_acf_changed":false,"footnotes":""},"class_list":["post-461","page","type-page","status-publish","hentry"],"acf":[],"yoast_head":"<!-- This site is optimized with the Yoast SEO plugin v27.0 - https:\/\/yoast.com\/product\/yoast-seo-wordpress\/ -->\n<title>Tietoa meist\u00e4 \u2014 Casino-Mga.com<\/title>\n<meta name=\"robots\" content=\"index, follow, max-snippet:-1, max-image-preview:large, max-video-preview:-1\" \/>\n<link rel=\"canonical\" href=\"https:\/\/casino-mga.com\/fi\/tietoa-meista\/\" \/>\n<meta property=\"og:locale\" content=\"fi_FI\" \/>\n<meta property=\"og:type\" content=\"article\" \/>\n<meta property=\"og:title\" content=\"Tietoa meist\u00e4 \u2014 Casino-Mga.com\" \/>\n<meta property=\"og:description\" content=\"Tietoa meist\u00e4 Meid\u00e4n tavoitteemme t\u00e4ll\u00e4 sivustolla on esitell\u00e4 erilaisia Maltan kasinoita ja niiden hyvi\u00e4 ja huonoja puolia. Toiveenamme on tavoittaa...\" \/>\n<meta property=\"og:url\" content=\"https:\/\/casino-mga.com\/fi\/tietoa-meista\/\" \/>\n<meta property=\"og:site_name\" content=\"MGA Casino\" \/>\n<meta property=\"article:modified_time\" content=\"2023-01-31T14:02:08+00:00\" \/>\n<meta name=\"twitter:card\" content=\"summary_large_image\" \/>\n<meta name=\"twitter:label1\" content=\"Arvioitu lukuaika\" \/>\n\t<meta name=\"twitter:data1\" content=\"1 minuutti\" \/>\n<script type=\"application\/ld+json\" class=\"yoast-schema-graph\">{\"@context\":\"https:\/\/schema.org\",\"@graph\":[{\"@type\":\"WebPage\",\"@id\":\"https:\/\/casino-mga.com\/fi\/tietoa-meista\/\",\"url\":\"https:\/\/casino-mga.com\/fi\/tietoa-meista\/\",\"name\":\"Tietoa meist\u00e4 \u2014 Casino-Mga.com\",\"isPartOf\":{\"@id\":\"https:\/\/casino-mga.com\/fi\/#website\"},\"datePublished\":\"2022-07-29T12:09:44+00:00\",\"dateModified\":\"2023-01-31T14:02:08+00:00\",\"breadcrumb\":{\"@id\":\"https:\/\/casino-mga.com\/fi\/tietoa-meista\/#breadcrumb\"},\"inLanguage\":\"fi\",\"potentialAction\":[{\"@type\":\"ReadAction\",\"target\":[\"https:\/\/casino-mga.com\/fi\/tietoa-meista\/\"]}]},{\"@type\":\"BreadcrumbList\",\"@id\":\"https:\/\/casino-mga.com\/fi\/tietoa-meista\/#breadcrumb\",\"itemListElement\":[{\"@type\":\"ListItem\",\"position\":1,\"name\":\"MGA Kasinot\",\"item\":\"https:\/\/casino-mga.com\/fi\/\"},{\"@type\":\"ListItem\",\"position\":2,\"name\":\"Tietoa meist\u00e4\"}]},{\"@type\":\"WebSite\",\"@id\":\"https:\/\/casino-mga.com\/fi\/#website\",\"url\":\"https:\/\/casino-mga.com\/fi\/\",\"name\":\"MGA Casino\",\"description\":\"Alles \u00fcber MGA Casinos online\",\"publisher\":{\"@id\":\"https:\/\/casino-mga.com\/fi\/#organization\"},\"potentialAction\":[{\"@type\":\"SearchAction\",\"target\":{\"@type\":\"EntryPoint\",\"urlTemplate\":\"https:\/\/casino-mga.com\/fi\/?s={search_term_string}\"},\"query-input\":{\"@type\":\"PropertyValueSpecification\",\"valueRequired\":true,\"valueName\":\"search_term_string\"}}],\"inLanguage\":\"fi\"},{\"@type\":\"Organization\",\"@id\":\"https:\/\/casino-mga.com\/fi\/#organization\",\"name\":\"MGA Casino\",\"url\":\"https:\/\/casino-mga.com\/fi\/\",\"logo\":{\"@type\":\"ImageObject\",\"inLanguage\":\"fi\",\"@id\":\"https:\/\/casino-mga.com\/fi\/#\/schema\/logo\/image\/\",\"url\":\"https:\/\/casino-mga.com\/wp-content\/uploads\/2022\/07\/cropped-mga-casino-logo.png\",\"contentUrl\":\"https:\/\/casino-mga.com\/wp-content\/uploads\/2022\/07\/cropped-mga-casino-logo.png\",\"width\":578,\"height\":300,\"caption\":\"MGA Casino\"},\"image\":{\"@id\":\"https:\/\/casino-mga.com\/fi\/#\/schema\/logo\/image\/\"}}]}<\/script>\n<!-- \/ Yoast SEO plugin. -->","yoast_head_json":{"title":"Tietoa meist\u00e4 \u2014 Casino-Mga.com","robots":{"index":"index","follow":"follow","max-snippet":"max-snippet:-1","max-image-preview":"max-image-preview:large","max-video-preview":"max-video-preview:-1"},"canonical":"https:\/\/casino-mga.com\/fi\/tietoa-meista\/","og_locale":"fi_FI","og_type":"article","og_title":"Tietoa meist\u00e4 \u2014 Casino-Mga.com","og_description":"Tietoa meist\u00e4 Meid\u00e4n tavoitteemme t\u00e4ll\u00e4 sivustolla on esitell\u00e4 erilaisia Maltan kasinoita ja niiden hyvi\u00e4 ja huonoja puolia. Toiveenamme on tavoittaa...","og_url":"https:\/\/casino-mga.com\/fi\/tietoa-meista\/","og_site_name":"MGA Casino","article_modified_time":"2023-01-31T14:02:08+00:00","twitter_card":"summary_large_image","twitter_misc":{"Arvioitu lukuaika":"1 minuutti"},"schema":{"@context":"https:\/\/schema.org","@graph":[{"@type":"WebPage","@id":"https:\/\/casino-mga.com\/fi\/tietoa-meista\/","url":"https:\/\/casino-mga.com\/fi\/tietoa-meista\/","name":"Tietoa meist\u00e4 \u2014 Casino-Mga.com","isPartOf":{"@id":"https:\/\/casino-mga.com\/fi\/#website"},"datePublished":"2022-07-29T12:09:44+00:00","dateModified":"2023-01-31T14:02:08+00:00","breadcrumb":{"@id":"https:\/\/casino-mga.com\/fi\/tietoa-meista\/#breadcrumb"},"inLanguage":"fi","potentialAction":[{"@type":"ReadAction","target":["https:\/\/casino-mga.com\/fi\/tietoa-meista\/"]}]},{"@type":"BreadcrumbList","@id":"https:\/\/casino-mga.com\/fi\/tietoa-meista\/#breadcrumb","itemListElement":[{"@type":"ListItem","position":1,"name":"MGA Kasinot","item":"https:\/\/casino-mga.com\/fi\/"},{"@type":"ListItem","position":2,"name":"Tietoa meist\u00e4"}]},{"@type":"WebSite","@id":"https:\/\/casino-mga.com\/fi\/#website","url":"https:\/\/casino-mga.com\/fi\/","name":"MGA Casino","description":"Alles \u00fcber MGA Casinos online","publisher":{"@id":"https:\/\/casino-mga.com\/fi\/#organization"},"potentialAction":[{"@type":"SearchAction","target":{"@type":"EntryPoint","urlTemplate":"https:\/\/casino-mga.com\/fi\/?s={search_term_string}"},"query-input":{"@type":"PropertyValueSpecification","valueRequired":true,"valueName":"search_term_string"}}],"inLanguage":"fi"},{"@type":"Organization","@id":"https:\/\/casino-mga.com\/fi\/#organization","name":"MGA Casino","url":"https:\/\/casino-mga.com\/fi\/","logo":{"@type":"ImageObject","inLanguage":"fi","@id":"https:\/\/casino-mga.com\/fi\/#\/schema\/logo\/image\/","url":"https:\/\/casino-mga.com\/wp-content\/uploads\/2022\/07\/cropped-mga-casino-logo.png","contentUrl":"https:\/\/casino-mga.com\/wp-content\/uploads\/2022\/07\/cropped-mga-casino-logo.png","width":578,"height":300,"caption":"MGA Casino"},"image":{"@id":"https:\/\/casino-mga.com\/fi\/#\/schema\/logo\/image\/"}}]}},"_links":{"self":[{"href":"https:\/\/casino-mga.com\/fi\/wp-json\/wp\/v2\/pages\/461","targetHints":{"allow":["GET"]}}],"collection":[{"href":"https:\/\/casino-mga.com\/fi\/wp-json\/wp\/v2\/pages"}],"about":[{"href":"https:\/\/casino-mga.com\/fi\/wp-json\/wp\/v2\/types\/page"}],"author":[{"embeddable":true,"href":"https:\/\/casino-mga.com\/fi\/wp-json\/wp\/v2\/users\/5"}],"replies":[{"embeddable":true,"href":"https:\/\/casino-mga.com\/fi\/wp-json\/wp\/v2\/comments?post=461"}],"version-history":[{"count":2,"href":"https:\/\/casino-mga.com\/fi\/wp-json\/wp\/v2\/pages\/461\/revisions"}],"predecessor-version":[{"id":468,"href":"https:\/\/casino-mga.com\/fi\/wp-json\/wp\/v2\/pages\/461\/revisions\/468"}],"wp:attachment":[{"href":"https:\/\/casino-mga.com\/fi\/wp-json\/wp\/v2\/media?parent=461"}],"curies":[{"name":"wp","href":"https:\/\/api.w.org\/{rel}","templated":true}]}}