{"id":470,"date":"2022-07-04T13:56:37","date_gmt":"2022-07-04T13:56:37","guid":{"rendered":"http:\/\/casino-mga.com\/deutsches-gluecksspielgesetz\/"},"modified":"2023-01-31T14:00:58","modified_gmt":"2023-01-31T14:00:58","slug":"suomalainen-pelilainsaadanto","status":"publish","type":"page","link":"https:\/\/casino-mga.com\/fi\/suomalainen-pelilainsaadanto\/","title":{"rendered":"Suomalainen pelilains\u00e4\u00e4d\u00e4nt\u00f6"},"content":{"rendered":"\n<h1 class=\"wp-block-heading\">Suomalainen pelilains\u00e4\u00e4d\u00e4nt\u00f6<\/h1>\n\n\n\n<p>Suomalainen arpajaislaki m\u00e4\u00e4ritt\u00e4\u00e4 reunaehdot sille, miten Suomessa uhkapelaamiseen juridisesti suhtaudutaan. Aivan viime vuosina tilanteeseen on povattu jonkin verran muutoksia. N\u00e4it\u00e4 muutoksia, niiden taustoja ja vallitsevaa nykytilannetta sek\u00e4 mahdollista tulevaisuutta k\u00e4sittelemme t\u00e4ss\u00e4 kattavassa artikkelissa.<\/p>\n\n\n\n<h2 class=\"wp-block-heading\">Suomessa toistaiseksi k\u00e4yt\u00f6ss\u00e4 yksinoikeusj\u00e4rjestelm\u00e4<\/h2>\n\n\n\n<p>Suomalainen pelikulttuuri on jo vuosikausia ollut yksi koko maailman rikkaimpia. T\u00e4m\u00e4 siis siit\u00e4kin huolimatta, ett\u00e4 meill\u00e4 valtiolla on ollut yksinoikeus k\u00e4yt\u00e4nn\u00f6ss\u00e4 kaikkeen uhkapelaamiseen aina vuodesta 1938&#8230; Tai ehk\u00e4 juurikin siit\u00e4 syyst\u00e4.<\/p>\n\n\n\n<p>Alkuper\u00e4inen Veikkauksen edelt\u00e4j\u00e4 eli Raha-automaattiyhdistys RAY sai alkunsa vuonna 1938 huhtikuun ensimm\u00e4isen\u00e4 p\u00e4iv\u00e4n\u00e4. Kyseess\u00e4 oli julkisoikeudellinen yhdistys, jonka tarkoituksena oli ker\u00e4t\u00e4 rahaa kotimaisille sosiaali- ja terveysj\u00e4rjest\u00f6ille. Monopoli perustettiin alun perin kattamaan Manner-Suomen alue, joten my\u00f6hemmin vuonna 1966 perustettu Paf sai itselleen haltuun laivareitit sek\u00e4 kotipaikkansa Ahvenanmaan.<\/p>\n\n\n\n<p>RAY:n ja sen korvanneen Veikkauksen monopoli on siis ollut Manner-Suomessa voimassa jo l\u00e4hes 85 vuotta. Vasta aivan viime aikoina nettikasinoiden esiinnousun my\u00f6t\u00e4 tilanne on alkanut rakoilemaan ja rahaa on alkanut valua ulkomaille muun muassa maltalaisille kasinoille.<\/p>\n\n\n\n<p>Ulkomaan markkinoille pelaajia ovat aikojen saatossa vet\u00e4neet useat asiat. Alla lyhyt lista niist\u00e4:<\/p>\n\n\n\n<ul class=\"wp-block-list\">\n<li>Kotimaan vastaavia paremmat palautusprosentit eli todenn\u00e4k\u00f6isemm\u00e4t voitot<\/li>\n\n\n\n<li>Useiden tuhansien pelien valikoimat<\/li>\n\n\n\n<li>Voittamista helpottavat talletusbonukset ja ilmaiskierrokset<\/li>\n\n\n\n<li>Miljoonavoittoja tarjoavat jackpot-pelit<\/li>\n\n\n\n<li>Livestriimausteknologialla toimivat livekasinopelit<\/li>\n<\/ul>\n\n\n\n<h2 class=\"wp-block-heading\">Maltan kasinoiden laillisuus<\/h2>\n\n\n\n<p>Maltan kasinoiden toiminta Suomen markkinoilla on n\u00e4ihin p\u00e4iviin saakka ollut t\u00e4ysin luvallista ja laillista. Ainoa asia, joka kasinoilta on selv\u00e4sti kielletty, on palveluiden tuominen Suomen maan kamaralle ja tiukempien tulkintojen mukaan my\u00f6s mainostaminen Suomeen. Netin kautta tapahtuvaa mainontaa on kuitenkin ollut paikoitellen vaikea valvoa, sill\u00e4 se on voinut tapahtua esimerkiksi sosiaalisten median julkaisujen sek\u00e4 muiden vastaavien kanavien kautta.<\/p>\n\n\n\n<p>Maltan kasinoiden laillisuus perustuu pitk\u00e4lti EU:n s\u00e4\u00e4nn\u00f6ksiin. Euroopan unionin sis\u00e4ll\u00e4 vallitsee vapaa liikkuvuus ja vapaat markkinat. Yksik\u00e4\u00e4n valtio ei siis voi mielivaltaisesti p\u00e4\u00e4tt\u00e4\u00e4, ett\u00e4 naapurimaiden yritykset eiv\u00e4t saa tarjota palveluitaan oman maan sis\u00e4lle. Suomalaisen rahapelimonopolin oikeutus onkin jouduttu alun perinkin hakemaan sill\u00e4 verukkeella, ett\u00e4 monopolilla pyrit\u00e4\u00e4n pit\u00e4m\u00e4\u00e4n rahapelihaittoja kurissa. T\u00e4m\u00e4 on jo kauan ollut Veikkauksen monopolin ainoa aito oikeutus.<br>Lue lis\u00e4\u00e4 jokaisesta <a href=\"https:\/\/casino-mga.com\/fi\/\">MGA kasinosta<\/a> t\u00e4\u00e4lt\u00e4.<\/p>\n\n\n\n<h2 class=\"wp-block-heading\">Uuden rahapelilain taustat<\/h2>\n\n\n\n<p>Vanhaa rahapelilakia p\u00e4\u00e4tettiin uudistaa vuoden 2019 kohun j\u00e4lkeen. Kohu alkoi Veikkauksen mainoksesta, jossa asiakas soittaa psykologille ja kyselee, olisiko h\u00e4nen sopivaa pelata hieman rahapelej\u00e4. Mielenterveyden ammattilainen antaa t\u00e4h\u00e4n luvan ja kannustaa pieneen j\u00e4nnityksen hakemiseen. Mainoksen tulkittiin olevan asiaton, sill\u00e4 se tuntui viittaavan kintaalla Suomessa rehottaville rahapeliongelmille.<\/p>\n\n\n\n<p>Veikkaus itsekin totesi lopulta mainoksensa asiattomaksi, mutta aivan ilman selityksi\u00e4 ei tilanteesta selvitty. Ei nimitt\u00e4in mennyt aikaakaan, kun Veikkaus oli muuttunut tilanteessa uhriksi. Yrityksen piti samanaikaisesti tuottaa valtiolle paljon rahaa aina vain haastavammassa kilpailutilanteessa ja silti pit\u00e4\u00e4 kiinni vastuullisen pelaamisen periaatteista. V\u00e4hitellen tilanteen \u00e4lytt\u00f6myys alkoi selvit\u00e4 poliitikoille, jotka p\u00e4\u00e4ttiv\u00e4t n\u00e4in ollen uudistaa vanhentunutta arpajaislakia.<\/p>\n\n\n\n<h2 class=\"wp-block-heading\">Monopoliaseman lujittaminen ja maksublokit<\/h2>\n\n\n\n<p>Uuden arpajaislain tavoitteena on tukea Veikkausta ja lujittaa t\u00e4m\u00e4n yksinoikeusasemaa. Osa kriitikoista toivoi, ett\u00e4 ongelmien esiintulon my\u00f6t\u00e4 hallitus alkaisi harkitsemaan yksinoikeusj\u00e4rjestelm\u00e4st\u00e4 pois siirtymist\u00e4, mutta asiat meniv\u00e4t juuri p\u00e4invastoin.<\/p>\n\n\n\n<p>Sanna Marinin hallitus hyv\u00e4ksyi vuoden 2021 joulukuussa uuden arpajaislain, jonka siirtym\u00e4aika astui voimaan vuoden 2022 ensimm\u00e4isen\u00e4 p\u00e4iv\u00e4n\u00e4. Maltan nettikasinoiden fanien osalta kaikkein merkitt\u00e4vin muutos on niin sanottujen maksublokkien k\u00e4ytt\u00f6\u00f6notto.<\/p>\n\n\n\n<p>Maksublokeilla tarkoitetaan rahansiirtojen est\u00e4mist\u00e4 ulkomaisille nettikasinoille. Vuoden 2022 alusta pelialaa Suomessa valvova Poliisihallitus on ker\u00e4nnyt itselleen mustaa listaa, johon sen on m\u00e4\u00e4r\u00e4 asettaa kasinoita, jotka kielloista huolimatta edelleen jatkavat markkinointia Suomeen. T\u00e4m\u00e4 musta lista on m\u00e4\u00e4r\u00e4 julkaista vuonna 2023, jolloin rahansiirrot kyseisen listan toimijoille estet\u00e4\u00e4n.<\/p>\n\n\n\n<p>Jos siis nettikasinot ovat vuoden aikana ehtineet siisti\u00e4 toimintaansa ja luopua markkinoinnistaan, pystyv\u00e4t ne v\u00e4ltt\u00e4m\u00e4\u00e4n mustalle listalle joutumisen ja jatkamaan toimintaa netiss\u00e4 my\u00f6s suomalaisten asiakkaidensa kanssa.<\/p>\n\n\n\n<h2 class=\"wp-block-heading\">Maksublokit kuin reik\u00e4inen sateenvarjo<\/h2>\n\n\n\n<p>Hallituksen toivomat maksublokit ovat aiheuttaneet paljon n\u00e4r\u00e4\u00e4 ja vastustusta muun muassa pankkien puolelta. Pankkien kannalta niiden toteuttaminen vaatii paljon ty\u00f6t\u00e4 ja vaivaa. Pankit harvemmin blokkaavat rahansiirtoja yksityisille toimijoille, joten tekniikkaa sellaisenaan ei v\u00e4ltt\u00e4m\u00e4tt\u00e4 ole olemassa. Onkin kaavailtu, ett\u00e4 pankit ja rahalaitokset joutuvat tilanteessa valliin kalliiseen v\u00e4lik\u00e4teen ja maksumiehen rooliin.<\/p>\n\n\n\n<p>Lis\u00e4ksi maksublokkeja on jo ennakkoon kritisoitu niiden toimimattomuuden vuoksi. Vaikka rahansiirrot estett\u00e4isiinkin pankkien osalta, voi rahaa tallettaa nettikasinoille edelleen esimerkiksi nettilompakoilla sek\u00e4 lukuisilla muilla v\u00e4lik\u00e4sill\u00e4. Veikkauksen puolelta n\u00e4ihin kritiikkeihin on todettu, ett\u00e4 reik\u00e4inenkin sateenvarjo on parempi kuin ei mit\u00e4\u00e4n.<\/p>\n\n\n\n<h2 class=\"wp-block-heading\">Pelaaminen Maltan kasinoilla ei muutu laittomaksi<\/h2>\n\n\n\n<p>Vaikka rahansiirtojen estot mahdollisesti tulisivatkin vuoden 2023 alussa voimaan \u2013 t\u00e4st\u00e4k\u00e4\u00e4n ei viel\u00e4 ole t\u00e4ytt\u00e4 varmuutta \u2013, ei pelaaminen itsess\u00e4\u00e4n muutu laittomaksi. Jo vuosien ajan suomalaiset poliitikot ja Veikkaus ovat puhuneet nettikasinoista laittomina toimijoina, vaikka tosiasiassa ne toimivat prikulleen kansainv\u00e4listen s\u00e4\u00e4d\u00f6sten mukaan. Tilanne ei my\u00f6sk\u00e4\u00e4n tule muuttumaan maksublokkien my\u00f6t\u00e4, vaan kasinoilla on edelleen t\u00e4ysi oikeus toimia netiss\u00e4 EU-lakien mukaisesti.<\/p>\n\n\n\n<p>Jos siis maksublokit tulevat voimaan, voit jatkossakin halutessasi valita nettikasinosi meid\u00e4n sivuiltamme. Pahimmassa tapauksessa joudut tosin luopumaan nettipankin kautta teht\u00e4vist\u00e4 Trustly, Brite, Zimpler ja Euteller-talletuksista ja siirtym\u00e4\u00e4n Netellerin, Skrillin, Paysafecardin ja muiden vastaavien vaihtoehtoisten palveluiden piiriin.<\/p>\n\n\n\n<h2 class=\"wp-block-heading\">Lisenssij\u00e4rjestelm\u00e4\u00e4n siirtyminen my\u00f6s p\u00f6yd\u00e4ll\u00e4<\/h2>\n\n\n\n<p>Vaikka yksinoikeusj\u00e4rjestelm\u00e4n lujittaminen n\u00e4ytt\u00e4isi t\u00e4ll\u00e4 hetkell\u00e4 lyhyen aikav\u00e4lin suuntaukselta, saattavat suuret linjat menn\u00e4 uudelleen uusiksi varsin pian. Vuoden 2022 j\u00e4lkipuoliskolla sek\u00e4 Veikkaus ett\u00e4 suurta suosiota nauttiva poliittinen puolue Kokoomus ovat nimitt\u00e4in esitt\u00e4neet sittenkin lisenssimalliin siirtymist\u00e4. Veikkauksen ulostulojen osalta t\u00e4m\u00e4 on hyvin merkitt\u00e4v\u00e4 t\u00e4ysk\u00e4\u00e4nn\u00f6s.<\/p>\n\n\n\n<p>Syy siihen, miksi jo Veikkauskin haluaa luopua monopolistaan, on tietenkin monopoliaseman n\u00e4enn\u00e4inen heikkous. Valtion omistama yritys haluaa nyt ulkomaiset toimijat saman s\u00e4\u00e4ntelyn piiriin noudattamaan samoja pelis\u00e4\u00e4nt\u00f6j\u00e4 kuin Veikkauskin. T\u00e4ss\u00e4 suorassa kilpailuasetelmassa Veikkaus uskoo p\u00e4rj\u00e4\u00e4v\u00e4ns\u00e4 paremmin kuin mit\u00e4 t\u00e4ll\u00e4 hetkell\u00e4 j\u00e4rjestelm\u00e4n ulkopuolelta tulevia pelureita vastaan.<\/p>\n\n\n\n<p>Toistaiseksi on ep\u00e4selv\u00e4\u00e4, kuinka todenn\u00e4k\u00f6ist\u00e4 lisenssij\u00e4rjestelm\u00e4\u00e4n siirtyminen on ja miten se suhtautuu vuodelle 2023 kaavailtuihin muutoksiin.<\/p>\n\n\n\n<h2 class=\"wp-block-heading\">Ruotsissa on jo k\u00e4yt\u00f6ss\u00e4 lisenssij\u00e4rjestelm\u00e4<\/h2>\n\n\n\n<p>L\u00e4nsinaapurimme siirtyi rahapelaamisen suhteen lisenssij\u00e4rjestelm\u00e4\u00e4n jo vuonna 2019.<\/p>\n\n\n\n<p>Lisenssij\u00e4rjestelm\u00e4n ideana on, ett\u00e4 kaikki j\u00e4rjestelm\u00e4ss\u00e4 toimivat yritykset ovat toiminnassaan pitk\u00e4lti samalla viivalla. Samalla ulkomailta tulevat kasinot laitetaan maksamaan oikeudestaan toimia markkinalla laillisesti.<\/p>\n\n\n\n<p>Jos Suomessa tulisi k\u00e4ytt\u00f6\u00f6n nettikasinoiden lisenssij\u00e4rjestelm\u00e4, alkaisi Suomen valtio myym\u00e4\u00e4n omia pelilupiaan Maltan kasinoille ja muille ulkomaisille toimijoille. Maahamme siis perustettaisiin oma Suomen lisenssi, jota kantavat kasinot maksaisivat osan rahapelituotoistaan Suomeen. Automaattipelien ja loton osalta yksinoikeus todenn\u00e4k\u00f6isesti kuitenkin s\u00e4ilyisi kuin s\u00e4ilyisikin kotimaisella Veikkauksella.<\/p>\n\n\n\n<p>Ruotsissa on saatu lisenssij\u00e4rjestelm\u00e4st\u00e4 kohtuullisia tuloksia. On mielenkiintoista n\u00e4hd\u00e4, voisiko saman kaltainen j\u00e4rjestelm\u00e4 toimia my\u00f6s Suomessa.<\/p>\n\n\n\n<h2 class=\"wp-block-heading\">Lopuksi<\/h2>\n\n\n\n<p>Paljon on viel\u00e4 ep\u00e4selv\u00e4\u00e4 sen suhteen, milt\u00e4 suomalainen nettikasino- ja rahapelikentt\u00e4 tulee n\u00e4ytt\u00e4m\u00e4\u00e4n vuonna 2023 ja sen j\u00e4lkeenkin. Kuinka laajaksi maksublokit lopulta venyv\u00e4t? Saavatko rahalaitokset ne toimimaan kunnolla? Ent\u00e4 tapahtuuko siirtyminen lisenssij\u00e4rjestelm\u00e4\u00e4n seuraavien vuoden parin aikana?<\/p>\n\n\n\n<p>Kysymyksi\u00e4 on paljon, mutta me t\u00e4ll\u00e4 sivustolla olemme iloisia ennen kaikkea siit\u00e4, ett\u00e4 puheet lisenssij\u00e4rjestelm\u00e4st\u00e4 ovat viimein alkaneet nostaa p\u00e4\u00e4t\u00e4\u00e4n. El\u00e4m\u00e4ss\u00e4 harvemmin toimii l\u00e4hestymistapa, jossa vain pyrit\u00e4\u00e4n kielt\u00e4m\u00e4\u00e4n jo olemassa olevia ilmi\u00f6it\u00e4. Parempi ratkaisu on tehd\u00e4 yhteisty\u00f6t\u00e4 todellisuuden kanssa, ja siihen lisenssij\u00e4rjestelm\u00e4 juurikin pyrkii.<\/p>\n\n\n\n<p>Tuoreimmat kehitysaskeleet ja muutokset p\u00e4\u00e4set nyt ja jatkossa lukemaan helpoimmin meid\u00e4n sivustoltamme!<\/p>\n","protected":false},"excerpt":{"rendered":"<p>Suomalainen pelilains\u00e4\u00e4d\u00e4nt\u00f6 Suomalainen arpajaislaki m\u00e4\u00e4ritt\u00e4\u00e4 reunaehdot sille, miten Suomessa uhkapelaamiseen juridisesti suhtaudutaan. Aivan viime vuosina tilanteeseen on povattu jonkin verran&#8230;<\/p>\n","protected":false},"author":5,"featured_media":0,"parent":0,"menu_order":0,"comment_status":"closed","ping_status":"closed","template":"","meta":{"_acf_changed":false,"footnotes":""},"class_list":["post-470","page","type-page","status-publish","hentry"],"acf":[],"yoast_head":"<!-- This site is optimized with the Yoast SEO plugin v27.0 - https:\/\/yoast.com\/product\/yoast-seo-wordpress\/ -->\n<title>Suomalainen pelilains\u00e4\u00e4d\u00e4nt\u00f6 selitettyn\u00e4 meilt\u00e4!<\/title>\n<meta name=\"description\" content=\"Suomalainen pelilains\u00e4\u00e4d\u00e4nt\u00f6 eli arpajaislaki on viime vuosina l\u00e4pik\u00e4ynyt monia muutoksia. Lue nyt ajantasainen tilanne!\" \/>\n<meta name=\"robots\" content=\"index, follow, max-snippet:-1, max-image-preview:large, max-video-preview:-1\" \/>\n<link rel=\"canonical\" href=\"https:\/\/casino-mga.com\/fi\/suomalainen-pelilainsaadanto\/\" \/>\n<meta property=\"og:locale\" content=\"fi_FI\" \/>\n<meta property=\"og:type\" content=\"article\" \/>\n<meta property=\"og:title\" content=\"Suomalainen pelilains\u00e4\u00e4d\u00e4nt\u00f6 selitettyn\u00e4 meilt\u00e4!\" \/>\n<meta property=\"og:description\" content=\"Suomalainen pelilains\u00e4\u00e4d\u00e4nt\u00f6 eli arpajaislaki on viime vuosina l\u00e4pik\u00e4ynyt monia muutoksia. Lue nyt ajantasainen tilanne!\" \/>\n<meta property=\"og:url\" content=\"https:\/\/casino-mga.com\/fi\/suomalainen-pelilainsaadanto\/\" \/>\n<meta property=\"og:site_name\" content=\"MGA Casino\" \/>\n<meta property=\"article:modified_time\" content=\"2023-01-31T14:00:58+00:00\" \/>\n<meta name=\"twitter:card\" content=\"summary_large_image\" \/>\n<meta name=\"twitter:label1\" content=\"Arvioitu lukuaika\" \/>\n\t<meta name=\"twitter:data1\" content=\"5 minuuttia\" \/>\n<script type=\"application\/ld+json\" class=\"yoast-schema-graph\">{\"@context\":\"https:\/\/schema.org\",\"@graph\":[{\"@type\":\"WebPage\",\"@id\":\"https:\/\/casino-mga.com\/fi\/suomalainen-pelilainsaadanto\/\",\"url\":\"https:\/\/casino-mga.com\/fi\/suomalainen-pelilainsaadanto\/\",\"name\":\"Suomalainen pelilains\u00e4\u00e4d\u00e4nt\u00f6 selitettyn\u00e4 meilt\u00e4!\",\"isPartOf\":{\"@id\":\"https:\/\/casino-mga.com\/fi\/#website\"},\"datePublished\":\"2022-07-04T13:56:37+00:00\",\"dateModified\":\"2023-01-31T14:00:58+00:00\",\"description\":\"Suomalainen pelilains\u00e4\u00e4d\u00e4nt\u00f6 eli arpajaislaki on viime vuosina l\u00e4pik\u00e4ynyt monia muutoksia. Lue nyt ajantasainen tilanne!\",\"breadcrumb\":{\"@id\":\"https:\/\/casino-mga.com\/fi\/suomalainen-pelilainsaadanto\/#breadcrumb\"},\"inLanguage\":\"fi\",\"potentialAction\":[{\"@type\":\"ReadAction\",\"target\":[\"https:\/\/casino-mga.com\/fi\/suomalainen-pelilainsaadanto\/\"]}]},{\"@type\":\"BreadcrumbList\",\"@id\":\"https:\/\/casino-mga.com\/fi\/suomalainen-pelilainsaadanto\/#breadcrumb\",\"itemListElement\":[{\"@type\":\"ListItem\",\"position\":1,\"name\":\"MGA Kasinot\",\"item\":\"https:\/\/casino-mga.com\/fi\/\"},{\"@type\":\"ListItem\",\"position\":2,\"name\":\"Suomalainen pelilains\u00e4\u00e4d\u00e4nt\u00f6\"}]},{\"@type\":\"WebSite\",\"@id\":\"https:\/\/casino-mga.com\/fi\/#website\",\"url\":\"https:\/\/casino-mga.com\/fi\/\",\"name\":\"MGA Casino\",\"description\":\"Alles \u00fcber MGA Casinos online\",\"publisher\":{\"@id\":\"https:\/\/casino-mga.com\/fi\/#organization\"},\"potentialAction\":[{\"@type\":\"SearchAction\",\"target\":{\"@type\":\"EntryPoint\",\"urlTemplate\":\"https:\/\/casino-mga.com\/fi\/?s={search_term_string}\"},\"query-input\":{\"@type\":\"PropertyValueSpecification\",\"valueRequired\":true,\"valueName\":\"search_term_string\"}}],\"inLanguage\":\"fi\"},{\"@type\":\"Organization\",\"@id\":\"https:\/\/casino-mga.com\/fi\/#organization\",\"name\":\"MGA Casino\",\"url\":\"https:\/\/casino-mga.com\/fi\/\",\"logo\":{\"@type\":\"ImageObject\",\"inLanguage\":\"fi\",\"@id\":\"https:\/\/casino-mga.com\/fi\/#\/schema\/logo\/image\/\",\"url\":\"https:\/\/casino-mga.com\/wp-content\/uploads\/2022\/07\/cropped-mga-casino-logo.png\",\"contentUrl\":\"https:\/\/casino-mga.com\/wp-content\/uploads\/2022\/07\/cropped-mga-casino-logo.png\",\"width\":578,\"height\":300,\"caption\":\"MGA Casino\"},\"image\":{\"@id\":\"https:\/\/casino-mga.com\/fi\/#\/schema\/logo\/image\/\"}}]}<\/script>\n<!-- \/ Yoast SEO plugin. -->","yoast_head_json":{"title":"Suomalainen pelilains\u00e4\u00e4d\u00e4nt\u00f6 selitettyn\u00e4 meilt\u00e4!","description":"Suomalainen pelilains\u00e4\u00e4d\u00e4nt\u00f6 eli arpajaislaki on viime vuosina l\u00e4pik\u00e4ynyt monia muutoksia. Lue nyt ajantasainen tilanne!","robots":{"index":"index","follow":"follow","max-snippet":"max-snippet:-1","max-image-preview":"max-image-preview:large","max-video-preview":"max-video-preview:-1"},"canonical":"https:\/\/casino-mga.com\/fi\/suomalainen-pelilainsaadanto\/","og_locale":"fi_FI","og_type":"article","og_title":"Suomalainen pelilains\u00e4\u00e4d\u00e4nt\u00f6 selitettyn\u00e4 meilt\u00e4!","og_description":"Suomalainen pelilains\u00e4\u00e4d\u00e4nt\u00f6 eli arpajaislaki on viime vuosina l\u00e4pik\u00e4ynyt monia muutoksia. Lue nyt ajantasainen tilanne!","og_url":"https:\/\/casino-mga.com\/fi\/suomalainen-pelilainsaadanto\/","og_site_name":"MGA Casino","article_modified_time":"2023-01-31T14:00:58+00:00","twitter_card":"summary_large_image","twitter_misc":{"Arvioitu lukuaika":"5 minuuttia"},"schema":{"@context":"https:\/\/schema.org","@graph":[{"@type":"WebPage","@id":"https:\/\/casino-mga.com\/fi\/suomalainen-pelilainsaadanto\/","url":"https:\/\/casino-mga.com\/fi\/suomalainen-pelilainsaadanto\/","name":"Suomalainen pelilains\u00e4\u00e4d\u00e4nt\u00f6 selitettyn\u00e4 meilt\u00e4!","isPartOf":{"@id":"https:\/\/casino-mga.com\/fi\/#website"},"datePublished":"2022-07-04T13:56:37+00:00","dateModified":"2023-01-31T14:00:58+00:00","description":"Suomalainen pelilains\u00e4\u00e4d\u00e4nt\u00f6 eli arpajaislaki on viime vuosina l\u00e4pik\u00e4ynyt monia muutoksia. Lue nyt ajantasainen tilanne!","breadcrumb":{"@id":"https:\/\/casino-mga.com\/fi\/suomalainen-pelilainsaadanto\/#breadcrumb"},"inLanguage":"fi","potentialAction":[{"@type":"ReadAction","target":["https:\/\/casino-mga.com\/fi\/suomalainen-pelilainsaadanto\/"]}]},{"@type":"BreadcrumbList","@id":"https:\/\/casino-mga.com\/fi\/suomalainen-pelilainsaadanto\/#breadcrumb","itemListElement":[{"@type":"ListItem","position":1,"name":"MGA Kasinot","item":"https:\/\/casino-mga.com\/fi\/"},{"@type":"ListItem","position":2,"name":"Suomalainen pelilains\u00e4\u00e4d\u00e4nt\u00f6"}]},{"@type":"WebSite","@id":"https:\/\/casino-mga.com\/fi\/#website","url":"https:\/\/casino-mga.com\/fi\/","name":"MGA Casino","description":"Alles \u00fcber MGA Casinos online","publisher":{"@id":"https:\/\/casino-mga.com\/fi\/#organization"},"potentialAction":[{"@type":"SearchAction","target":{"@type":"EntryPoint","urlTemplate":"https:\/\/casino-mga.com\/fi\/?s={search_term_string}"},"query-input":{"@type":"PropertyValueSpecification","valueRequired":true,"valueName":"search_term_string"}}],"inLanguage":"fi"},{"@type":"Organization","@id":"https:\/\/casino-mga.com\/fi\/#organization","name":"MGA Casino","url":"https:\/\/casino-mga.com\/fi\/","logo":{"@type":"ImageObject","inLanguage":"fi","@id":"https:\/\/casino-mga.com\/fi\/#\/schema\/logo\/image\/","url":"https:\/\/casino-mga.com\/wp-content\/uploads\/2022\/07\/cropped-mga-casino-logo.png","contentUrl":"https:\/\/casino-mga.com\/wp-content\/uploads\/2022\/07\/cropped-mga-casino-logo.png","width":578,"height":300,"caption":"MGA Casino"},"image":{"@id":"https:\/\/casino-mga.com\/fi\/#\/schema\/logo\/image\/"}}]}},"_links":{"self":[{"href":"https:\/\/casino-mga.com\/fi\/wp-json\/wp\/v2\/pages\/470","targetHints":{"allow":["GET"]}}],"collection":[{"href":"https:\/\/casino-mga.com\/fi\/wp-json\/wp\/v2\/pages"}],"about":[{"href":"https:\/\/casino-mga.com\/fi\/wp-json\/wp\/v2\/types\/page"}],"author":[{"embeddable":true,"href":"https:\/\/casino-mga.com\/fi\/wp-json\/wp\/v2\/users\/5"}],"replies":[{"embeddable":true,"href":"https:\/\/casino-mga.com\/fi\/wp-json\/wp\/v2\/comments?post=470"}],"version-history":[{"count":5,"href":"https:\/\/casino-mga.com\/fi\/wp-json\/wp\/v2\/pages\/470\/revisions"}],"predecessor-version":[{"id":476,"href":"https:\/\/casino-mga.com\/fi\/wp-json\/wp\/v2\/pages\/470\/revisions\/476"}],"wp:attachment":[{"href":"https:\/\/casino-mga.com\/fi\/wp-json\/wp\/v2\/media?parent=470"}],"curies":[{"name":"wp","href":"https:\/\/api.w.org\/{rel}","templated":true}]}}