{"id":731,"date":"2023-05-24T09:34:36","date_gmt":"2023-05-24T09:34:36","guid":{"rendered":"http:\/\/casino-mga.com\/?page_id=731"},"modified":"2023-04-27T09:34:51","modified_gmt":"2023-04-27T09:34:51","slug":"cashback-casinot","status":"publish","type":"page","link":"https:\/\/casino-mga.com\/fi\/cashback-casinot\/","title":{"rendered":"Cashback casinot"},"content":{"rendered":"\n<h1 class=\"wp-block-heading\">Cashback casinot<\/h1>\n\n\n\n<p>K\u00e4teispalautusta tarjoavat eli\u00a0cashback casino\u00a0on uusilla nettikasinoilla yleinen bonus. Sill\u00e4 tarkoitetaan, ett\u00e4 pelaaja saa osan pelaamistaan rahoista takaisin k\u00e4teisen\u00e4. Jokaisella kasinolla on omat cashback ehtonsa, joten kannattaa lukea kampanjaehdot jokaisen kasinon sivuilta, jotta tiet\u00e4\u00e4, miten\u00a0casino cashback\u00a0toimii.<\/p>\n\n\n\n<figure class=\"wp-block-image size-full\"><img loading=\"lazy\" decoding=\"async\" width=\"1024\" height=\"536\" src=\"http:\/\/casino-mga.com\/wp-content\/uploads\/2023\/04\/Cashback-casinot.png\" alt=\"Cashback casinot\" class=\"wp-image-732\"\/><\/figure>\n\n\n\n<h2 class=\"wp-block-heading\">Miten&nbsp;cashback casino&nbsp;toimii?<\/h2>\n\n\n\n<p>K\u00e4teispalautuksella elicashbackill\u00e4 tarkoitetaan sit\u00e4, ett\u00e4 kasino palauttaa pelaajalle osan talletetuista rahoista joko k\u00e4teisen\u00e4 tai bonuksena.&nbsp;Kasino cashback&nbsp;maksetaan silloin, kun pelaaja on tappiolla. Huonona puolena t\u00e4ss\u00e4 bonuksessa on siis se, ett\u00e4 usein ensin pit\u00e4\u00e4 h\u00e4vit\u00e4 rahaa, ennen kuin voi saada bonuksen. Nyt tosin on my\u00f6s kasinoita,joilla&nbsp;kasino cashback&nbsp;on tarjolla my\u00f6s panostuksesta.<\/p>\n\n\n\n<p>Etenkin suuremmilla panoksilla pelaavat suosivat cashback casinoita, mutta pienemmill\u00e4kin summilla pelaavat voivat saada siit\u00e4 etua.<\/p>\n\n\n\n<p>Kasinoilla on omat prosenttinsa k\u00e4teispalautuksille. Osalla saattaa olla my\u00f6s talletusten suhteen minimirajat. Cashback kasinon etuna on se, ett\u00e4 toisin kuin talletusbonuksen, k\u00e4teispalautuksen voi saada toistuvasti.<\/p>\n\n\n\n<h2 class=\"wp-block-heading\">P\u00e4ivitt\u00e4inen tai viikoittainen cashback<\/h2>\n\n\n\n<p>Yleisimmin&nbsp;kasino cashback&nbsp;aikav\u00e4li on p\u00e4ivitt\u00e4in tai viikoittain. Joskus harvoin saattaa olla k\u00e4yt\u00f6ss\u00e4 my\u00f6s kuukausittainen&nbsp;casino cashback. Kannattaa aina tarkastaa kuinka usein&nbsp;cashback casino&nbsp;tekee k\u00e4teispalautukset. Aikajanalla voi olla isokin merkitys sen kannalta, kumpi on pelaajan kannalta parempi. \u00c4kki\u00e4 voisi ajatella, ett\u00e4 pidempi aikav\u00e4li on parempi, koska silloin&nbsp;kasino cashback&nbsp;potti voi kasvaa suuremmaksi, mutta p\u00e4ivitt\u00e4inen cashback on pelaajan kannalta parempi.<\/p>\n\n\n\n<h3 class=\"wp-block-heading\">Miksi p\u00e4ivitt\u00e4inen&nbsp;casino cashback&nbsp;kannattaa?<\/h3>\n\n\n\n<p>P\u00e4ivitt\u00e4in saatavan casino cashbackin summat ovat kerrallaan pienempi\u00e4, mutta sen etuna on se, ett\u00e4 palautuksen saa heti seuraavana p\u00e4iv\u00e4n\u00e4 tappiollisesta p\u00e4iv\u00e4st\u00e4. Esimerkkin\u00e4, jos k\u00e4yt\u00f6ss\u00e4 on viikoittainen&nbsp;kasino cashback&nbsp;ja maanantaina j\u00e4\u00e4t 50 euroa tappiolle, mutta keskiviikkona voitat 50 euroa ja et pelaa muina p\u00e4ivin\u00e4, viikoittainen bonuksesi on nolla. Jos taas k\u00e4yt\u00f6ss\u00e4 olisi p\u00e4ivitt\u00e4inen&nbsp;casino cashback, kymmenen prosentin bonuksella saat tiistaina viisi euroa palautusta.<\/p>\n\n\n\n<h2 class=\"wp-block-heading\">Mist\u00e4 l\u00f6yt\u00e4\u00e4&nbsp;cashback casino?<\/h2>\n\n\n\n<p>K\u00e4teispalautuksia tarjoavia kasinoita on runsaasti.&nbsp;<a href=\"https:\/\/casino-mga.com\/fi\/\" rel=\"noreferrer noopener\" target=\"_blank\">mga kasinot<\/a>&nbsp;eli Malta Gaming Authorityn alaisuudessa toimivat nettikasinot ovat yh\u00e4 useammin cashback casinoita. N\u00e4iss\u00e4 on se hyv\u00e4 puoli, ett\u00e4 neovat turvallisia ja luotettavia pelipaikkoja, sill\u00e4 ne ovat Maltan viranomaisten tiukassa valvonnassa ja voitot ovat suomalaisille pelaajille verovapaita. Helpoin tapa l\u00f6yt\u00e4\u00e4 itselleen sopivin&nbsp;cashback casino&nbsp;l\u00f6ytyy lukemalla kasinoarvosteluita sek\u00e4 muiden k\u00e4ytt\u00e4jien kokemuksia.<\/p>\n\n\n\n<h2 class=\"wp-block-heading\">Miksi suosia cashback kasinoa?<\/h2>\n\n\n\n<p>N\u00e4m\u00e4 kasinot ovat saavuttaneet pelaajien suosion suhteellisen nopeasti.&nbsp;Kasino cashback&nbsp;sis\u00e4lt\u00e4\u00e4 seuraavat edut:<\/p>\n\n\n\n<ul class=\"wp-block-list\">\n<li>Casino cashback&nbsp;on kierr\u00e4tysvapaa bonus<\/li>\n\n\n\n<li>Kasinot ovat luotettavia ja laadukkaita<\/li>\n\n\n\n<li>Bonuksen saa automaattisesti pelitilille<\/li>\n\n\n\n<li>Kasino cashback&nbsp;on mahdollisuus saada vaikka p\u00e4ivitt\u00e4in<\/li>\n<\/ul>\n\n\n\n<p>Cashback casino&nbsp;on useimmiten rekister\u00f6itymisvapaa, eli pelaamaan p\u00e4\u00e4see heti. N\u00e4ill\u00e4 kasinoilla on usein laaja ja laadukas pelivalikoima ja kotiutukset toimivat nopeasti, koska&nbsp;kasino cashback&nbsp;ei sis\u00e4ll\u00e4 kierr\u00e4tysvaatimuksia.<\/p>\n\n\n\n<h2 class=\"wp-block-heading\">Ketk\u00e4 voivat saada k\u00e4teispalautusta cashback casinolla?<\/h2>\n\n\n\n<p>K\u00e4teispalautus on useimmiten tarjolla kaikille pelaajille, niin uusille kuin palaavillekin pelaajille.&nbsp;Kasino cashback&nbsp;saattaa olla sidottu uskollisuus tai VIP-ohjelmiin siten, ett\u00e4 enemm\u00e4n pelaavat voivat saada suuremman prosentin palautusta.<\/p>\n\n\n\n<p>Ehdot bonuksen saamiseen vaihtelevat. Jokainen&nbsp;cashback casino&nbsp;m\u00e4\u00e4rittelee omat bonusehtonsa, ne kannattaakin lukea tarkasti l\u00e4pi ennen pelaamista.&nbsp;Kasino cashback&nbsp;saattaa olla rajoitettu tiettyihin peleihin ja niiss\u00e4 saattaa olla talletus tai panostusrajoja.<\/p>\n\n\n\n<h2 class=\"wp-block-heading\">Tervetullut muutos nettikasinoiden bonuksiin<\/h2>\n\n\n\n<p>Perinteiset talletusbonukset tai koodeilla saatavat bonukset ovat menett\u00e4neet suosiotaan pelaajien keskuudessa, joten voidaan helposti sanoa, ett\u00e4&nbsp;cashback casino&nbsp;on tervetullut uudistus nettikasinoiden joukkoon.<\/p>\n\n\n\n<p>Cashback casino&nbsp;on my\u00f6s kasinon n\u00e4k\u00f6kulmasta toimiva, sill\u00e4 k\u00e4teispalautus houkuttelee pelaajia palaamaan uudelleen ja uudelleen pelaamaan. Aiemmin pelaajat saattoivat etsi\u00e4 uusille pelaajille suunnattuja tervetulobonuksia ja vaihtoivat pelipaikkaa jatkuvasti.<\/p>\n\n\n\n<h2 class=\"wp-block-heading\">Usein kysyttyj\u00e4 kysymyksi\u00e4<\/h2>\n\n\n\n<p>T\u00e4ss\u00e4 tiivistettyn\u00e4 muutama&nbsp;cashback casino&nbsp;saattaa her\u00e4tt\u00e4\u00e4.<\/p>\n\n\n\n<h3 class=\"wp-block-heading\">Miten&nbsp;casino cashback&nbsp;saadaan?<\/h3>\n\n\n\n<p>K\u00e4teispalautuksen saa, kun tekee talletuksia ja pelaa&nbsp;cashback casino&nbsp;pelej\u00e4. Usein bonuksen saa tappioista, mutta sen voi saada my\u00f6s panostuksista. Kannattaa lukea bonusehdot. Bonus lis\u00e4t\u00e4\u00e4n automaattisesti pelitilillesi.<\/p>\n\n\n\n<h3 class=\"wp-block-heading\">Pit\u00e4\u00e4k\u00f6&nbsp;cashback casino&nbsp;bonus kierr\u00e4tt\u00e4\u00e4?<\/h3>\n\n\n\n<p>L\u00e4hes aina k\u00e4teispalautuksen saa ilman kierr\u00e4tysvaatimuksia. Jos niihin liittyy kierr\u00e4tysvaatimuksia, ne ovat yleens\u00e4 hyvin maltillisia.<\/p>\n\n\n\n<h3 class=\"wp-block-heading\">Onko&nbsp;cashback casino&nbsp;turvallinen?<\/h3>\n\n\n\n<p>Suomalaisille suunnatut kasinot toimivat usein Maltan Gaming Authorityn tai Viron Tulli- ja Veroviranomaisen alaisuudessa olevalla pelilisenssill\u00e4. N\u00e4m\u00e4 ovat turvallisia nettikasinoita, sill\u00e4 niiden toimintaa s\u00e4\u00e4telev\u00e4t Euroopan Unionin viranomaiset. My\u00f6s kotiutukset n\u00e4ill\u00e4 kasinoilla ovat verovapaita suomalaisille pelaajille. Curacaon pelilisenssin alaisuudessa toimivia kasinoita on ja my\u00f6s ne ovat turvallisia, voitot niiss\u00e4 eiv\u00e4t ole verovapaita.<\/p>\n\n\n\n<h3 class=\"wp-block-heading\">Miten tunnistaa&nbsp;cashback casino?<\/h3>\n\n\n\n<p>Tarkastele kasinon bonustarjontaa.&nbsp;Casino cashback&nbsp;on usein mainittu heti etusivulla. Kasinoarvostelut ja muiden k\u00e4ytt\u00e4jien kokemukset kertovat my\u00f6s parhaista cashback casinoista. K\u00e4teispalautus on toinen nimitys, josta tunnistaa&nbsp;casino cashback&nbsp;bonus.<\/p>\n\n\n\n<h3 class=\"wp-block-heading\">Mik\u00e4 on&nbsp;cashback casino?<\/h3>\n\n\n\n<p>Ne ovat nettikasinoita, jotka tarjoavat k\u00e4teispalautuksen bonuksena.&nbsp;Cashback casino&nbsp;on yleisnimitys t\u00e4llaisille casinoille. Usein n\u00e4m\u00e4 ovat pikakasinoita, joille ei tarvita erillist\u00e4 rekister\u00f6itymist\u00e4, vaan pelaamaan p\u00e4\u00e4see heti tunnistautumalla suomalaisilla verkkopankkitunnuksilla. Cashback on k\u00e4teispalautus, jossa saat tietyn prosentin takaisin pelaamistasi rahoista.<\/p>\n","protected":false},"excerpt":{"rendered":"<p>Cashback casinot K\u00e4teispalautusta tarjoavat eli\u00a0cashback casino\u00a0on uusilla nettikasinoilla yleinen bonus. Sill\u00e4 tarkoitetaan, ett\u00e4 pelaaja saa osan pelaamistaan rahoista takaisin k\u00e4teisen\u00e4&#8230;.<\/p>\n","protected":false},"author":5,"featured_media":0,"parent":0,"menu_order":0,"comment_status":"closed","ping_status":"closed","template":"","meta":{"_acf_changed":false,"footnotes":""},"class_list":["post-731","page","type-page","status-publish","hentry"],"acf":[],"yoast_head":"<!-- This site is optimized with the Yoast SEO plugin v27.0 - https:\/\/yoast.com\/product\/yoast-seo-wordpress\/ -->\n<title>Cashback casino eli kasino jolla saat k\u00e4teispalautusta<\/title>\n<meta name=\"description\" content=\"Nettikasinoilla ovat yleistyneet cashback casino tyyppiset kasinot, eli kasino palauttaa osan pelaajan talletuksista takaisin.\" \/>\n<meta name=\"robots\" content=\"index, follow, max-snippet:-1, max-image-preview:large, max-video-preview:-1\" \/>\n<link rel=\"canonical\" href=\"https:\/\/casino-mga.com\/fi\/cashback-casinot\/\" \/>\n<meta property=\"og:locale\" content=\"fi_FI\" \/>\n<meta property=\"og:type\" content=\"article\" \/>\n<meta property=\"og:title\" content=\"Cashback casino eli kasino jolla saat k\u00e4teispalautusta\" \/>\n<meta property=\"og:description\" content=\"Nettikasinoilla ovat yleistyneet cashback casino tyyppiset kasinot, eli kasino palauttaa osan pelaajan talletuksista takaisin.\" \/>\n<meta property=\"og:url\" content=\"https:\/\/casino-mga.com\/fi\/cashback-casinot\/\" \/>\n<meta property=\"og:site_name\" content=\"MGA Casino\" \/>\n<meta property=\"og:image\" content=\"http:\/\/casino-mga.com\/wp-content\/uploads\/2023\/04\/Cashback-casinot.png\" \/>\n<meta name=\"twitter:card\" content=\"summary_large_image\" \/>\n<meta name=\"twitter:label1\" content=\"Arvioitu lukuaika\" \/>\n\t<meta name=\"twitter:data1\" content=\"4 minuuttia\" \/>\n<script type=\"application\/ld+json\" class=\"yoast-schema-graph\">{\"@context\":\"https:\/\/schema.org\",\"@graph\":[{\"@type\":\"WebPage\",\"@id\":\"https:\/\/casino-mga.com\/fi\/cashback-casinot\/\",\"url\":\"https:\/\/casino-mga.com\/fi\/cashback-casinot\/\",\"name\":\"Cashback casino eli kasino jolla saat k\u00e4teispalautusta\",\"isPartOf\":{\"@id\":\"https:\/\/casino-mga.com\/fi\/#website\"},\"primaryImageOfPage\":{\"@id\":\"https:\/\/casino-mga.com\/fi\/cashback-casinot\/#primaryimage\"},\"image\":{\"@id\":\"https:\/\/casino-mga.com\/fi\/cashback-casinot\/#primaryimage\"},\"thumbnailUrl\":\"http:\/\/casino-mga.com\/wp-content\/uploads\/2023\/04\/Cashback-casinot.png\",\"datePublished\":\"2023-05-24T09:34:36+00:00\",\"description\":\"Nettikasinoilla ovat yleistyneet cashback casino tyyppiset kasinot, eli kasino palauttaa osan pelaajan talletuksista takaisin.\",\"breadcrumb\":{\"@id\":\"https:\/\/casino-mga.com\/fi\/cashback-casinot\/#breadcrumb\"},\"inLanguage\":\"fi\",\"potentialAction\":[{\"@type\":\"ReadAction\",\"target\":[\"https:\/\/casino-mga.com\/fi\/cashback-casinot\/\"]}]},{\"@type\":\"ImageObject\",\"inLanguage\":\"fi\",\"@id\":\"https:\/\/casino-mga.com\/fi\/cashback-casinot\/#primaryimage\",\"url\":\"http:\/\/casino-mga.com\/wp-content\/uploads\/2023\/04\/Cashback-casinot.png\",\"contentUrl\":\"http:\/\/casino-mga.com\/wp-content\/uploads\/2023\/04\/Cashback-casinot.png\"},{\"@type\":\"BreadcrumbList\",\"@id\":\"https:\/\/casino-mga.com\/fi\/cashback-casinot\/#breadcrumb\",\"itemListElement\":[{\"@type\":\"ListItem\",\"position\":1,\"name\":\"MGA Kasinot\",\"item\":\"https:\/\/casino-mga.com\/fi\/\"},{\"@type\":\"ListItem\",\"position\":2,\"name\":\"Cashback casinot\"}]},{\"@type\":\"WebSite\",\"@id\":\"https:\/\/casino-mga.com\/fi\/#website\",\"url\":\"https:\/\/casino-mga.com\/fi\/\",\"name\":\"MGA Casino\",\"description\":\"Alles \u00fcber MGA Casinos online\",\"publisher\":{\"@id\":\"https:\/\/casino-mga.com\/fi\/#organization\"},\"potentialAction\":[{\"@type\":\"SearchAction\",\"target\":{\"@type\":\"EntryPoint\",\"urlTemplate\":\"https:\/\/casino-mga.com\/fi\/?s={search_term_string}\"},\"query-input\":{\"@type\":\"PropertyValueSpecification\",\"valueRequired\":true,\"valueName\":\"search_term_string\"}}],\"inLanguage\":\"fi\"},{\"@type\":\"Organization\",\"@id\":\"https:\/\/casino-mga.com\/fi\/#organization\",\"name\":\"MGA Casino\",\"url\":\"https:\/\/casino-mga.com\/fi\/\",\"logo\":{\"@type\":\"ImageObject\",\"inLanguage\":\"fi\",\"@id\":\"https:\/\/casino-mga.com\/fi\/#\/schema\/logo\/image\/\",\"url\":\"https:\/\/casino-mga.com\/wp-content\/uploads\/2022\/07\/cropped-mga-casino-logo.png\",\"contentUrl\":\"https:\/\/casino-mga.com\/wp-content\/uploads\/2022\/07\/cropped-mga-casino-logo.png\",\"width\":578,\"height\":300,\"caption\":\"MGA Casino\"},\"image\":{\"@id\":\"https:\/\/casino-mga.com\/fi\/#\/schema\/logo\/image\/\"}}]}<\/script>\n<!-- \/ Yoast SEO plugin. -->","yoast_head_json":{"title":"Cashback casino eli kasino jolla saat k\u00e4teispalautusta","description":"Nettikasinoilla ovat yleistyneet cashback casino tyyppiset kasinot, eli kasino palauttaa osan pelaajan talletuksista takaisin.","robots":{"index":"index","follow":"follow","max-snippet":"max-snippet:-1","max-image-preview":"max-image-preview:large","max-video-preview":"max-video-preview:-1"},"canonical":"https:\/\/casino-mga.com\/fi\/cashback-casinot\/","og_locale":"fi_FI","og_type":"article","og_title":"Cashback casino eli kasino jolla saat k\u00e4teispalautusta","og_description":"Nettikasinoilla ovat yleistyneet cashback casino tyyppiset kasinot, eli kasino palauttaa osan pelaajan talletuksista takaisin.","og_url":"https:\/\/casino-mga.com\/fi\/cashback-casinot\/","og_site_name":"MGA Casino","og_image":[{"url":"http:\/\/casino-mga.com\/wp-content\/uploads\/2023\/04\/Cashback-casinot.png","type":"","width":"","height":""}],"twitter_card":"summary_large_image","twitter_misc":{"Arvioitu lukuaika":"4 minuuttia"},"schema":{"@context":"https:\/\/schema.org","@graph":[{"@type":"WebPage","@id":"https:\/\/casino-mga.com\/fi\/cashback-casinot\/","url":"https:\/\/casino-mga.com\/fi\/cashback-casinot\/","name":"Cashback casino eli kasino jolla saat k\u00e4teispalautusta","isPartOf":{"@id":"https:\/\/casino-mga.com\/fi\/#website"},"primaryImageOfPage":{"@id":"https:\/\/casino-mga.com\/fi\/cashback-casinot\/#primaryimage"},"image":{"@id":"https:\/\/casino-mga.com\/fi\/cashback-casinot\/#primaryimage"},"thumbnailUrl":"http:\/\/casino-mga.com\/wp-content\/uploads\/2023\/04\/Cashback-casinot.png","datePublished":"2023-05-24T09:34:36+00:00","description":"Nettikasinoilla ovat yleistyneet cashback casino tyyppiset kasinot, eli kasino palauttaa osan pelaajan talletuksista takaisin.","breadcrumb":{"@id":"https:\/\/casino-mga.com\/fi\/cashback-casinot\/#breadcrumb"},"inLanguage":"fi","potentialAction":[{"@type":"ReadAction","target":["https:\/\/casino-mga.com\/fi\/cashback-casinot\/"]}]},{"@type":"ImageObject","inLanguage":"fi","@id":"https:\/\/casino-mga.com\/fi\/cashback-casinot\/#primaryimage","url":"http:\/\/casino-mga.com\/wp-content\/uploads\/2023\/04\/Cashback-casinot.png","contentUrl":"http:\/\/casino-mga.com\/wp-content\/uploads\/2023\/04\/Cashback-casinot.png"},{"@type":"BreadcrumbList","@id":"https:\/\/casino-mga.com\/fi\/cashback-casinot\/#breadcrumb","itemListElement":[{"@type":"ListItem","position":1,"name":"MGA Kasinot","item":"https:\/\/casino-mga.com\/fi\/"},{"@type":"ListItem","position":2,"name":"Cashback casinot"}]},{"@type":"WebSite","@id":"https:\/\/casino-mga.com\/fi\/#website","url":"https:\/\/casino-mga.com\/fi\/","name":"MGA Casino","description":"Alles \u00fcber MGA Casinos online","publisher":{"@id":"https:\/\/casino-mga.com\/fi\/#organization"},"potentialAction":[{"@type":"SearchAction","target":{"@type":"EntryPoint","urlTemplate":"https:\/\/casino-mga.com\/fi\/?s={search_term_string}"},"query-input":{"@type":"PropertyValueSpecification","valueRequired":true,"valueName":"search_term_string"}}],"inLanguage":"fi"},{"@type":"Organization","@id":"https:\/\/casino-mga.com\/fi\/#organization","name":"MGA Casino","url":"https:\/\/casino-mga.com\/fi\/","logo":{"@type":"ImageObject","inLanguage":"fi","@id":"https:\/\/casino-mga.com\/fi\/#\/schema\/logo\/image\/","url":"https:\/\/casino-mga.com\/wp-content\/uploads\/2022\/07\/cropped-mga-casino-logo.png","contentUrl":"https:\/\/casino-mga.com\/wp-content\/uploads\/2022\/07\/cropped-mga-casino-logo.png","width":578,"height":300,"caption":"MGA Casino"},"image":{"@id":"https:\/\/casino-mga.com\/fi\/#\/schema\/logo\/image\/"}}]}},"_links":{"self":[{"href":"https:\/\/casino-mga.com\/fi\/wp-json\/wp\/v2\/pages\/731","targetHints":{"allow":["GET"]}}],"collection":[{"href":"https:\/\/casino-mga.com\/fi\/wp-json\/wp\/v2\/pages"}],"about":[{"href":"https:\/\/casino-mga.com\/fi\/wp-json\/wp\/v2\/types\/page"}],"author":[{"embeddable":true,"href":"https:\/\/casino-mga.com\/fi\/wp-json\/wp\/v2\/users\/5"}],"replies":[{"embeddable":true,"href":"https:\/\/casino-mga.com\/fi\/wp-json\/wp\/v2\/comments?post=731"}],"version-history":[{"count":1,"href":"https:\/\/casino-mga.com\/fi\/wp-json\/wp\/v2\/pages\/731\/revisions"}],"predecessor-version":[{"id":736,"href":"https:\/\/casino-mga.com\/fi\/wp-json\/wp\/v2\/pages\/731\/revisions\/736"}],"wp:attachment":[{"href":"https:\/\/casino-mga.com\/fi\/wp-json\/wp\/v2\/media?parent=731"}],"curies":[{"name":"wp","href":"https:\/\/api.w.org\/{rel}","templated":true}]}}