{"id":1070,"date":"2023-10-24T09:12:00","date_gmt":"2023-10-24T09:12:00","guid":{"rendered":"http:\/\/casino-mga.com\/?page_id=1070"},"modified":"2023-11-09T09:59:49","modified_gmt":"2023-11-09T09:59:49","slug":"betting","status":"publish","type":"page","link":"https:\/\/casino-mga.com\/sv\/betting\/","title":{"rendered":"Betting"},"content":{"rendered":"\n<h1 class=\"wp-block-heading\">Bettingsidor utan svensk licens<\/h1>\n\n\n\n<p>N\u00e4r vi talar om olika akt\u00f6rer som driver bettingsidor utan svensk licens, \u00e4r det vanligt att de driver spelverksamhet med europeiska licenser. I det fallet \u00e4r det \u00e5ter spellicensen fr\u00e5n Malta som \u00e4r mest popul\u00e4r. Vid sidan av den finns det utl\u00e4ndska bettingsidor med spellicens fr\u00e5n Estland. H\u00e4r ska du f\u00e5 reda p\u00e5 vad det \u00e4r som skiljer dessa spelsidor mot de svenska, samt hur de fungerar.<\/p>\n\n\n\n<h2 class=\"wp-block-heading\">Vad \u00e4r utl\u00e4ndska bettingsidor?<\/h2>\n\n\n\n<p>Faktum \u00e4r att utl\u00e4ndska bettingsidor i stort fungerar som alla de med svensk spellicens. Givetvis finns det n\u00e5gra saker som skiljer, vilket i huvudsak \u00e4r fyra punkter.<\/p>\n\n\n\n<ul class=\"wp-block-list\">\n<li><strong>S\u00e4kerhet &amp; Trygghet:<\/strong> Vid spel med svensk licens, kommer alla svenskar alltid att ha ett b\u00e4ttre och mera omfattande konsumentskydd j\u00e4mf\u00f6rt med andra spellicenser.<\/li>\n\n\n\n<li><strong>Betalningsmetoder:<\/strong> N\u00e4r du spelar p\u00e5 casino och betting utan svensk licens, leder det till att ditt utbud av fungerande betalningsmetoder krymper. Till exempel, kan du inte l\u00e4ngre anv\u00e4nda Trustly eller Zimpler.<\/li>\n\n\n\n<li><strong>Spelpaus &amp; Ansvarsfullt spelande:<\/strong> P\u00e5 utl\u00e4ndska bettingsidor utan svensk licens finns inte Spelpaus. Med det sagt kan du inte st\u00e4nga av spel inom en hel jurisdiktion. Dock finns sj\u00e4lvexkludering, d\u00e4r du manuellt kan blockera tillg\u00e5ng till ditt spelkonto.<\/li>\n\n\n\n<li>Snabb &amp; enkel registrering med BankID: En stor f\u00f6rdel med svenska bettingsidor, \u00e4r den snabba och enkla registreringen av ditt spelkonto. H\u00e4r g\u00e5r allt automatiskt via uppgifter fr\u00e5n ditt svenska BankID. P\u00e5 bettingsidor utan svensk licens, g\u00e4ller manuell registrering utan BankID.<\/li>\n<\/ul>\n\n\n\n<p>I \u00f6vrigt fungerar utl\u00e4ndska bettingsidor precis som de svenska. H\u00e4r finns det akt\u00f6rer som har b\u00e5de st\u00f6rre och mindre spelutbud g\u00e4llande sporter och marknader. N\u00e5got som g\u00f6r att du alltid ska j\u00e4mf\u00f6ra och v\u00e4lja den bookmaker som erbjuder spel inom ditt kunskaps och intresseomr\u00e5de.<\/p>\n\n\n\n<h2 class=\"wp-block-heading\">V\u00e5ra senaste bettingartiklar: <\/h2>\n\n\n<div class=\"news-wrapper\"><div class=\"news-item \">\n    <div class=\"news-item-image-wrapper\" style=\"background-image:url('https:\/\/casino-mga.com\/wp-content\/uploads\/2024\/03\/poangtabell-och-uppdateringar-em-kvalets-senaste-stallning-topcontent.com-ai-2.jpg');\"><\/div>\n    <div class=\"news-item-text-wrapper\">\n        <div class=\"news-title-wrapper\">\n            <div class=\"date\">2024-03-21<\/div>\n            <div class=\"title\">Po\u00e4ngst\u00e4llning i em-kvalet<\/div>\n        <\/div>\n        <div class=\"excerpt\">Po\u00e4ngst\u00e4llning i em-kvalet Vill du h\u00e5lla dig uppdaterad om den senaste po\u00e4ngst\u00e4llningen i EM-kvalet? D\u00e5 har du kommit r\u00e4tt! I...<\/div>\n    <\/div>\n\n    <div class=\"news-item-cta-wrapper\">\n        <a href=\"https:\/\/casino-mga.com\/sv\/betting\/poangstallning-i-em-kvalet\/\" class=\"button outline\">L\u00e4s mer<\/a>\n    <\/div>\n<\/div><div class=\"news-item \">\n    <div class=\"news-item-image-wrapper\" style=\"background-image:url('https:\/\/casino-mga.com\/wp-content\/uploads\/2024\/03\/analysera-poangstallning-i-sveriges-herrlandslag-i-fotboll-topcontent.com-ai-0.jpg');\"><\/div>\n    <div class=\"news-item-text-wrapper\">\n        <div class=\"news-title-wrapper\">\n            <div class=\"date\">2024-03-18<\/div>\n            <div class=\"title\">Po\u00e4ngst\u00e4llning i Sveriges herrlandslag i fotboll<\/div>\n        <\/div>\n        <div class=\"excerpt\">N\u00e4r det kommer till att analysera po\u00e4ngst\u00e4llningen i Sveriges herrlandslag i fotboll kan det vara en sp\u00e4nnande och viktig uppgift....<\/div>\n    <\/div>\n\n    <div class=\"news-item-cta-wrapper\">\n        <a href=\"https:\/\/casino-mga.com\/sv\/betting\/poangstallning-i-sveriges-herrlandslag-i-fotboll\/\" class=\"button outline\">L\u00e4s mer<\/a>\n    <\/div>\n<\/div><div class=\"news-item \">\n    <div class=\"news-item-image-wrapper\" style=\"background-image:url('https:\/\/casino-mga.com\/wp-content\/uploads\/2024\/03\/arsenal-mot-man-utd-laguppstaellning.png');\"><\/div>\n    <div class=\"news-item-text-wrapper\">\n        <div class=\"news-title-wrapper\">\n            <div class=\"date\">2024-03-15<\/div>\n            <div class=\"title\">Arsenal mot Man Utd laguppst\u00e4llning<\/div>\n        <\/div>\n        <div class=\"excerpt\">Arsenal mot Man Utd laguppst\u00e4llning Den kommande matchen mellan Arsenal och Manchester United f\u00f6rv\u00e4ntas bli en h\u00f6gst betydelsefull och hett...<\/div>\n    <\/div>\n\n    <div class=\"news-item-cta-wrapper\">\n        <a href=\"https:\/\/casino-mga.com\/sv\/betting\/arsenal-mot-man-utd-laguppstallning\/\" class=\"button outline\">L\u00e4s mer<\/a>\n    <\/div>\n<\/div><div class=\"news-item \">\n    <div class=\"news-item-image-wrapper\" style=\"background-image:url('https:\/\/casino-mga.com\/wp-content\/uploads\/2024\/01\/spanien-vs-tyskland.png');\"><\/div>\n    <div class=\"news-item-text-wrapper\">\n        <div class=\"news-title-wrapper\">\n            <div class=\"date\">2024-01-17<\/div>\n            <div class=\"title\">Spaniens herrlandslag i fotboll mot Tysklands herrlandslag i fotboll laguppst\u00e4llning<\/div>\n        <\/div>\n        <div class=\"excerpt\">Spaniens herrlandslag i fotboll mot Tysklands herrlandslag i fotboll laguppst\u00e4llning Fotboll, som en global passion, har f\u00f6renat nationer och skapat...<\/div>\n    <\/div>\n\n    <div class=\"news-item-cta-wrapper\">\n        <a href=\"https:\/\/casino-mga.com\/sv\/betting\/spaniens-herrlandslag-i-fotboll-mot-tysklands-herrlandslag-i-fotboll-laguppstallning\/\" class=\"button outline\">L\u00e4s mer<\/a>\n    <\/div>\n<\/div><div class=\"news-item \">\n    <div class=\"news-item-image-wrapper\" style=\"background-image:url('https:\/\/casino-mga.com\/wp-content\/uploads\/2023\/10\/Brentford-mot-tottenham-laguppstallning.png');\"><\/div>\n    <div class=\"news-item-text-wrapper\">\n        <div class=\"news-title-wrapper\">\n            <div class=\"date\">2023-10-25<\/div>\n            <div class=\"title\">Brentford mot Tottenham laguppst\u00e4llning<\/div>\n        <\/div>\n        <div class=\"excerpt\">Brentford mot Tottenham laguppst\u00e4llning I den kommande matchen mellan Brentford och Tottenham Hotspur f\u00f6rv\u00e4ntas en intensiv strid mellan tv\u00e5 h\u00f6gpresterande...<\/div>\n    <\/div>\n\n    <div class=\"news-item-cta-wrapper\">\n        <a href=\"https:\/\/casino-mga.com\/sv\/betting\/brentford-mot-tottenham-laguppstallning\/\" class=\"button outline\">L\u00e4s mer<\/a>\n    <\/div>\n<\/div><\/div>\n\n\n\n<h2 class=\"wp-block-heading\">S\u00e5 kommer du ig\u00e5ng p\u00e5 bettingsidor utan svensk licens<\/h2>\n\n\n\n<p>\u00c4ven om det \u00e4r fantastiskt smidigt och enkelt att spela betting med svensk licens, kommer det inte alls vara kr\u00e5ngligt att komma ig\u00e5ng och spela p\u00e5 bettingsidor utan svensk licens. \u00c4r det s\u00e5 att du spelade betting online innan den 1:a januari 2019, vet du precis hur det hela g\u00e5r till.<\/p>\n\n\n\n<p>Det enda som skiljer sedan tidigare \u00e4r att bettingsidor utan svensk licens, inte l\u00e4ngre kan erbjuda dig att spela. N\u00e5got som g\u00f6r dem lite sv\u00e5rare att finna. Vidare \u00e4r det fortfarande m\u00e5nga, men inte alla, som accepterar registrering och spel fr\u00e5n svenska spelare.<\/p>\n\n\n\n<p>Nedan ser du en steg-f\u00f6r-steg hur du kommer ig\u00e5ng med spel p\u00e5 utl\u00e4ndska bettingsajter.<\/p>\n\n\n\n<ol class=\"wp-block-list\">\n<li>Hitta din favorit bland bettingsajter som accepterar svenska spelare.<\/li>\n\n\n\n<li>Registrera ditt nya spelkonto. Klicka p\u00e5 \u201dregister\u201d och fyll i de uppgifter som efterfr\u00e5gas, samt verifiera din angivna e-postadress.<\/li>\n\n\n\n<li>Logga in p\u00e5 ditt spelkonto, tacka jag till eventuell bonus samt v\u00e4lj betalningsmetod. Fyll i belopp och godk\u00e4nn din ins\u00e4ttning.<\/li>\n\n\n\n<li>Pengarna finns direkt, eller inom 10 minuter, p\u00e5 ditt spelkonto och du kan nu b\u00f6rja spela.<\/li>\n<\/ol>\n\n\n\n<h2 class=\"wp-block-heading\">S\u00e4kerhet och trygghet p\u00e5 bettingsidor utan svensk licens<\/h2>\n\n\n\n<p>\u00c4ven om du inte kommer att f\u00e5 lika h\u00f6g trygghet och s\u00e4kerhet som p\u00e5 svenska spelsidor, kommer s\u00e4kerheten att vara mycket bra. H\u00e4r fungerar allt som det gjorde innan den svenska spellicensen tr\u00e4dde i kraft. Ut\u00f6ver det, spelar alla andra europeiska spelare, p\u00e5 dessa spelsidor utan att k\u00e4nna sig os\u00e4kra.<\/p>\n\n\n\n<p>F\u00f6r att f\u00e5 fullgod trygghet och s\u00e4kerhet vid spel p\u00e5 bettingsidor utan svensk licens, betyder valet av spellicens v\u00e4ldigt mycket. H\u00e4r kommer de spelbolag utan svensk licens, som driver betting med <a href=\"https:\/\/casino-mga.com\/sv\/\">MGA licens<\/a> eller spellicens Estland att vara de tryggaste valen.<\/p>\n\n\n\n<p>Ut\u00f6ver dessa tv\u00e5 spelmyndigheter, finns \u00e4ven de som licensierar spelbolag vilka accepterar svenska spelare utanf\u00f6r EU och Europa. H\u00e4r finns vi d\u00e5 popul\u00e4ra och trygga val i de med Curacao licens samt spellicens utf\u00e4rdad p\u00e5 Gibraltar.<\/p>\n\n\n\n<p>P\u00e5 senare tid, har ocks\u00e5 tv\u00e5 andra spelmyndigheter tagit steget ut i ljuset och numera \u00e4r ansedda som seri\u00f6sa regulatoriska kroppar p\u00e5 den internationella spelmarknaden. Detta \u00e4r spellicenserna utf\u00e4rdade p\u00e5 Alderney och Isle of Man. Anledningen till det \u00e4r att de lyder under det brittiska kungad\u00f6met, vilket indirekt kopplar dem till UK Gambling Commission.<\/p>\n\n\n\n<h2 class=\"wp-block-heading\">Bettingsidor utan svensk licens och skatt p\u00e5 spelvinster<\/h2>\n\n\n\n<p>G\u00e4llande skatt p\u00e5 spelvinster finns det en rad olika regler f\u00f6r bettingsidor utan svensk licens. Som vi alla vet, \u00e4r det automatiskt skattefria vinster p\u00e5 alla svenska bettingsidor. N\u00e4r det kommer till utl\u00e4ndska bettingsidor, finns det en rad krav de m\u00e5ste uppfylla, samt valt av r\u00e4tt spellicens som g\u00e4ller f\u00f6r att f\u00e5 skattefria vinster.<\/p>\n\n\n\n<p>G\u00e4llande kraven \u00e4r de f\u00f6ljande:<\/p>\n\n\n\n<ul class=\"wp-block-list\">\n<li>De f\u00e5r ej rikta spel, marknadsf\u00f6ring eller bonusar mot svenska spelare.<\/li>\n\n\n\n<li>Spelsidan f\u00e5r inte vara publicerad p\u00e5 svenska.<\/li>\n\n\n\n<li>Spel f\u00e5r ej ske med svensk valuta.<\/li>\n<\/ul>\n\n\n\n<p>Om du spela p\u00e5 bettingsidor utan svensk licens som uppfyller dessa tre krav, kommer du beroende p\u00e5 valet av spellicens att kunna erh\u00e5lla skattefria vinster.<\/p>\n\n\n\n<ul class=\"wp-block-list\">\n<li>Alla bettingsidor utan svensk licens, som \u00e4r licensierade av en spelmyndighet med juridiskt s\u00e4te in EU som samtidigt riktar sin verksamhet mot minst ett EU-land ger skattefria vinster till svenska spelare. (det EU-land de riktar sig mot, kan inte vara Sverige)<\/li>\n\n\n\n<li>P\u00e5 alla utl\u00e4ndska bettingsidor som \u00e4r licensierade utanf\u00f6r den Europeiska Unionen, \u00e4r du skyldig att betala 30 % skatt p\u00e5 alla dina nettovinster.<\/li>\n<\/ul>\n\n\n\n<p>L\u00e4s mera om hur du <a href=\"https:\/\/www.skatteverket.se\/privat\/skatter\/arbeteochinkomst\/inkomster\/kopforsaljningochspelpainternet\/deklareraspelvinster.4.65fc817e1077c25b8328000675.html\">deklarerar spelvinster<\/a>&nbsp;hos Skatteverket.<\/p>\n\n\n\n<h2 class=\"wp-block-heading\">Bonusar och erbjudanden p\u00e5 utl\u00e4ndska spelsidor<\/h2>\n\n\n\n<p>N\u00e4r det g\u00e4ller bonusregler p\u00e5 utl\u00e4ndska bettingsidor, ser de lite olika ut beroende p\u00e5 vilken spellicens de driver sin verksamhet med. Vi kommer \u00e4ven att ta med bonusar p\u00e5 svenska bettingsidor, s\u00e5 du kan se alla de tre olika scenarion som existerar p\u00e5 spelmarknaden.<\/p>\n\n\n\n<h3 class=\"wp-block-heading\">Bonus p\u00e5 svenska bettingsidor<\/h3>\n\n\n\n<p>Efter att den svenska spellicensen tog \u00f6ver, g\u00e4ller nya regler f\u00f6r bonusar och erbjudanden p\u00e5 betting med svensk licens. Numera g\u00e4ller en v\u00e4lkomstbonus per spelare och spelbolag\/svensk licens. Det betyder s\u00e5ledes att du inte kan f\u00e5 flera bonusar p\u00e5 en och samma spelsida, eller andra spelsidor som drivs av samma spelbolag under samma svenska spellicens.<\/p>\n\n\n\n<p>Ut\u00f6ver det, m\u00e5ste den bonus du f\u00e5r, vara tilldelad som v\u00e4lkomstbonus f\u00f6r nya spelare i samband med, och kopplad till, den f\u00f6rsta ins\u00e4ttningen. I kombination till nya bonusregler blev ocks\u00e5 alla VIP och lojalitetsprogram f\u00f6rbjudna.<\/p>\n\n\n\n<h3 class=\"wp-block-heading\">Bonus p\u00e5 utl\u00e4ndska bettingsidor licensierade inom EU<\/h3>\n\n\n\n<p>Under den f\u00f6rsta delen av den svenska spellicensens era, gick det fortfarande att f\u00e5 obegr\u00e4nsat med bonusar och erbjudanden. \u00c4ven VIP och lojalitetsprogram var \u00f6ppna f\u00f6r svenska spelare. Sedan en tid tillbaka har de valt att g\u00e5 p\u00e5 Spelinspektionens linje.<\/p>\n\n\n\n<p>Det betyder att du som svensk spelare inte l\u00e4ngre kan erh\u00e5lla n\u00e5gra bonusar eller erbjudanden p\u00e5 utl\u00e4ndska bettingsidor licensierade av spelmyndigheter inom EU. Inte heller finns VIP och lojalitetsprogram tillg\u00e4ngliga.<\/p>\n\n\n\n<h3 class=\"wp-block-heading\">Bonus p\u00e5 bettingsidor utan svensk licens licensierade utanf\u00f6r EU<\/h3>\n\n\n\n<p>Om du tar det stora steget och v\u00e4ljer spel p\u00e5 bettingsidor utan svensk licens licensierade av spelmyndigheter utanf\u00f6r EU. Ja, d\u00e5 kommer du fortfarande kunna erh\u00e5lla obegr\u00e4nsat med bonusar oh erbjudanden. I allm\u00e4nhet kommer ocks\u00e5 dessa vara av st\u00f6rre kaliber.<\/p>\n\n\n\n<p>P\u00e5 dessa spelsidor kommer du ocks\u00e5 kunna g\u00e5 med i VIP program och njuta av frikostiga lojalitetsprogram. Dock kommer du inte l\u00e4ngre f\u00e5 skattefria vinster, vilket betyder att du byter bonusar mot at betala 30 % i skatt p\u00e5 alla dina vinster.<\/p>\n\n\n\n<h2 class=\"wp-block-heading\">Topp 3 betalningsmetoder p\u00e5 betting utan svensk licens<\/h2>\n\n\n\n<p>Som du kanske redan vet, \u00e4r det ett flertal betalningsmetoder som val att inte l\u00e4ngre erbjuda sina tj\u00e4nster till spelare p\u00e5 betting utan svensk licens. Givetvis, g\u00e4ller det inte bara betting, utan allt spel om pengar utan svensk licens.<\/p>\n\n\n\n<p>De som f\u00f6rsvunnit \u00e4r ocks\u00e5 de mest popul\u00e4ra och \u00e4lskade bland svenska spelare. H\u00e4r \u00e4r det Trustly, Zimpler samt n\u00e4tpl\u00e5nb\u00f6ckerna Skrill och Neteller. Vidare fungerar enbart Swish p\u00e5 den svenska marknaden. Vad som finns kvar, \u00e4r dock tre mycket bra och trygga betalningsmetoder som fungerar f\u00f6r svenska spelare p\u00e5 utl\u00e4ndska bettingsidor.<\/p>\n\n\n\n<ul class=\"wp-block-list\">\n<li>MuchBetter: En \u00f6verl\u00e4gen n\u00e4tpl\u00e5nbok f\u00f6r svenska spelare p\u00e5 betting utan svensk licens. H\u00e4r f\u00e5r du en trygg plats f\u00f6r pengar med 2-stegs verifikation. \u00d6ver det kan du ans\u00f6ka om ett uttagskort, s\u00e5 du f\u00e5r tillg\u00e5ng till pengarna utan att flytta dem till ditt svenska bankkonto.<\/li>\n\n\n\n<li>Mifinity: En e-wallet d\u00e4r du kan anv\u00e4nda och v\u00e4lja Trustly f\u00f6r att s\u00e4tta in och ta ut pengar.<\/li>\n\n\n\n<li>Visa &amp; Mastercard: Under en tid blockerades dessa kort kraftigt. Numera har m\u00e5nga spelbolag utan svensk licens funnit v\u00e4ger kring detta. N\u00e5got som betyder att \u00e4ven kortbetalningar \u00e5terigen fungerar p\u00e5 m\u00e5nga utl\u00e4ndska bettingsajter.<\/li>\n<\/ul>\n\n\n\n<h2 class=\"wp-block-heading\">Kundtj\u00e4nst och Support p\u00e5 bettingsidor utan svensk licens<\/h2>\n\n\n\n<p>Vare sig du spelar p\u00e5 svenska bettingsidor eller p\u00e5 betting utan svensk licens f\u00e5r du idag en bra och omfattande support. Det enda du m\u00e5ste se till, \u00e4r att du v\u00e4ljer de som driver spelverksamhet med seri\u00f6sa spellicenser.<\/p>\n\n\n\n<p>Hos bettingsidor utan svensk licens, kan du r\u00e4kna med att f\u00e5 m\u00f6jlighet till kontakt via live chatt samt e-post. Vissa kommer ocks\u00e5 att ge support via telefon. Vid sidan av det, finns det hos n\u00e4stan alla spelbolag en sida f\u00f6r vanliga fr\u00e5gor och svar.<\/p>\n\n\n\n<h2 class=\"wp-block-heading\">Tre tips hur du hittar b\u00e4sta utl\u00e4ndska bettingsidor<\/h2>\n\n\n\n<p>N\u00e4r du nu vet det mesta om, och hur bettingsidor utan svensk licens fungerar. D\u00e5 m\u00e5ste du ocks\u00e5 veta hur det g\u00e5r till att finna b\u00e4sta utl\u00e4ndska bettingsidor. H\u00e4r finns det tre bra s\u00e4tt att s\u00f6ka efter dessa.<\/p>\n\n\n\n<ul class=\"wp-block-list\">\n<li>L\u00e4s recensioner p\u00e5 n\u00e4tet, f\u00f6r att bilda dig en uppfattning om vilka utl\u00e4ndska bettingsidor som passar just dig.<\/li>\n\n\n\n<li>Kontrollera olika bonusar och erbjudanden i topplistor hos webbsidor som driver affiliate-verksamhet.<\/li>\n\n\n\n<li>S\u00f6k efter tr\u00e5dar i olika forum, och ta reda p\u00e5 vad andra spelare anser om de olika spelsidorna som erbjuder casino och betting utan svensk licens.<\/li>\n<\/ul>\n\n\n\n<h2 class=\"wp-block-heading\">Sammanfattning av bettingsidor utan svensk licens<\/h2>\n\n\n\n<p>Om du s\u00e4kerligen f\u00f6rst\u00e5tt, kommer det inte vara otryggt, farligt eller olagligt att spela p\u00e5 bettingsidor utan svensk licens. H\u00e4r kommer det vara en liten skillnad g\u00e4llande den s\u00e4kerhet som svenska bettingsidor \u00e4r k\u00e4nda f\u00f6r. Dock kommer utl\u00e4ndska bettingsidor fortfarande vara lika s\u00e4kra att spela p\u00e5 som de var innan den svenska licensen fanns.<\/p>\n\n\n\n<p>H\u00e4r har du nu f\u00e5tt tillr\u00e4cklig information f\u00f6r att finna, v\u00e4lja och registrera dig p\u00e5 bettingsidor utan svensk licens. Du vet ocks\u00e5 vad du f\u00e5r och hur de fungerar. Med andra ord st\u00e5r det \u00f6ppet att prova spel utanf\u00f6r den svenska spelmarknaden.<\/p>\n","protected":false},"excerpt":{"rendered":"<p>Bettingsidor utan svensk licens N\u00e4r vi talar om olika akt\u00f6rer som driver bettingsidor utan svensk licens, \u00e4r det vanligt att&#8230;<\/p>\n","protected":false},"author":3,"featured_media":0,"parent":0,"menu_order":0,"comment_status":"closed","ping_status":"closed","template":"","meta":{"_acf_changed":false,"footnotes":""},"class_list":["post-1070","page","type-page","status-publish","hentry"],"acf":[],"yoast_head":"<!-- This site is optimized with the Yoast SEO plugin v27.0 - https:\/\/yoast.com\/product\/yoast-seo-wordpress\/ -->\n<title>Betting - MGA Casino<\/title>\n<meta name=\"robots\" content=\"index, follow, max-snippet:-1, max-image-preview:large, max-video-preview:-1\" \/>\n<link rel=\"canonical\" href=\"https:\/\/casino-mga.com\/sv\/betting\/\" \/>\n<meta property=\"og:locale\" content=\"sv_SE\" \/>\n<meta property=\"og:type\" content=\"article\" \/>\n<meta property=\"og:title\" content=\"Betting - MGA Casino\" \/>\n<meta property=\"og:description\" content=\"Bettingsidor utan svensk licens N\u00e4r vi talar om olika akt\u00f6rer som driver bettingsidor utan svensk licens, \u00e4r det vanligt att...\" \/>\n<meta property=\"og:url\" content=\"https:\/\/casino-mga.com\/sv\/betting\/\" \/>\n<meta property=\"og:site_name\" content=\"MGA Casino\" \/>\n<meta property=\"article:modified_time\" content=\"2023-11-09T09:59:49+00:00\" \/>\n<meta name=\"twitter:card\" content=\"summary_large_image\" \/>\n<meta name=\"twitter:label1\" content=\"Ber\u00e4knad l\u00e4stid\" \/>\n\t<meta name=\"twitter:data1\" content=\"9 minuter\" \/>\n<script type=\"application\/ld+json\" class=\"yoast-schema-graph\">{\"@context\":\"https:\/\/schema.org\",\"@graph\":[{\"@type\":\"WebPage\",\"@id\":\"https:\/\/casino-mga.com\/sv\/betting\/\",\"url\":\"https:\/\/casino-mga.com\/sv\/betting\/\",\"name\":\"Betting - MGA Casino\",\"isPartOf\":{\"@id\":\"https:\/\/casino-mga.com\/sv\/#website\"},\"datePublished\":\"2023-10-24T09:12:00+00:00\",\"dateModified\":\"2023-11-09T09:59:49+00:00\",\"breadcrumb\":{\"@id\":\"https:\/\/casino-mga.com\/sv\/betting\/#breadcrumb\"},\"inLanguage\":\"sv-SE\",\"potentialAction\":[{\"@type\":\"ReadAction\",\"target\":[\"https:\/\/casino-mga.com\/sv\/betting\/\"]}]},{\"@type\":\"BreadcrumbList\",\"@id\":\"https:\/\/casino-mga.com\/sv\/betting\/#breadcrumb\",\"itemListElement\":[{\"@type\":\"ListItem\",\"position\":1,\"name\":\"MGA Casino\",\"item\":\"https:\/\/casino-mga.com\/sv\/\"},{\"@type\":\"ListItem\",\"position\":2,\"name\":\"Betting\"}]},{\"@type\":\"WebSite\",\"@id\":\"https:\/\/casino-mga.com\/sv\/#website\",\"url\":\"https:\/\/casino-mga.com\/sv\/\",\"name\":\"MGA Casino\",\"description\":\"Alles \u00fcber MGA Casinos online\",\"publisher\":{\"@id\":\"https:\/\/casino-mga.com\/sv\/#organization\"},\"potentialAction\":[{\"@type\":\"SearchAction\",\"target\":{\"@type\":\"EntryPoint\",\"urlTemplate\":\"https:\/\/casino-mga.com\/sv\/?s={search_term_string}\"},\"query-input\":{\"@type\":\"PropertyValueSpecification\",\"valueRequired\":true,\"valueName\":\"search_term_string\"}}],\"inLanguage\":\"sv-SE\"},{\"@type\":\"Organization\",\"@id\":\"https:\/\/casino-mga.com\/sv\/#organization\",\"name\":\"MGA Casino\",\"url\":\"https:\/\/casino-mga.com\/sv\/\",\"logo\":{\"@type\":\"ImageObject\",\"inLanguage\":\"sv-SE\",\"@id\":\"https:\/\/casino-mga.com\/sv\/#\/schema\/logo\/image\/\",\"url\":\"https:\/\/casino-mga.com\/wp-content\/uploads\/2022\/07\/cropped-mga-casino-logo.png\",\"contentUrl\":\"https:\/\/casino-mga.com\/wp-content\/uploads\/2022\/07\/cropped-mga-casino-logo.png\",\"width\":578,\"height\":300,\"caption\":\"MGA Casino\"},\"image\":{\"@id\":\"https:\/\/casino-mga.com\/sv\/#\/schema\/logo\/image\/\"}}]}<\/script>\n<!-- \/ Yoast SEO plugin. -->","yoast_head_json":{"title":"Betting - MGA Casino","robots":{"index":"index","follow":"follow","max-snippet":"max-snippet:-1","max-image-preview":"max-image-preview:large","max-video-preview":"max-video-preview:-1"},"canonical":"https:\/\/casino-mga.com\/sv\/betting\/","og_locale":"sv_SE","og_type":"article","og_title":"Betting - MGA Casino","og_description":"Bettingsidor utan svensk licens N\u00e4r vi talar om olika akt\u00f6rer som driver bettingsidor utan svensk licens, \u00e4r det vanligt att...","og_url":"https:\/\/casino-mga.com\/sv\/betting\/","og_site_name":"MGA Casino","article_modified_time":"2023-11-09T09:59:49+00:00","twitter_card":"summary_large_image","twitter_misc":{"Ber\u00e4knad l\u00e4stid":"9 minuter"},"schema":{"@context":"https:\/\/schema.org","@graph":[{"@type":"WebPage","@id":"https:\/\/casino-mga.com\/sv\/betting\/","url":"https:\/\/casino-mga.com\/sv\/betting\/","name":"Betting - MGA Casino","isPartOf":{"@id":"https:\/\/casino-mga.com\/sv\/#website"},"datePublished":"2023-10-24T09:12:00+00:00","dateModified":"2023-11-09T09:59:49+00:00","breadcrumb":{"@id":"https:\/\/casino-mga.com\/sv\/betting\/#breadcrumb"},"inLanguage":"sv-SE","potentialAction":[{"@type":"ReadAction","target":["https:\/\/casino-mga.com\/sv\/betting\/"]}]},{"@type":"BreadcrumbList","@id":"https:\/\/casino-mga.com\/sv\/betting\/#breadcrumb","itemListElement":[{"@type":"ListItem","position":1,"name":"MGA Casino","item":"https:\/\/casino-mga.com\/sv\/"},{"@type":"ListItem","position":2,"name":"Betting"}]},{"@type":"WebSite","@id":"https:\/\/casino-mga.com\/sv\/#website","url":"https:\/\/casino-mga.com\/sv\/","name":"MGA Casino","description":"Alles \u00fcber MGA Casinos online","publisher":{"@id":"https:\/\/casino-mga.com\/sv\/#organization"},"potentialAction":[{"@type":"SearchAction","target":{"@type":"EntryPoint","urlTemplate":"https:\/\/casino-mga.com\/sv\/?s={search_term_string}"},"query-input":{"@type":"PropertyValueSpecification","valueRequired":true,"valueName":"search_term_string"}}],"inLanguage":"sv-SE"},{"@type":"Organization","@id":"https:\/\/casino-mga.com\/sv\/#organization","name":"MGA Casino","url":"https:\/\/casino-mga.com\/sv\/","logo":{"@type":"ImageObject","inLanguage":"sv-SE","@id":"https:\/\/casino-mga.com\/sv\/#\/schema\/logo\/image\/","url":"https:\/\/casino-mga.com\/wp-content\/uploads\/2022\/07\/cropped-mga-casino-logo.png","contentUrl":"https:\/\/casino-mga.com\/wp-content\/uploads\/2022\/07\/cropped-mga-casino-logo.png","width":578,"height":300,"caption":"MGA Casino"},"image":{"@id":"https:\/\/casino-mga.com\/sv\/#\/schema\/logo\/image\/"}}]}},"_links":{"self":[{"href":"https:\/\/casino-mga.com\/sv\/wp-json\/wp\/v2\/pages\/1070","targetHints":{"allow":["GET"]}}],"collection":[{"href":"https:\/\/casino-mga.com\/sv\/wp-json\/wp\/v2\/pages"}],"about":[{"href":"https:\/\/casino-mga.com\/sv\/wp-json\/wp\/v2\/types\/page"}],"author":[{"embeddable":true,"href":"https:\/\/casino-mga.com\/sv\/wp-json\/wp\/v2\/users\/3"}],"replies":[{"embeddable":true,"href":"https:\/\/casino-mga.com\/sv\/wp-json\/wp\/v2\/comments?post=1070"}],"version-history":[{"count":3,"href":"https:\/\/casino-mga.com\/sv\/wp-json\/wp\/v2\/pages\/1070\/revisions"}],"predecessor-version":[{"id":1092,"href":"https:\/\/casino-mga.com\/sv\/wp-json\/wp\/v2\/pages\/1070\/revisions\/1092"}],"wp:attachment":[{"href":"https:\/\/casino-mga.com\/sv\/wp-json\/wp\/v2\/media?parent=1070"}],"curies":[{"name":"wp","href":"https:\/\/api.w.org\/{rel}","templated":true}]}}