{"id":1102,"date":"2023-11-09T10:02:19","date_gmt":"2023-11-09T10:02:19","guid":{"rendered":"http:\/\/casino-mga.com\/?page_id=1102"},"modified":"2023-11-09T10:02:20","modified_gmt":"2023-11-09T10:02:20","slug":"artiklar","status":"publish","type":"page","link":"https:\/\/casino-mga.com\/sv\/artiklar\/","title":{"rendered":"Artiklar"},"content":{"rendered":"\n<h1 class=\"wp-block-heading\">Artiklar, tips och trix<\/h1>\n\n\n<div class=\"news-wrapper\"><div class=\"news-item \">\n    <div class=\"news-item-image-wrapper\" style=\"background-image:url('');\"><\/div>\n    <div class=\"news-item-text-wrapper\">\n        <div class=\"news-title-wrapper\">\n            <div class=\"date\">2025-12-11<\/div>\n            <div class=\"title\">Svenska casinon vs casinon fr\u00e5n Malta: Skillnader och likheter<\/div>\n        <\/div>\n        <div class=\"excerpt\">Svenska casinon vs casinon fr\u00e5n Malta: Skillnader och likheter Svenska spelare har m\u00f6jligheten att spela p\u00e5 casinon fr\u00e5n hela v\u00e4rlden,...<\/div>\n    <\/div>\n\n    <div class=\"news-item-cta-wrapper\">\n        <a href=\"https:\/\/casino-mga.com\/sv\/artiklar\/svenska-casinon-vs-casinon-fran-malta-skillnader-och-likheter\/\" class=\"button outline\">L\u00e4s mer<\/a>\n    <\/div>\n<\/div><div class=\"news-item \">\n    <div class=\"news-item-image-wrapper\" style=\"background-image:url('');\"><\/div>\n    <div class=\"news-item-text-wrapper\">\n        <div class=\"news-title-wrapper\">\n            <div class=\"date\">2024-10-16<\/div>\n            <div class=\"title\">Vad skiljer en amat\u00f6r fr\u00e5n ett pokerproffs?<\/div>\n        <\/div>\n        <div class=\"excerpt\">Vad skiljer en amat\u00f6r fr\u00e5n ett pokerproffs? Poker \u00e4r ett mytomspunnet spel. N\u00e4r du s\u00e4tter dig ner vid ett pokerbord...<\/div>\n    <\/div>\n\n    <div class=\"news-item-cta-wrapper\">\n        <a href=\"https:\/\/casino-mga.com\/sv\/artiklar\/vad-skiljer-en-amator-fran-ett-pokerproffs\/\" class=\"button outline\">L\u00e4s mer<\/a>\n    <\/div>\n<\/div><div class=\"news-item \">\n    <div class=\"news-item-image-wrapper\" style=\"background-image:url('');\"><\/div>\n    <div class=\"news-item-text-wrapper\">\n        <div class=\"news-title-wrapper\">\n            <div class=\"date\">2024-06-18<\/div>\n            <div class=\"title\">Den b\u00e4sta platsen f\u00f6r att hitta topprankade online casinon? &#8211; Casinotopplistan<\/div>\n        <\/div>\n        <div class=\"excerpt\">Den b\u00e4sta platsen f\u00f6r att hitta topprankade online casinon? &#8211; Casinotopplistan \u00c4r du ute efter den b\u00e4sta spelupplevelsen online? D\u00e5...<\/div>\n    <\/div>\n\n    <div class=\"news-item-cta-wrapper\">\n        <a href=\"https:\/\/casino-mga.com\/sv\/artiklar\/den-basta-platsen-for-att-hitta-topprankade-online-casinon-casinotopplistan\/\" class=\"button outline\">L\u00e4s mer<\/a>\n    <\/div>\n<\/div><div class=\"news-item \">\n    <div class=\"news-item-image-wrapper\" style=\"background-image:url('https:\/\/casino-mga.com\/wp-content\/uploads\/2024\/03\/Fordelarna-med-att-anvanda-BankID-pa-online-casinon-scaled.jpg');\"><\/div>\n    <div class=\"news-item-text-wrapper\">\n        <div class=\"news-title-wrapper\">\n            <div class=\"date\">2024-03-05<\/div>\n            <div class=\"title\">F\u00f6rdelarna med att anv\u00e4nda BankID p\u00e5 online casinon<\/div>\n        <\/div>\n        <div class=\"excerpt\">F\u00f6rdelarna med att anv\u00e4nda BankID p\u00e5 online casinon Att anv\u00e4nda BankID p\u00e5 online casinon har blivit allt vanligare och popul\u00e4rare...<\/div>\n    <\/div>\n\n    <div class=\"news-item-cta-wrapper\">\n        <a href=\"https:\/\/casino-mga.com\/sv\/artiklar\/fordelarna-med-att-anvanda-bankid-pa-online-casinon\/\" class=\"button outline\">L\u00e4s mer<\/a>\n    <\/div>\n<\/div><div class=\"news-item \">\n    <div class=\"news-item-image-wrapper\" style=\"background-image:url('');\"><\/div>\n    <div class=\"news-item-text-wrapper\">\n        <div class=\"news-title-wrapper\">\n            <div class=\"date\">2024-02-28<\/div>\n            <div class=\"title\">MGA casinon vs Svenska casinon<\/div>\n        <\/div>\n        <div class=\"excerpt\">MGA casinon vs Svenska casinon Att navigera bland det omfattande utbudet av n\u00e4tcasinon kan vara en sv\u00e5r uppgift f\u00f6r m\u00e5nga...<\/div>\n    <\/div>\n\n    <div class=\"news-item-cta-wrapper\">\n        <a href=\"https:\/\/casino-mga.com\/sv\/artiklar\/mga-casinon-vs-svenska-casinon\/\" class=\"button outline\">L\u00e4s mer<\/a>\n    <\/div>\n<\/div><div class=\"news-item \">\n    <div class=\"news-item-image-wrapper\" style=\"background-image:url('https:\/\/casino-mga.com\/wp-content\/uploads\/2024\/02\/mga-licens-vs-sga-licens.png');\"><\/div>\n    <div class=\"news-item-text-wrapper\">\n        <div class=\"news-title-wrapper\">\n            <div class=\"date\">2024-02-22<\/div>\n            <div class=\"title\">MGA-licensierade Casinon: Ett Alternativ f\u00f6r Svenska Spelare<\/div>\n        <\/div>\n        <div class=\"excerpt\">MGA-licensierade Casinon: Ett Alternativ f\u00f6r Svenska Spelare F\u00f6r svenska spelare \u00e4r valet av onlinecasino alltid en viktig beslutspunkt. Med den...<\/div>\n    <\/div>\n\n    <div class=\"news-item-cta-wrapper\">\n        <a href=\"https:\/\/casino-mga.com\/sv\/artiklar\/mga-licensierade-casinon-ett-alternativ-for-svenska-spelare\/\" class=\"button outline\">L\u00e4s mer<\/a>\n    <\/div>\n<\/div><div class=\"news-item \">\n    <div class=\"news-item-image-wrapper\" style=\"background-image:url('https:\/\/casino-mga.com\/wp-content\/uploads\/2024\/01\/sjuan-kortspel.jpeg');\"><\/div>\n    <div class=\"news-item-text-wrapper\">\n        <div class=\"news-title-wrapper\">\n            <div class=\"date\">2024-01-26<\/div>\n            <div class=\"title\">Sjuan kortspel<\/div>\n        <\/div>\n        <div class=\"excerpt\">Kortspel har varit en omtyckt form av underh\u00e5llning genom tiderna och har funnits i olika former och varianter \u00f6ver hela...<\/div>\n    <\/div>\n\n    <div class=\"news-item-cta-wrapper\">\n        <a href=\"https:\/\/casino-mga.com\/sv\/artiklar\/sjuan-kortspel\/\" class=\"button outline\">L\u00e4s mer<\/a>\n    <\/div>\n<\/div><div class=\"news-item \">\n    <div class=\"news-item-image-wrapper\" style=\"background-image:url('https:\/\/casino-mga.com\/wp-content\/uploads\/2023\/12\/europeiska-casinon.jpeg');\"><\/div>\n    <div class=\"news-item-text-wrapper\">\n        <div class=\"news-title-wrapper\">\n            <div class=\"date\">2023-12-29<\/div>\n            <div class=\"title\">Utforska europeiska casinon<\/div>\n        <\/div>\n        <div class=\"excerpt\">Utforska europeiska casinon Europeiska casinon erbjuder en fascinerande blandning av historia, lyx och sp\u00e4nnande spelupplevelser. Dessa anrika spelhus skiljer sig...<\/div>\n    <\/div>\n\n    <div class=\"news-item-cta-wrapper\">\n        <a href=\"https:\/\/casino-mga.com\/sv\/artiklar\/utforska-europeiska-casinon\/\" class=\"button outline\">L\u00e4s mer<\/a>\n    <\/div>\n<\/div><div class=\"news-item \">\n    <div class=\"news-item-image-wrapper\" style=\"background-image:url('https:\/\/casino-mga.com\/wp-content\/uploads\/2023\/12\/casino-utan-omsattningskrav.webp');\"><\/div>\n    <div class=\"news-item-text-wrapper\">\n        <div class=\"news-title-wrapper\">\n            <div class=\"date\">2023-12-25<\/div>\n            <div class=\"title\">Vad \u00e4r ett casino utan oms\u00e4ttningskrav?<\/div>\n        <\/div>\n        <div class=\"excerpt\">Vad \u00e4r ett casino utan oms\u00e4ttningskrav? Om du tycker att casinon h\u00e5ller mer \u00e4n de lovar n\u00e4r de erbjuder stora...<\/div>\n    <\/div>\n\n    <div class=\"news-item-cta-wrapper\">\n        <a href=\"https:\/\/casino-mga.com\/sv\/artiklar\/vad-ar-ett-casino-utan-omsattningskrav\/\" class=\"button outline\">L\u00e4s mer<\/a>\n    <\/div>\n<\/div><div class=\"news-item \">\n    <div class=\"news-item-image-wrapper\" style=\"background-image:url('https:\/\/casino-mga.com\/wp-content\/uploads\/2023\/11\/spellicenser.jpg');\"><\/div>\n    <div class=\"news-item-text-wrapper\">\n        <div class=\"news-title-wrapper\">\n            <div class=\"date\">2023-11-24<\/div>\n            <div class=\"title\">F\u00f6rst\u00e5 de olika licenserna f\u00f6r onlinecasinon<\/div>\n        <\/div>\n        <div class=\"excerpt\">F\u00f6rst\u00e5 de olika licenserna f\u00f6r onlinecasinon Onlinecasinon \u00e4r n\u00e5got som har blivit allt mer popul\u00e4rt under de senaste \u00e5ren och...<\/div>\n    <\/div>\n\n    <div class=\"news-item-cta-wrapper\">\n        <a href=\"https:\/\/casino-mga.com\/sv\/artiklar\/forsta-de-olika-licenserna-for-onlinecasinon\/\" class=\"button outline\">L\u00e4s mer<\/a>\n    <\/div>\n<\/div><div class=\"news-item \">\n    <div class=\"news-item-image-wrapper\" style=\"background-image:url('https:\/\/casino-mga.com\/wp-content\/uploads\/2023\/11\/online-casino-norge.jpg');\"><\/div>\n    <div class=\"news-item-text-wrapper\">\n        <div class=\"news-title-wrapper\">\n            <div class=\"date\">2023-11-21<\/div>\n            <div class=\"title\">Spela p\u00e5 online casino i Norge: En guide f\u00f6r svenska spelare<\/div>\n        <\/div>\n        <div class=\"excerpt\">Spela p\u00e5 online casino i Norge: En guide f\u00f6r svenska spelare Att spela p\u00e5 norska online casinon kan ge spelare...<\/div>\n    <\/div>\n\n    <div class=\"news-item-cta-wrapper\">\n        <a href=\"https:\/\/casino-mga.com\/sv\/artiklar\/spela-pa-online-casino-i-norge-en-guide-for-svenska-spelare\/\" class=\"button outline\">L\u00e4s mer<\/a>\n    <\/div>\n<\/div><div class=\"news-item \">\n    <div class=\"news-item-image-wrapper\" style=\"background-image:url('https:\/\/casino-mga.com\/wp-content\/uploads\/2023\/11\/utlandska-casinon.webp');\"><\/div>\n    <div class=\"news-item-text-wrapper\">\n        <div class=\"news-title-wrapper\">\n            <div class=\"date\">2023-11-17<\/div>\n            <div class=\"title\">Utl\u00e4ndska casinon med BankID<\/div>\n        <\/div>\n        <div class=\"excerpt\">S\u00e5 fungerar Utl\u00e4ndska casinon med BankID BankID \u00e4r ett identifieringsverktyg som finns p\u00e5 m\u00e5nga svenska Trustly casinon. P\u00e5 utl\u00e4ndska casinon...<\/div>\n    <\/div>\n\n    <div class=\"news-item-cta-wrapper\">\n        <a href=\"https:\/\/casino-mga.com\/sv\/artiklar\/sa-fungerar-utlandska-casinon-med-bankid\/\" class=\"button outline\">L\u00e4s mer<\/a>\n    <\/div>\n<\/div><div class=\"news-item \">\n    <div class=\"news-item-image-wrapper\" style=\"background-image:url('https:\/\/casino-mga.com\/wp-content\/uploads\/2022\/07\/cropped-mga-casino-favicon.jpg');\"><\/div>\n    <div class=\"news-item-text-wrapper\">\n        <div class=\"news-title-wrapper\">\n            <div class=\"date\">2023-09-07<\/div>\n            <div class=\"title\">F\u00f6rdelar med att v\u00e4lja ett MGA casino\u00a0<\/div>\n        <\/div>\n        <div class=\"excerpt\">F\u00f6rdelar med att v\u00e4lja ett MGA casino\u00a0 Det finns ett stort intresse bland spelare idag att spela p\u00e5 casinon med...<\/div>\n    <\/div>\n\n    <div class=\"news-item-cta-wrapper\">\n        <a href=\"https:\/\/casino-mga.com\/sv\/artiklar\/fordelar-med-att-valja-ett-mga-casino\/\" class=\"button outline\">L\u00e4s mer<\/a>\n    <\/div>\n<\/div><div class=\"news-item \">\n    <div class=\"news-item-image-wrapper\" style=\"background-image:url('https:\/\/casino-mga.com\/wp-content\/uploads\/2022\/07\/cropped-mga-casino-favicon.jpg');\"><\/div>\n    <div class=\"news-item-text-wrapper\">\n        <div class=\"news-title-wrapper\">\n            <div class=\"date\">2023-03-07<\/div>\n            <div class=\"title\">Casino cosmopol G\u00f6teborg<\/div>\n        <\/div>\n        <div class=\"excerpt\">Casino cosmopol G\u00f6teborg \u00c4ven om vi h\u00e4r hos p\u00e5 Casino-MGA fokuserar fr\u00e4mst p\u00e5 online casinon och den framfart som det...<\/div>\n    <\/div>\n\n    <div class=\"news-item-cta-wrapper\">\n        <a href=\"https:\/\/casino-mga.com\/sv\/artiklar\/casino-cosmopol-goteborg\/\" class=\"button outline\">L\u00e4s mer<\/a>\n    <\/div>\n<\/div><div class=\"news-item \">\n    <div class=\"news-item-image-wrapper\" style=\"background-image:url('https:\/\/casino-mga.com\/wp-content\/uploads\/2022\/07\/cropped-mga-casino-favicon.jpg');\"><\/div>\n    <div class=\"news-item-text-wrapper\">\n        <div class=\"news-title-wrapper\">\n            <div class=\"date\">2023-03-06<\/div>\n            <div class=\"title\">Vilket casino vinner man mest p\u00e5?<\/div>\n        <\/div>\n        <div class=\"excerpt\">Vilket casino vinner man mest p\u00e5? En vanligt f\u00f6rekommande fr\u00e5ga n\u00e4r man pratar om online casinon \u00e4r \u201cvilket casino vinner...<\/div>\n    <\/div>\n\n    <div class=\"news-item-cta-wrapper\">\n        <a href=\"https:\/\/casino-mga.com\/sv\/artiklar\/vilket-casino-vinner-man-mest-pa\/\" class=\"button outline\">L\u00e4s mer<\/a>\n    <\/div>\n<\/div><\/div>\n","protected":false},"excerpt":{"rendered":"<p>Artiklar, tips och trix<\/p>\n","protected":false},"author":3,"featured_media":0,"parent":0,"menu_order":0,"comment_status":"closed","ping_status":"closed","template":"","meta":{"_acf_changed":false,"footnotes":""},"class_list":["post-1102","page","type-page","status-publish","hentry"],"acf":[],"yoast_head":"<!-- This site is optimized with the Yoast SEO plugin v27.0 - https:\/\/yoast.com\/product\/yoast-seo-wordpress\/ -->\n<title>Casinoartiklar och tips! - MGA Casino<\/title>\n<meta name=\"robots\" content=\"index, follow, max-snippet:-1, max-image-preview:large, max-video-preview:-1\" \/>\n<link rel=\"canonical\" href=\"https:\/\/casino-mga.com\/sv\/artiklar\/\" \/>\n<meta property=\"og:locale\" content=\"sv_SE\" \/>\n<meta property=\"og:type\" content=\"article\" \/>\n<meta property=\"og:title\" content=\"Casinoartiklar och tips! - MGA Casino\" \/>\n<meta property=\"og:description\" content=\"Artiklar, tips och trix\" \/>\n<meta property=\"og:url\" content=\"https:\/\/casino-mga.com\/sv\/artiklar\/\" \/>\n<meta property=\"og:site_name\" content=\"MGA Casino\" \/>\n<meta property=\"article:modified_time\" content=\"2023-11-09T10:02:20+00:00\" \/>\n<meta name=\"twitter:card\" content=\"summary_large_image\" \/>\n<script type=\"application\/ld+json\" class=\"yoast-schema-graph\">{\"@context\":\"https:\/\/schema.org\",\"@graph\":[{\"@type\":\"WebPage\",\"@id\":\"https:\/\/casino-mga.com\/sv\/artiklar\/\",\"url\":\"https:\/\/casino-mga.com\/sv\/artiklar\/\",\"name\":\"Casinoartiklar och tips! - MGA Casino\",\"isPartOf\":{\"@id\":\"https:\/\/casino-mga.com\/sv\/#website\"},\"datePublished\":\"2023-11-09T10:02:19+00:00\",\"dateModified\":\"2023-11-09T10:02:20+00:00\",\"breadcrumb\":{\"@id\":\"https:\/\/casino-mga.com\/sv\/artiklar\/#breadcrumb\"},\"inLanguage\":\"sv-SE\",\"potentialAction\":[{\"@type\":\"ReadAction\",\"target\":[\"https:\/\/casino-mga.com\/sv\/artiklar\/\"]}]},{\"@type\":\"BreadcrumbList\",\"@id\":\"https:\/\/casino-mga.com\/sv\/artiklar\/#breadcrumb\",\"itemListElement\":[{\"@type\":\"ListItem\",\"position\":1,\"name\":\"MGA Casino\",\"item\":\"https:\/\/casino-mga.com\/sv\/\"},{\"@type\":\"ListItem\",\"position\":2,\"name\":\"Artiklar\"}]},{\"@type\":\"WebSite\",\"@id\":\"https:\/\/casino-mga.com\/sv\/#website\",\"url\":\"https:\/\/casino-mga.com\/sv\/\",\"name\":\"MGA Casino\",\"description\":\"Alles \u00fcber MGA Casinos online\",\"publisher\":{\"@id\":\"https:\/\/casino-mga.com\/sv\/#organization\"},\"potentialAction\":[{\"@type\":\"SearchAction\",\"target\":{\"@type\":\"EntryPoint\",\"urlTemplate\":\"https:\/\/casino-mga.com\/sv\/?s={search_term_string}\"},\"query-input\":{\"@type\":\"PropertyValueSpecification\",\"valueRequired\":true,\"valueName\":\"search_term_string\"}}],\"inLanguage\":\"sv-SE\"},{\"@type\":\"Organization\",\"@id\":\"https:\/\/casino-mga.com\/sv\/#organization\",\"name\":\"MGA Casino\",\"url\":\"https:\/\/casino-mga.com\/sv\/\",\"logo\":{\"@type\":\"ImageObject\",\"inLanguage\":\"sv-SE\",\"@id\":\"https:\/\/casino-mga.com\/sv\/#\/schema\/logo\/image\/\",\"url\":\"https:\/\/casino-mga.com\/wp-content\/uploads\/2022\/07\/cropped-mga-casino-logo.png\",\"contentUrl\":\"https:\/\/casino-mga.com\/wp-content\/uploads\/2022\/07\/cropped-mga-casino-logo.png\",\"width\":578,\"height\":300,\"caption\":\"MGA Casino\"},\"image\":{\"@id\":\"https:\/\/casino-mga.com\/sv\/#\/schema\/logo\/image\/\"}}]}<\/script>\n<!-- \/ Yoast SEO plugin. -->","yoast_head_json":{"title":"Casinoartiklar och tips! - MGA Casino","robots":{"index":"index","follow":"follow","max-snippet":"max-snippet:-1","max-image-preview":"max-image-preview:large","max-video-preview":"max-video-preview:-1"},"canonical":"https:\/\/casino-mga.com\/sv\/artiklar\/","og_locale":"sv_SE","og_type":"article","og_title":"Casinoartiklar och tips! - MGA Casino","og_description":"Artiklar, tips och trix","og_url":"https:\/\/casino-mga.com\/sv\/artiklar\/","og_site_name":"MGA Casino","article_modified_time":"2023-11-09T10:02:20+00:00","twitter_card":"summary_large_image","schema":{"@context":"https:\/\/schema.org","@graph":[{"@type":"WebPage","@id":"https:\/\/casino-mga.com\/sv\/artiklar\/","url":"https:\/\/casino-mga.com\/sv\/artiklar\/","name":"Casinoartiklar och tips! - MGA Casino","isPartOf":{"@id":"https:\/\/casino-mga.com\/sv\/#website"},"datePublished":"2023-11-09T10:02:19+00:00","dateModified":"2023-11-09T10:02:20+00:00","breadcrumb":{"@id":"https:\/\/casino-mga.com\/sv\/artiklar\/#breadcrumb"},"inLanguage":"sv-SE","potentialAction":[{"@type":"ReadAction","target":["https:\/\/casino-mga.com\/sv\/artiklar\/"]}]},{"@type":"BreadcrumbList","@id":"https:\/\/casino-mga.com\/sv\/artiklar\/#breadcrumb","itemListElement":[{"@type":"ListItem","position":1,"name":"MGA Casino","item":"https:\/\/casino-mga.com\/sv\/"},{"@type":"ListItem","position":2,"name":"Artiklar"}]},{"@type":"WebSite","@id":"https:\/\/casino-mga.com\/sv\/#website","url":"https:\/\/casino-mga.com\/sv\/","name":"MGA Casino","description":"Alles \u00fcber MGA Casinos online","publisher":{"@id":"https:\/\/casino-mga.com\/sv\/#organization"},"potentialAction":[{"@type":"SearchAction","target":{"@type":"EntryPoint","urlTemplate":"https:\/\/casino-mga.com\/sv\/?s={search_term_string}"},"query-input":{"@type":"PropertyValueSpecification","valueRequired":true,"valueName":"search_term_string"}}],"inLanguage":"sv-SE"},{"@type":"Organization","@id":"https:\/\/casino-mga.com\/sv\/#organization","name":"MGA Casino","url":"https:\/\/casino-mga.com\/sv\/","logo":{"@type":"ImageObject","inLanguage":"sv-SE","@id":"https:\/\/casino-mga.com\/sv\/#\/schema\/logo\/image\/","url":"https:\/\/casino-mga.com\/wp-content\/uploads\/2022\/07\/cropped-mga-casino-logo.png","contentUrl":"https:\/\/casino-mga.com\/wp-content\/uploads\/2022\/07\/cropped-mga-casino-logo.png","width":578,"height":300,"caption":"MGA Casino"},"image":{"@id":"https:\/\/casino-mga.com\/sv\/#\/schema\/logo\/image\/"}}]}},"_links":{"self":[{"href":"https:\/\/casino-mga.com\/sv\/wp-json\/wp\/v2\/pages\/1102","targetHints":{"allow":["GET"]}}],"collection":[{"href":"https:\/\/casino-mga.com\/sv\/wp-json\/wp\/v2\/pages"}],"about":[{"href":"https:\/\/casino-mga.com\/sv\/wp-json\/wp\/v2\/types\/page"}],"author":[{"embeddable":true,"href":"https:\/\/casino-mga.com\/sv\/wp-json\/wp\/v2\/users\/3"}],"replies":[{"embeddable":true,"href":"https:\/\/casino-mga.com\/sv\/wp-json\/wp\/v2\/comments?post=1102"}],"version-history":[{"count":1,"href":"https:\/\/casino-mga.com\/sv\/wp-json\/wp\/v2\/pages\/1102\/revisions"}],"predecessor-version":[{"id":1103,"href":"https:\/\/casino-mga.com\/sv\/wp-json\/wp\/v2\/pages\/1102\/revisions\/1103"}],"wp:attachment":[{"href":"https:\/\/casino-mga.com\/sv\/wp-json\/wp\/v2\/media?parent=1102"}],"curies":[{"name":"wp","href":"https:\/\/api.w.org\/{rel}","templated":true}]}}