{"id":331,"date":"2022-07-29T12:09:44","date_gmt":"2022-07-29T12:09:44","guid":{"rendered":"http:\/\/casino-mga.com\/om-oss\/"},"modified":"2022-08-22T12:48:54","modified_gmt":"2022-08-22T12:48:54","slug":"om-oss","status":"publish","type":"page","link":"https:\/\/casino-mga.com\/sv\/om-oss\/","title":{"rendered":"Om oss"},"content":{"rendered":"\n<h1 class=\"wp-block-heading\">Om oss<\/h1>\n\n\n\n<p>V\u00e5rt informella uppdrag \u00e4r att med casino-mga.com belysa de skillnader och de nackdelar som svenska spelare f\u00e5r st\u00e5 ut med n\u00e4r de nu inte kan v\u00e4lja att spela p\u00e5 <a href=\"https:\/\/casino-mga.com\/sv\/\">MGA casinon<\/a> p\u00e5 samma l\u00e4tta s\u00e4tt som de en g\u00e5ng kunde. Vi hoppas kunna n\u00e5 ut till tillr\u00e4ckligt m\u00e5nga m\u00e4nniskor, som f\u00f6rhoppningsvis \u00e4lskar casinospel lika mycket som oss, s\u00e5 att vi kan f\u00e5 till en f\u00f6r\u00e4ndring. Tillbaka till hur det var f\u00f6rut.<\/p>\n\n\n\n<h2 class=\"wp-block-heading\">Vilka \u00e4r vi?<\/h2>\n\n\n\n<p>Vi som ligger bakom casino-mga.com \u00e4r ett g\u00e4ng casino\u00e4lskare som inte bara jobbar med att recensera och j\u00e4mf\u00f6ra casinon &#8211; Vi jobbar \u00e4ven med v\u00e5r favorithobby!\r\nAtt spela p\u00e5 online casinon \u00e4r \u00e4r fruktansv\u00e4rt roligt. Speciellt n\u00e4r adrenalinet g\u00e5r ig\u00e5ng! <\/p>\n\n\n\n<h2 class=\"wp-block-heading\">V\u00e5r m\u00e5lgrupp<\/h2>\n\n\n\n<p>Han eller hon som hittar v\u00e5r webbsida har f\u00f6rmodligen ocks\u00e5 blivit tr\u00f6tt p\u00e5 det minimala utbudet som finns p\u00e5 den svenska spelmarknaden och vill s\u00e5ledes vidga sina vyer och hitta andra typer av spelsajter. Som till exempel utl\u00e4ndska casinon.<\/p>\n\n\n\n<h2 class=\"wp-block-heading\">Trevligt spelande!<\/h2>\n\n\n\n<p>V\u00e4lkommen, lycka till och kom ih\u00e5g att alltid spela \u00e5terh\u00e5llsamt och disciplinerat.<\/p>\n","protected":false},"excerpt":{"rendered":"<p>Om oss V\u00e5rt informella uppdrag \u00e4r att med casino-mga.com belysa de skillnader och de nackdelar som svenska spelare f\u00e5r st\u00e5&#8230;<\/p>\n","protected":false},"author":3,"featured_media":0,"parent":0,"menu_order":0,"comment_status":"closed","ping_status":"closed","template":"","meta":{"_acf_changed":false,"footnotes":""},"class_list":["post-331","page","type-page","status-publish","hentry"],"acf":[],"yoast_head":"<!-- This site is optimized with the Yoast SEO plugin v27.0 - https:\/\/yoast.com\/product\/yoast-seo-wordpress\/ -->\n<title>Om oss \u2014 Casino-Mga.com<\/title>\n<meta name=\"description\" content=\"Casino-mga.com \u00e4r en m\u00f6tesplats f\u00f6r casinospelare som vill veta mer om casinon med licens p\u00e5 Malta. Vi som ligger bakom sajten \u00e4lskar casinon och casinospel och har l\u00e5ng erfarenhet av n\u00e4tcasinon!\" \/>\n<meta name=\"robots\" content=\"index, follow, max-snippet:-1, max-image-preview:large, max-video-preview:-1\" \/>\n<link rel=\"canonical\" href=\"https:\/\/casino-mga.com\/sv\/om-oss\/\" \/>\n<meta property=\"og:locale\" content=\"sv_SE\" \/>\n<meta property=\"og:type\" content=\"article\" \/>\n<meta property=\"og:title\" content=\"Om oss \u2014 Casino-Mga.com\" \/>\n<meta property=\"og:description\" content=\"Casino-mga.com \u00e4r en m\u00f6tesplats f\u00f6r casinospelare som vill veta mer om casinon med licens p\u00e5 Malta. Vi som ligger bakom sajten \u00e4lskar casinon och casinospel och har l\u00e5ng erfarenhet av n\u00e4tcasinon!\" \/>\n<meta property=\"og:url\" content=\"https:\/\/casino-mga.com\/sv\/om-oss\/\" \/>\n<meta property=\"og:site_name\" content=\"MGA Casino\" \/>\n<meta property=\"article:modified_time\" content=\"2022-08-22T12:48:54+00:00\" \/>\n<meta name=\"twitter:card\" content=\"summary_large_image\" \/>\n<meta name=\"twitter:label1\" content=\"Ber\u00e4knad l\u00e4stid\" \/>\n\t<meta name=\"twitter:data1\" content=\"1 minut\" \/>\n<script type=\"application\/ld+json\" class=\"yoast-schema-graph\">{\"@context\":\"https:\/\/schema.org\",\"@graph\":[{\"@type\":\"WebPage\",\"@id\":\"https:\/\/casino-mga.com\/sv\/om-oss\/\",\"url\":\"https:\/\/casino-mga.com\/sv\/om-oss\/\",\"name\":\"Om oss \u2014 Casino-Mga.com\",\"isPartOf\":{\"@id\":\"https:\/\/casino-mga.com\/sv\/#website\"},\"datePublished\":\"2022-07-29T12:09:44+00:00\",\"dateModified\":\"2022-08-22T12:48:54+00:00\",\"description\":\"Casino-mga.com \u00e4r en m\u00f6tesplats f\u00f6r casinospelare som vill veta mer om casinon med licens p\u00e5 Malta. Vi som ligger bakom sajten \u00e4lskar casinon och casinospel och har l\u00e5ng erfarenhet av n\u00e4tcasinon!\",\"breadcrumb\":{\"@id\":\"https:\/\/casino-mga.com\/sv\/om-oss\/#breadcrumb\"},\"inLanguage\":\"sv-SE\",\"potentialAction\":[{\"@type\":\"ReadAction\",\"target\":[\"https:\/\/casino-mga.com\/sv\/om-oss\/\"]}]},{\"@type\":\"BreadcrumbList\",\"@id\":\"https:\/\/casino-mga.com\/sv\/om-oss\/#breadcrumb\",\"itemListElement\":[{\"@type\":\"ListItem\",\"position\":1,\"name\":\"MGA Casino\",\"item\":\"https:\/\/casino-mga.com\/sv\/\"},{\"@type\":\"ListItem\",\"position\":2,\"name\":\"Om oss\"}]},{\"@type\":\"WebSite\",\"@id\":\"https:\/\/casino-mga.com\/sv\/#website\",\"url\":\"https:\/\/casino-mga.com\/sv\/\",\"name\":\"MGA Casino\",\"description\":\"Alles \u00fcber MGA Casinos online\",\"publisher\":{\"@id\":\"https:\/\/casino-mga.com\/sv\/#organization\"},\"potentialAction\":[{\"@type\":\"SearchAction\",\"target\":{\"@type\":\"EntryPoint\",\"urlTemplate\":\"https:\/\/casino-mga.com\/sv\/?s={search_term_string}\"},\"query-input\":{\"@type\":\"PropertyValueSpecification\",\"valueRequired\":true,\"valueName\":\"search_term_string\"}}],\"inLanguage\":\"sv-SE\"},{\"@type\":\"Organization\",\"@id\":\"https:\/\/casino-mga.com\/sv\/#organization\",\"name\":\"MGA Casino\",\"url\":\"https:\/\/casino-mga.com\/sv\/\",\"logo\":{\"@type\":\"ImageObject\",\"inLanguage\":\"sv-SE\",\"@id\":\"https:\/\/casino-mga.com\/sv\/#\/schema\/logo\/image\/\",\"url\":\"https:\/\/casino-mga.com\/wp-content\/uploads\/2022\/07\/cropped-mga-casino-logo.png\",\"contentUrl\":\"https:\/\/casino-mga.com\/wp-content\/uploads\/2022\/07\/cropped-mga-casino-logo.png\",\"width\":578,\"height\":300,\"caption\":\"MGA Casino\"},\"image\":{\"@id\":\"https:\/\/casino-mga.com\/sv\/#\/schema\/logo\/image\/\"}}]}<\/script>\n<!-- \/ Yoast SEO plugin. -->","yoast_head_json":{"title":"Om oss \u2014 Casino-Mga.com","description":"Casino-mga.com \u00e4r en m\u00f6tesplats f\u00f6r casinospelare som vill veta mer om casinon med licens p\u00e5 Malta. Vi som ligger bakom sajten \u00e4lskar casinon och casinospel och har l\u00e5ng erfarenhet av n\u00e4tcasinon!","robots":{"index":"index","follow":"follow","max-snippet":"max-snippet:-1","max-image-preview":"max-image-preview:large","max-video-preview":"max-video-preview:-1"},"canonical":"https:\/\/casino-mga.com\/sv\/om-oss\/","og_locale":"sv_SE","og_type":"article","og_title":"Om oss \u2014 Casino-Mga.com","og_description":"Casino-mga.com \u00e4r en m\u00f6tesplats f\u00f6r casinospelare som vill veta mer om casinon med licens p\u00e5 Malta. Vi som ligger bakom sajten \u00e4lskar casinon och casinospel och har l\u00e5ng erfarenhet av n\u00e4tcasinon!","og_url":"https:\/\/casino-mga.com\/sv\/om-oss\/","og_site_name":"MGA Casino","article_modified_time":"2022-08-22T12:48:54+00:00","twitter_card":"summary_large_image","twitter_misc":{"Ber\u00e4knad l\u00e4stid":"1 minut"},"schema":{"@context":"https:\/\/schema.org","@graph":[{"@type":"WebPage","@id":"https:\/\/casino-mga.com\/sv\/om-oss\/","url":"https:\/\/casino-mga.com\/sv\/om-oss\/","name":"Om oss \u2014 Casino-Mga.com","isPartOf":{"@id":"https:\/\/casino-mga.com\/sv\/#website"},"datePublished":"2022-07-29T12:09:44+00:00","dateModified":"2022-08-22T12:48:54+00:00","description":"Casino-mga.com \u00e4r en m\u00f6tesplats f\u00f6r casinospelare som vill veta mer om casinon med licens p\u00e5 Malta. Vi som ligger bakom sajten \u00e4lskar casinon och casinospel och har l\u00e5ng erfarenhet av n\u00e4tcasinon!","breadcrumb":{"@id":"https:\/\/casino-mga.com\/sv\/om-oss\/#breadcrumb"},"inLanguage":"sv-SE","potentialAction":[{"@type":"ReadAction","target":["https:\/\/casino-mga.com\/sv\/om-oss\/"]}]},{"@type":"BreadcrumbList","@id":"https:\/\/casino-mga.com\/sv\/om-oss\/#breadcrumb","itemListElement":[{"@type":"ListItem","position":1,"name":"MGA Casino","item":"https:\/\/casino-mga.com\/sv\/"},{"@type":"ListItem","position":2,"name":"Om oss"}]},{"@type":"WebSite","@id":"https:\/\/casino-mga.com\/sv\/#website","url":"https:\/\/casino-mga.com\/sv\/","name":"MGA Casino","description":"Alles \u00fcber MGA Casinos online","publisher":{"@id":"https:\/\/casino-mga.com\/sv\/#organization"},"potentialAction":[{"@type":"SearchAction","target":{"@type":"EntryPoint","urlTemplate":"https:\/\/casino-mga.com\/sv\/?s={search_term_string}"},"query-input":{"@type":"PropertyValueSpecification","valueRequired":true,"valueName":"search_term_string"}}],"inLanguage":"sv-SE"},{"@type":"Organization","@id":"https:\/\/casino-mga.com\/sv\/#organization","name":"MGA Casino","url":"https:\/\/casino-mga.com\/sv\/","logo":{"@type":"ImageObject","inLanguage":"sv-SE","@id":"https:\/\/casino-mga.com\/sv\/#\/schema\/logo\/image\/","url":"https:\/\/casino-mga.com\/wp-content\/uploads\/2022\/07\/cropped-mga-casino-logo.png","contentUrl":"https:\/\/casino-mga.com\/wp-content\/uploads\/2022\/07\/cropped-mga-casino-logo.png","width":578,"height":300,"caption":"MGA Casino"},"image":{"@id":"https:\/\/casino-mga.com\/sv\/#\/schema\/logo\/image\/"}}]}},"_links":{"self":[{"href":"https:\/\/casino-mga.com\/sv\/wp-json\/wp\/v2\/pages\/331","targetHints":{"allow":["GET"]}}],"collection":[{"href":"https:\/\/casino-mga.com\/sv\/wp-json\/wp\/v2\/pages"}],"about":[{"href":"https:\/\/casino-mga.com\/sv\/wp-json\/wp\/v2\/types\/page"}],"author":[{"embeddable":true,"href":"https:\/\/casino-mga.com\/sv\/wp-json\/wp\/v2\/users\/3"}],"replies":[{"embeddable":true,"href":"https:\/\/casino-mga.com\/sv\/wp-json\/wp\/v2\/comments?post=331"}],"version-history":[{"count":2,"href":"https:\/\/casino-mga.com\/sv\/wp-json\/wp\/v2\/pages\/331\/revisions"}],"predecessor-version":[{"id":334,"href":"https:\/\/casino-mga.com\/sv\/wp-json\/wp\/v2\/pages\/331\/revisions\/334"}],"wp:attachment":[{"href":"https:\/\/casino-mga.com\/sv\/wp-json\/wp\/v2\/media?parent=331"}],"curies":[{"name":"wp","href":"https:\/\/api.w.org\/{rel}","templated":true}]}}