{"id":49,"date":"2022-07-04T13:56:37","date_gmt":"2022-07-04T13:56:37","guid":{"rendered":"http:\/\/casino-mga.com\/deutsches-gluecksspielgesetz\/"},"modified":"2022-07-11T14:19:52","modified_gmt":"2022-07-11T14:19:52","slug":"spellagen","status":"publish","type":"page","link":"https:\/\/casino-mga.com\/sv\/spellagen\/","title":{"rendered":"Svenska spellagen"},"content":{"rendered":"\n<h1 class=\"wp-block-heading\">Svenska spellagen<\/h1>\n\n\n\n<p>Den f\u00f6rsta januari 2019 s\u00e5 var det svenska spelmonopolet officiellt avvecklat. Det datumet var startskottet f\u00f6r en ny epok med svensk spellicens. Den svenska spellagen var givetvis noga genomt\u00e4nkt och n\u00e5got som kom till efter m\u00e5nga \u00e5rs diskussioner och planering.<\/p>\n\n\n\n<p>De nya reglerna innebar att speloperat\u00f6rer som ville erbjuda svenskar spel online p\u00e5 svenska med satsningar i svenska kronor var tvungna att f\u00e5 den svenska licensen. Utan licensen \u00e4r det olagligt att erbjuda spel p\u00e5 den svenska marknaden och brott mot denna lag inneb\u00e4r h\u00e5rda straff.<\/p>\n\n\n\n<p>Vi tar en titt p\u00e5 svenska spellicensens historia och syfte. Det har inte g\u00e5tt s\u00e5 m\u00e5nga \u00e5r sedan de nya reglerna tr\u00e4dde i kraft men mycket har f\u00f6r\u00e4ndrats markant. Den som var med innan startskottet i januari 2019 minns en helt annan typ av svensk spelmarknad online.<\/p>\n\n\n\n<h2 class=\"wp-block-heading\"><strong>Tiden innan Sverige kr\u00e4vde licens fr\u00e5n speloperat\u00f6rer<\/strong><\/h2>\n\n\n\n<p>Spel har l\u00e4nge varit en hobby f\u00f6r svenskar. Spelautomater \u00e4r inget nytt. Vi har njutit av dessa p\u00e5 restauranger och krogar under m\u00e5nga \u00e5rtionden. Innan vi fick den svenska licensen s\u00e5 hade Svenska Spel monopol p\u00e5 spelverksamhet i Sverige men de styrde inget online.<\/p>\n\n\n\n<p>I b\u00f6rjan av 2000-talet s\u00e5 d\u00f6k det upp en massa nya svenska casinon online. Dessa kom fr\u00e5n operat\u00f6rer i andra l\u00e4nder. D\u00e5 fanns det ingen regel om att ha svensk licens f\u00f6r att f\u00e5 erbjuda svenskar spel. Ist\u00e4llet var det m\u00e5nga spelsajter p\u00e5 svenska som hade licens fr\u00e5n Maltas spelmyndighet, MGA.<\/p>\n\n\n\n<figure class=\"wp-block-image size-full\"><img loading=\"lazy\" decoding=\"async\" width=\"1024\" height=\"536\" src=\"http:\/\/casino-mga.com\/wp-content\/uploads\/2022\/07\/spellagen-och-malta-casinon.png\" alt=\"F\u00f6re spellagen var svenska casinon och mga casinon v\u00e4ldigt lika\" class=\"wp-image-227\" srcset=\"https:\/\/casino-mga.com\/wp-content\/uploads\/2022\/07\/spellagen-och-malta-casinon.png 1024w, https:\/\/casino-mga.com\/wp-content\/uploads\/2022\/07\/spellagen-och-malta-casinon-300x157.png 300w, https:\/\/casino-mga.com\/wp-content\/uploads\/2022\/07\/spellagen-och-malta-casinon-768x402.png 768w\" sizes=\"auto, (max-width: 1024px) 100vw, 1024px\" \/><\/figure>\n\n\n\n<p>MGA var redan d\u00e5 en respekterad spelmyndighet som har fortsatt att jobba med licensiering f\u00f6r europeiska <a href=\"https:\/\/casino-mga.com\/sv\/\">MGA casinon<\/a>. Men i Sverige s\u00e5 fanns det en hel del kritik mot hur spelbolagen sk\u00f6tte sig p\u00e5 den svenska marknaden.<\/p>\n\n\n\n<p>Kanske inte s\u00e5 mycket p\u00e5 grund av hur sj\u00e4lva spelen och insatserna s\u00e5g ut. Malta var redan p\u00e5 den tiden noga med att kontrollera hur deras licensierade spelbolag sk\u00f6tte sig. I Sverige s\u00e5 handlade det mer om irritation \u00f6ver att spelreklamen bara blev mer och mer intensiv i svenska medier.<\/p>\n\n\n\n<h2 class=\"wp-block-heading\"><strong>Svenskar har varit en drivande kraft i utvecklingen av n\u00e4tcasinon<\/strong><\/h2>\n\n\n\n<p>N\u00e5got som m\u00e5ste flikas in h\u00e4r \u00e4r att vi svenskar faktiskt har varit en drivande kraft i utvecklingen av n\u00e4tcasinon. N\u00e4r vi ser p\u00e5 de f\u00f6rsta svenska casinon online som erbj\u00f6ds till svenska spelare s\u00e5 var ju m\u00e5nga svenskdrivna.<\/p>\n\n\n\n<p>Svenskarna som drev dessa spelsajter satt f\u00f6rst\u00e5s i andra l\u00e4nder som p\u00e5 Malta, men spelbolag som NetEnt, Quickspin och Play n GO \u00e4r svenska uppfinningar. Detta \u00e4r fortsatt namn som vi ser b\u00e5de p\u00e5 casinon med svensk licens och p\u00e5 utl\u00e4ndska spelsajter.<\/p>\n\n\n\n<p>Men det var allts\u00e5 f\u00f6rst 2019 som vi p\u00e5 allvar fick svensklicensierade casinon. F\u00f6r\u00e4ndringen kom inte pang bom och casinooperat\u00f6rerna hade l\u00e5ng tid p\u00e5 sig att ans\u00f6ka om licensen innan f\u00f6r\u00e4ndringen intr\u00e4ffade.<\/p>\n\n\n\n<p>Majoriteten av MGA casinona som hade erbjudit spel till svenskar i flera \u00e5rs tid gjorde det. Men det fanns ocks\u00e5 n\u00e5gra mycket stora namn som best\u00e4mde sig f\u00f6r att st\u00e5 \u00f6ver och sluta erbjuda spel till svenskar p\u00e5 svenska.<\/p>\n\n\n\n<h2 class=\"wp-block-heading\"><strong>Den svenska licensen f\u00f6r\u00e4ndrade bonussystemet p\u00e5 svenska casinon<\/strong><\/h2>\n\n\n\n<p>N\u00e4r svenska casinon med licens fr\u00e5n Spelinspektionen diskuteras online s\u00e5 \u00e4r bonusen alltid ett hett \u00e4mne. En av de stora f\u00f6r\u00e4ndringar som skedde i och med att det svenska spelmonopolet l\u00f6stes upp var att svenska casinon inte l\u00e4ngre kunde erbjuda mer \u00e4n en bonus per spelare.<\/p>\n\n\n\n<p>De svenska n\u00e4tcasinona hade innan dess erbjudit en rad olika bonuserbjudanden. Det var tal om allt fr\u00e5n matchbonusar p\u00e5 ins\u00e4ttningar till smarta t\u00e4vlingar p\u00e5 slots och lotterier. Med den svenska licensen s\u00e5 blev det ett slut p\u00e5 detta.<\/p>\n\n\n\n<p>Ist\u00e4llet s\u00e5 blev det s\u00e5 att varje speloperat\u00f6r kunde ge varje svensk en bonus. Med tanke p\u00e5 att m\u00e5nga speloperat\u00f6rer har flera casinon s\u00e5 tog det inte l\u00e5ng tid innan de svenska spelarna ins\u00e5g att det d\u00e4r med casinobonus inte l\u00e4ngre var mycket att hurra f\u00f6r.<\/p>\n\n\n\n<p>Dessutom best\u00e4mde man sig f\u00f6r att kraftigt begr\u00e4nsa den bonus som gavs. Det h\u00e4r har varit f\u00f6rem\u00e5l f\u00f6r stor kritik fr\u00e5n svenska spelare som annars tycker att det nya svenska licenssystemet inte alls \u00e4r s\u00e5 dumt.<\/p>\n\n\n\n<h2 class=\"wp-block-heading\"><strong>Varf\u00f6r ville svenska myndigheter skapa en svensk licens?<\/strong><\/h2>\n\n\n\n<p>Men varf\u00f6r ville Sverige bryta monopolet och bjuda in spelf\u00f6retag till den svenska licensen? Det finns tv\u00e5 huvudsakliga sk\u00e4l till detta:<\/p>\n\n\n\n<ol class=\"wp-block-list\"><li><strong>Man ville f\u00e5 tag i skattepengarna som ditintills g\u00e5tt till andra l\u00e4nder.<br><\/strong><\/li><li><strong>Man vill f\u00e5 b\u00e4ttre kontroll \u00f6ver svenska spelares trygghet p\u00e5 casinon online.<\/strong><\/li><\/ol>\n\n\n\n<p>Det f\u00f6rsta sk\u00e4let h\u00e4nger ihop med det andra. N\u00e4r svenska spelare spelade p\u00e5 n\u00e4tcasinona med MGA licens s\u00e5 l\u00e4ckte ju \u00e5tskilliga miljoner till utl\u00e4ndska myndigheter varje \u00e5r. Spelbolag med s\u00e4te p\u00e5 Malta betalade den lokala skatten men ingenting i Sverige.<\/p>\n\n\n\n<p>Samtidigt fick Sverige st\u00e5 f\u00f6r kostnaderna f\u00f6r det \u00f6kade spelandet i form av \u00f6kat spelberoende. Genom att lagstifta om spellicens i Sverige kunde man ocks\u00e5 f\u00e5 in pengarna som beh\u00f6vdes f\u00f6r att p\u00e5 ett b\u00e4ttre s\u00e4tt kontrollera och hj\u00e4lpa de som har sv\u00e5rt att spela p\u00e5 ett h\u00e4lsosamt s\u00e4tt.<\/p>\n\n\n\n<h2 class=\"wp-block-heading\"><strong>Vad skulle den svenska spelmyndigheten kontrollera?<\/strong><\/h2>\n\n\n\n<p>Om vi ser lite n\u00e4rmre p\u00e5 sk\u00e4l nummer tv\u00e5 s\u00e5 fanns det en l\u00e5ng lista med \u00e5tg\u00e4rder som var till f\u00f6r att g\u00f6ra spelmarknaden f\u00f6r svenskar online tryggare. Tanken var att vi konsumenter skulle f\u00e5 ett \u00f6kat skydd genom flera viktiga regleringar.<\/p>\n\n\n\n<h3 class=\"wp-block-heading\">De grundl\u00e4ggande punkterna i detta konsumentskydd \u00e4r:<\/h3>\n\n\n\n<ul class=\"wp-block-list\"><li><strong>Att negativa konsekvenser av spel ska begr\u00e4nsas<\/strong><\/li><li><strong>Att alla spel online ska komma med ett starkt konsumentskydd<\/strong><\/li><li><strong>Att spel inte ska kunna fungera som st\u00f6d f\u00f6r kriminell verksamhet<\/strong><\/li><li><strong>Att spel ska vara s\u00e4kra<\/strong><\/li><\/ul>\n\n\n\n<p>Det h\u00e4r kan ju l\u00e5ta som sj\u00e4lvklarheter och fr\u00e5gan \u00e4r f\u00f6rst\u00e5s hur man rent praktiskt skulle uppn\u00e5 dessa m\u00e5l. Flera omr\u00e5den blev f\u00f6rem\u00e5l f\u00f6r f\u00f6r\u00e4ndring.<\/p>\n\n\n\n<p><strong>Med svenska spellagen s\u00e5 kom:<\/strong><\/p>\n\n\n\n<h3 class=\"wp-block-heading\">Strikta regler f\u00f6r bonusar<\/h3>\n\n\n\n<p>Vi har redan n\u00e4mnt detta och det \u00e4r som sagt en av de mest kritiserade aspekterna av den nya svenska lagen f\u00f6r spel online. Med den nya lagen s\u00e5 blev det som sagt en bonus per spelare och speloperat\u00f6r.&nbsp;<\/p>\n\n\n\n<p>Dessutom har svenska myndigheter jobbat med bonusaspekten p\u00e5 ett dynamiskt s\u00e4tt. Under coronapandemin s\u00e5 inf\u00f6rdes tillf\u00e4lliga regler d\u00e4r man begr\u00e4nsade bonusen till 100 kronor per spelare. D\u00e5 var det m\u00e5nga svenska casinon som helt och h\u00e5llet skrotade bonusen f\u00f6r att det inte l\u00e4ngre var ett bra redskap att locka fler spelare med.<\/p>\n\n\n\n<p>Svenska casinon kan ha bonuserbjudanden i form av bonuspengar, pengar tillbaka vid uteblivna vinster och free spins. Med strikta regler f\u00f6r oms\u00e4ttningskraven s\u00e5 \u00e4r det l\u00e4ttare f\u00f6r spelare att f\u00f6rst\u00e5 vad bonusen g\u00e5r ut p\u00e5.&nbsp;<\/p>\n\n\n\n<p>Tanken med detta \u00e4r att ingen ska bli lurad till att spela mer p\u00e5 grund av en bonus. Detta har Sverige lyckats s\u00e5 v\u00e4l med att det numera sker en form av spelarmigration till utl\u00e4ndska casinon utan svensk licens d\u00e4r man fortfarande kan f\u00e5 st\u00f6rre och flera bonusar.<\/p>\n\n\n\n<h3 class=\"wp-block-heading\">Tak f\u00f6r ins\u00e4ttningar<\/h3>\n\n\n\n<p>Ins\u00e4ttningsgr\u00e4nsen p\u00e5 svenska casinon har satts till 10 000 kronor per m\u00e5nad som standard. Om en spelare vill s\u00e4tta in mer pengar per m\u00e5nad s\u00e5 m\u00e5ste han eller hon ans\u00f6ka om detta. D\u00e5 ska casinots \u00e4gare unders\u00f6ka att detta verkligen \u00e4r \u00f6nskv\u00e4rt genom att kontakta spelaren.<\/p>\n\n\n\n<p>En h\u00f6jning av ins\u00e4ttningstaket tar minst 72 timmar att genomf\u00f6ra. Dessutom ska spelaren s\u00e4tta en ins\u00e4ttningsgr\u00e4ns per dag, vecka och m\u00e5nad. Reglerna f\u00f6r ins\u00e4ttningar \u00e4r en del av det som handlar om casinots omsorgsplikt. Omsorgsplikten \u00e4r till f\u00f6r att casinot ska ta ett st\u00f6rre ansvar.<\/p>\n\n\n\n<h3 class=\"wp-block-heading\">Best\u00e4mmelser f\u00f6r pauser mellan spelomg\u00e5ngar<\/h3>\n\n\n\n<p>En annan regel som kom med svenska spellagen \u00e4r den s\u00e5 kallade 3-sekunderns-regeln. Mellan spelomg\u00e5ngar p\u00e5 spel m\u00e5ste det g\u00e5 minst 3 sekunder. P\u00e5 detta vis t\u00e4nkte man sig att spelare inte skulle spela lika impulsivt och satsa pengar utan eftertanke.<\/p>\n\n\n\n<p>Nu \u00e4r 3 sekunder ocks\u00e5 ganska lite. Men det h\u00e4r \u00e4r ju en markering som kan vara viktig f\u00f6r att de som tillverkar spelen ska utveckla produkter som \u00e4r trygga och inte lockar till on\u00f6digt spelande.<\/p>\n\n\n\n<h3 class=\"wp-block-heading\">Kontrollerad reklam<\/h3>\n\n\n\n<p>N\u00e4r spelen fr\u00e5n speloperat\u00f6rer med Malta licens och andra licenser var fria i Sverige online s\u00e5 hade vi ocks\u00e5 en massa reklam fr\u00e5n dessa spelsajter. M\u00e5nga tyckte att det blev p\u00e5 tok f\u00f6r mycket med st\u00e4ndig reklam f\u00f6r casinospel p\u00e5 TV och i andra sammanhang.<\/p>\n\n\n\n<p>Men det fanns ju inte mycket att g\u00f6ra \u00e5t denna sak och h\u00e4r s\u00e5g svenska myndigheter hur svensk lag f\u00f6r spel online skulle kunna \u00e4ndra p\u00e5 reklamsituationen. Man inf\u00f6rde regler omkring hur reklam f\u00e5r se ut och vad den f\u00e5r lova.<\/p>\n\n\n\n<p>Vi har fortfarande mycket reklam f\u00f6r spel men den kan inte lova guld och gr\u00f6na skogar och den f\u00e5r absolut inte skickas direkt till en person som har st\u00e4ngt av sig sj\u00e4lv fr\u00e5n spel med Spelpaus.se.<\/p>\n\n\n\n<h2 class=\"wp-block-heading\"><strong>Sverige inf\u00f6r Spelpaus f\u00f6r totalt spelstopp<\/strong><\/h2>\n\n\n\n<p>Den svenska lagen f\u00f6r spel online innebar ocks\u00e5 att man skapade Spelpaus.se som en tj\u00e4nst f\u00f6r sj\u00e4lvavst\u00e4ngning. Detta spelregister g\u00f6r det m\u00f6jligt f\u00f6r en svensk spelare att st\u00e4nga av sig sj\u00e4lv fr\u00e5n alla spel med svensk licens under en specifik tidsperiod.<\/p>\n\n\n\n<p>Detta var givetvis till f\u00f6r att hj\u00e4lpa spelare att hantera spelberoende och f\u00e5 stopp p\u00e5 satsningar p\u00e5 alla spelsajter med ett enda knapptryck.<\/p>\n\n\n\n<p>Spelpaus.se fungerar med bankID och alla casinon som har svensk licens \u00e4r kopplade till detta system. Det betyder att en spelare som st\u00e4nger av sig fr\u00e5n spel med Spelpaus automatiskt blir blockerad fr\u00e5n spel p\u00e5 alla svenska n\u00e4tcasinon.<\/p>\n\n\n\n<p>Med facit i hand kan vi se att m\u00e5nga anv\u00e4nder systemet. Fast Spelpaus har f\u00e5tt kritik. Tanken var ju att man skulle hj\u00e4lpa spelare med spelberoende. Men hj\u00e4lpen har uteblivit. M\u00e5nga g\u00e5nger \u00e4r det v\u00e4nner och bekanta som \u00f6vertalar en person om att ta en paus med detta system.<\/p>\n\n\n\n<p>D\u00e5 spelpausen inte g\u00e5r hand i hand med terapi och andra viktiga insatser f\u00f6r att f\u00e5 ordning p\u00e5 livet igen s\u00e5 g\u00f6r den inte s\u00e5 stor skillnad. Spelaren som vill spela igen v\u00e4nder sig till utl\u00e4ndska casinon eller \u00e5terg\u00e5r till de svenska s\u00e5 snart som pausen \u00e4r \u00f6ver.<\/p>\n\n\n\n<p>Sedan finns aspekten att vissa spelare upplever att de tar <a href=\"https:\/\/casino-mga.com\/sv\/spelpaus-av-misstag\/\">spelpaus av misstag och \u00e5ngrar den<\/a>. Det \u00e4r om\u00f6jligt att avbryta spelpaus i Sverige. Om du har satt 3 m\u00e5naders spelpaus s\u00e5 kommer du f\u00f6rst att kunna spela igen p\u00e5 svenska casinon d\u00e5 den pausen \u00e4r \u00f6ver.<\/p>\n\n\n\n<p>Spelpaus har uppdaterats till Spelpaus 2.0 men har inte f\u00f6rb\u00e4ttrats vad g\u00e4ller det mentala st\u00f6det till spelare som beg\u00e4r spelstopp. Det finns tydliga \u00f6nskem\u00e5l fr\u00e5n politiker om att g\u00f6ra n\u00e5got \u00e5t detta och f\u00f6rs\u00f6ka ge ett b\u00e4ttre st\u00f6d till de som inser att de inte klarar av att kontrollera sitt spelande.<\/p>\n\n\n\n<h2 class=\"wp-block-heading\"><strong>Casino utan konto ser dagens ljus<\/strong><\/h2>\n\n\n\n<p>Systemet med bankID f\u00f6r verifiering har f\u00e5tt en annan konsekvens vad g\u00e4ller spel p\u00e5 svenska casinon. I och med att den svenska lagen kr\u00e4ver att ett casino ska kunna identifiera spelare med deras betalningar med bankID s\u00e5 har det blivit m\u00f6jligt med casino utan registrering.<\/p>\n\n\n\n<p>Du beh\u00f6ver allts\u00e5 inte fylla i ett formul\u00e4r f\u00f6r att skapa ett spelkonto p\u00e5 ett svenskt casino. Med ditt bankID \u00e4r du verifierad och du kan b\u00f6rja spela med din ins\u00e4ttning. Sj\u00e4lva ins\u00e4ttningen \u00e4r det som g\u00f6r att casinot ser att du \u00e4r du. Det har skapats ett konto i samband med din ins\u00e4ttning.<\/p>\n\n\n\n<p>Det h\u00e4r \u00e4r n\u00e5got som ger mycket snabba spel och som g\u00f6r det m\u00f6jligt att byta mellan olika casinon p\u00e5 ett smidigt s\u00e4tt. Metoden med casino utan konto \u00e4r unik f\u00f6r Sverige med ganska mots\u00e4gelsefull om vi ser p\u00e5 syftet med den svenska spellagen.<\/p>\n\n\n\n<p>Tanken var ju att vi inte ska spela s\u00e5 impulsivt och d\u00e5 blir det lite m\u00e4rkligt n\u00e4r vi kan komma ig\u00e5ng med spel p\u00e5 n\u00e5gra minuters tid tack vare bankID metoden. Snabbcasinometoden kallas ocks\u00e5 f\u00f6r casino utan kr\u00e5ngel och \u00e4r mycket popul\u00e4r.<\/p>\n\n\n\n<p>Det h\u00e4r \u00e4r n\u00e5got som m\u00e5nga hyllar som b\u00e4ttre i Sverige \u00e4n i andra l\u00e4nder. Fast det \u00e4r ju inte riktigt det som Spelinspektionen t\u00e4nker sig med den \u00f6kade kontrollen.<\/p>\n\n\n\n<h2 class=\"wp-block-heading\"><strong>Hur har den svenska spellagen slagit ut?<\/strong><\/h2>\n\n\n\n<p>N\u00e4r vi har haft den svenska spellagen under n\u00e5gra \u00e5rs tid s\u00e5 kan vi s\u00e4ga en hel del om hur den har slagit ut. M\u00e5nga gillar det f\u00f6renklade systemet med casino utan konto och det kommer hela tiden nya casinon med licens fr\u00e5n Spelinspektionen.<\/p>\n\n\n\n<p>Samtidigt \u00e4r det m\u00e5nga spelare som flyr till casinon utan licens fr\u00e5n Sverige. Det minskar p\u00e5 Sveriges skatteint\u00e4kter och g\u00f6r det sv\u00e5rt att kontrollera vad som h\u00e4nder med spelberoende och lagligt f\u00f6rfarande fr\u00e5n casinons sida.<\/p>\n\n\n\n<p>Sverige har g\u00e5tt in med sanktioner mot betalningstj\u00e4nster som m\u00f6jligg\u00f6r denna spelarflykt till utl\u00e4ndska casinon men det tycks inte f\u00f6r\u00e4ndra situationen. Under kommande \u00e5r l\u00e4r det fortsatt bli diskussioner omkring de svenska reglerna och d\u00e5 s\u00e4rskilt f\u00f6r bonusar. Det \u00e4r m\u00f6jligt att det kommer att ske vissa f\u00f6r\u00e4ndringar just f\u00f6r att man inser att alltf\u00f6r strikta regler f\u00f6r spel online ger motsatt effekt. Den som lever och spelar f\u00e5r se!<\/p>\n","protected":false},"excerpt":{"rendered":"<p>Svenska spellagen Den f\u00f6rsta januari 2019 s\u00e5 var det svenska spelmonopolet officiellt avvecklat. Det datumet var startskottet f\u00f6r en ny&#8230;<\/p>\n","protected":false},"author":3,"featured_media":0,"parent":0,"menu_order":0,"comment_status":"closed","ping_status":"closed","template":"","meta":{"_acf_changed":false,"footnotes":""},"class_list":["post-49","page","type-page","status-publish","hentry"],"acf":[],"yoast_head":"<!-- This site is optimized with the Yoast SEO plugin v27.0 - https:\/\/yoast.com\/product\/yoast-seo-wordpress\/ -->\n<title>Svenska spellagen \u2014 Detta g\u00e4ller n\u00e4tcasinon 2022!<\/title>\n<meta name=\"description\" content=\"Den svenska spellagen \u00e4ndras och regleras st\u00e4ndigt. H\u00e5ll dig uppdaterad om vad det \u00e4r som g\u00e4ller p\u00e5 den svenska spelmarknaden h\u00e4r!\" \/>\n<meta name=\"robots\" content=\"index, follow, max-snippet:-1, max-image-preview:large, max-video-preview:-1\" \/>\n<link rel=\"canonical\" href=\"https:\/\/casino-mga.com\/sv\/spellagen\/\" \/>\n<meta property=\"og:locale\" content=\"sv_SE\" \/>\n<meta property=\"og:type\" content=\"article\" \/>\n<meta property=\"og:title\" content=\"Svenska spellagen \u2014 Detta g\u00e4ller n\u00e4tcasinon 2022!\" \/>\n<meta property=\"og:description\" content=\"Den svenska spellagen \u00e4ndras och regleras st\u00e4ndigt. H\u00e5ll dig uppdaterad om vad det \u00e4r som g\u00e4ller p\u00e5 den svenska spelmarknaden h\u00e4r!\" \/>\n<meta property=\"og:url\" content=\"https:\/\/casino-mga.com\/sv\/spellagen\/\" \/>\n<meta property=\"og:site_name\" content=\"MGA Casino\" \/>\n<meta property=\"article:modified_time\" content=\"2022-07-11T14:19:52+00:00\" \/>\n<meta property=\"og:image\" content=\"http:\/\/casino-mga.com\/wp-content\/uploads\/2022\/07\/spellagen-och-malta-casinon.png\" \/>\n<meta name=\"twitter:card\" content=\"summary_large_image\" \/>\n<meta name=\"twitter:label1\" content=\"Ber\u00e4knad l\u00e4stid\" \/>\n\t<meta name=\"twitter:data1\" content=\"10 minuter\" \/>\n<script type=\"application\/ld+json\" class=\"yoast-schema-graph\">{\"@context\":\"https:\/\/schema.org\",\"@graph\":[{\"@type\":\"WebPage\",\"@id\":\"https:\/\/casino-mga.com\/sv\/spellagen\/\",\"url\":\"https:\/\/casino-mga.com\/sv\/spellagen\/\",\"name\":\"Svenska spellagen \u2014 Detta g\u00e4ller n\u00e4tcasinon 2022!\",\"isPartOf\":{\"@id\":\"https:\/\/casino-mga.com\/sv\/#website\"},\"primaryImageOfPage\":{\"@id\":\"https:\/\/casino-mga.com\/sv\/spellagen\/#primaryimage\"},\"image\":{\"@id\":\"https:\/\/casino-mga.com\/sv\/spellagen\/#primaryimage\"},\"thumbnailUrl\":\"http:\/\/casino-mga.com\/wp-content\/uploads\/2022\/07\/spellagen-och-malta-casinon.png\",\"datePublished\":\"2022-07-04T13:56:37+00:00\",\"dateModified\":\"2022-07-11T14:19:52+00:00\",\"description\":\"Den svenska spellagen \u00e4ndras och regleras st\u00e4ndigt. H\u00e5ll dig uppdaterad om vad det \u00e4r som g\u00e4ller p\u00e5 den svenska spelmarknaden h\u00e4r!\",\"breadcrumb\":{\"@id\":\"https:\/\/casino-mga.com\/sv\/spellagen\/#breadcrumb\"},\"inLanguage\":\"sv-SE\",\"potentialAction\":[{\"@type\":\"ReadAction\",\"target\":[\"https:\/\/casino-mga.com\/sv\/spellagen\/\"]}]},{\"@type\":\"ImageObject\",\"inLanguage\":\"sv-SE\",\"@id\":\"https:\/\/casino-mga.com\/sv\/spellagen\/#primaryimage\",\"url\":\"http:\/\/casino-mga.com\/wp-content\/uploads\/2022\/07\/spellagen-och-malta-casinon.png\",\"contentUrl\":\"http:\/\/casino-mga.com\/wp-content\/uploads\/2022\/07\/spellagen-och-malta-casinon.png\"},{\"@type\":\"BreadcrumbList\",\"@id\":\"https:\/\/casino-mga.com\/sv\/spellagen\/#breadcrumb\",\"itemListElement\":[{\"@type\":\"ListItem\",\"position\":1,\"name\":\"MGA Casino\",\"item\":\"https:\/\/casino-mga.com\/sv\/\"},{\"@type\":\"ListItem\",\"position\":2,\"name\":\"Svenska spellagen\"}]},{\"@type\":\"WebSite\",\"@id\":\"https:\/\/casino-mga.com\/sv\/#website\",\"url\":\"https:\/\/casino-mga.com\/sv\/\",\"name\":\"MGA Casino\",\"description\":\"Alles \u00fcber MGA Casinos online\",\"publisher\":{\"@id\":\"https:\/\/casino-mga.com\/sv\/#organization\"},\"potentialAction\":[{\"@type\":\"SearchAction\",\"target\":{\"@type\":\"EntryPoint\",\"urlTemplate\":\"https:\/\/casino-mga.com\/sv\/?s={search_term_string}\"},\"query-input\":{\"@type\":\"PropertyValueSpecification\",\"valueRequired\":true,\"valueName\":\"search_term_string\"}}],\"inLanguage\":\"sv-SE\"},{\"@type\":\"Organization\",\"@id\":\"https:\/\/casino-mga.com\/sv\/#organization\",\"name\":\"MGA Casino\",\"url\":\"https:\/\/casino-mga.com\/sv\/\",\"logo\":{\"@type\":\"ImageObject\",\"inLanguage\":\"sv-SE\",\"@id\":\"https:\/\/casino-mga.com\/sv\/#\/schema\/logo\/image\/\",\"url\":\"https:\/\/casino-mga.com\/wp-content\/uploads\/2022\/07\/cropped-mga-casino-logo.png\",\"contentUrl\":\"https:\/\/casino-mga.com\/wp-content\/uploads\/2022\/07\/cropped-mga-casino-logo.png\",\"width\":578,\"height\":300,\"caption\":\"MGA Casino\"},\"image\":{\"@id\":\"https:\/\/casino-mga.com\/sv\/#\/schema\/logo\/image\/\"}}]}<\/script>\n<!-- \/ Yoast SEO plugin. -->","yoast_head_json":{"title":"Svenska spellagen \u2014 Detta g\u00e4ller n\u00e4tcasinon 2022!","description":"Den svenska spellagen \u00e4ndras och regleras st\u00e4ndigt. H\u00e5ll dig uppdaterad om vad det \u00e4r som g\u00e4ller p\u00e5 den svenska spelmarknaden h\u00e4r!","robots":{"index":"index","follow":"follow","max-snippet":"max-snippet:-1","max-image-preview":"max-image-preview:large","max-video-preview":"max-video-preview:-1"},"canonical":"https:\/\/casino-mga.com\/sv\/spellagen\/","og_locale":"sv_SE","og_type":"article","og_title":"Svenska spellagen \u2014 Detta g\u00e4ller n\u00e4tcasinon 2022!","og_description":"Den svenska spellagen \u00e4ndras och regleras st\u00e4ndigt. H\u00e5ll dig uppdaterad om vad det \u00e4r som g\u00e4ller p\u00e5 den svenska spelmarknaden h\u00e4r!","og_url":"https:\/\/casino-mga.com\/sv\/spellagen\/","og_site_name":"MGA Casino","article_modified_time":"2022-07-11T14:19:52+00:00","og_image":[{"url":"http:\/\/casino-mga.com\/wp-content\/uploads\/2022\/07\/spellagen-och-malta-casinon.png","type":"","width":"","height":""}],"twitter_card":"summary_large_image","twitter_misc":{"Ber\u00e4knad l\u00e4stid":"10 minuter"},"schema":{"@context":"https:\/\/schema.org","@graph":[{"@type":"WebPage","@id":"https:\/\/casino-mga.com\/sv\/spellagen\/","url":"https:\/\/casino-mga.com\/sv\/spellagen\/","name":"Svenska spellagen \u2014 Detta g\u00e4ller n\u00e4tcasinon 2022!","isPartOf":{"@id":"https:\/\/casino-mga.com\/sv\/#website"},"primaryImageOfPage":{"@id":"https:\/\/casino-mga.com\/sv\/spellagen\/#primaryimage"},"image":{"@id":"https:\/\/casino-mga.com\/sv\/spellagen\/#primaryimage"},"thumbnailUrl":"http:\/\/casino-mga.com\/wp-content\/uploads\/2022\/07\/spellagen-och-malta-casinon.png","datePublished":"2022-07-04T13:56:37+00:00","dateModified":"2022-07-11T14:19:52+00:00","description":"Den svenska spellagen \u00e4ndras och regleras st\u00e4ndigt. H\u00e5ll dig uppdaterad om vad det \u00e4r som g\u00e4ller p\u00e5 den svenska spelmarknaden h\u00e4r!","breadcrumb":{"@id":"https:\/\/casino-mga.com\/sv\/spellagen\/#breadcrumb"},"inLanguage":"sv-SE","potentialAction":[{"@type":"ReadAction","target":["https:\/\/casino-mga.com\/sv\/spellagen\/"]}]},{"@type":"ImageObject","inLanguage":"sv-SE","@id":"https:\/\/casino-mga.com\/sv\/spellagen\/#primaryimage","url":"http:\/\/casino-mga.com\/wp-content\/uploads\/2022\/07\/spellagen-och-malta-casinon.png","contentUrl":"http:\/\/casino-mga.com\/wp-content\/uploads\/2022\/07\/spellagen-och-malta-casinon.png"},{"@type":"BreadcrumbList","@id":"https:\/\/casino-mga.com\/sv\/spellagen\/#breadcrumb","itemListElement":[{"@type":"ListItem","position":1,"name":"MGA Casino","item":"https:\/\/casino-mga.com\/sv\/"},{"@type":"ListItem","position":2,"name":"Svenska spellagen"}]},{"@type":"WebSite","@id":"https:\/\/casino-mga.com\/sv\/#website","url":"https:\/\/casino-mga.com\/sv\/","name":"MGA Casino","description":"Alles \u00fcber MGA Casinos online","publisher":{"@id":"https:\/\/casino-mga.com\/sv\/#organization"},"potentialAction":[{"@type":"SearchAction","target":{"@type":"EntryPoint","urlTemplate":"https:\/\/casino-mga.com\/sv\/?s={search_term_string}"},"query-input":{"@type":"PropertyValueSpecification","valueRequired":true,"valueName":"search_term_string"}}],"inLanguage":"sv-SE"},{"@type":"Organization","@id":"https:\/\/casino-mga.com\/sv\/#organization","name":"MGA Casino","url":"https:\/\/casino-mga.com\/sv\/","logo":{"@type":"ImageObject","inLanguage":"sv-SE","@id":"https:\/\/casino-mga.com\/sv\/#\/schema\/logo\/image\/","url":"https:\/\/casino-mga.com\/wp-content\/uploads\/2022\/07\/cropped-mga-casino-logo.png","contentUrl":"https:\/\/casino-mga.com\/wp-content\/uploads\/2022\/07\/cropped-mga-casino-logo.png","width":578,"height":300,"caption":"MGA Casino"},"image":{"@id":"https:\/\/casino-mga.com\/sv\/#\/schema\/logo\/image\/"}}]}},"_links":{"self":[{"href":"https:\/\/casino-mga.com\/sv\/wp-json\/wp\/v2\/pages\/49","targetHints":{"allow":["GET"]}}],"collection":[{"href":"https:\/\/casino-mga.com\/sv\/wp-json\/wp\/v2\/pages"}],"about":[{"href":"https:\/\/casino-mga.com\/sv\/wp-json\/wp\/v2\/types\/page"}],"author":[{"embeddable":true,"href":"https:\/\/casino-mga.com\/sv\/wp-json\/wp\/v2\/users\/3"}],"replies":[{"embeddable":true,"href":"https:\/\/casino-mga.com\/sv\/wp-json\/wp\/v2\/comments?post=49"}],"version-history":[{"count":5,"href":"https:\/\/casino-mga.com\/sv\/wp-json\/wp\/v2\/pages\/49\/revisions"}],"predecessor-version":[{"id":230,"href":"https:\/\/casino-mga.com\/sv\/wp-json\/wp\/v2\/pages\/49\/revisions\/230"}],"wp:attachment":[{"href":"https:\/\/casino-mga.com\/sv\/wp-json\/wp\/v2\/media?parent=49"}],"curies":[{"name":"wp","href":"https:\/\/api.w.org\/{rel}","templated":true}]}}