{"id":58,"date":"2022-07-07T12:17:16","date_gmt":"2022-07-07T12:17:16","guid":{"rendered":"http:\/\/casino-mga.com\/casinorecensioner\/"},"modified":"2022-07-11T14:19:33","modified_gmt":"2022-07-11T14:19:33","slug":"casinorecensioner","status":"publish","type":"page","link":"https:\/\/casino-mga.com\/sv\/casinorecensioner\/","title":{"rendered":"Casinorecensioner"},"content":{"rendered":"\n<h1 class=\"wp-block-heading\">Casinorecensioner<\/h1>\n\n\n\n<p>H\u00e4r har vi samlat alla v\u00e5ra recensioner om <a href=\"https:\/\/casino-mga.com\/sv\/\">olika MGA casinon<\/a>. Som spelare \u00e4r det givetvis viktigt att veta vad det \u00e4r man b\u00f6r titta p\u00e5 n\u00e4r man j\u00e4mf\u00f6r olika casinon. D\u00e4refter kan man slutligen v\u00e4lja ett sunt och bra casino att spela p\u00e5.<\/p>\n\n\n\n<h2 class=\"wp-block-heading\">Det vi tittar p\u00e5 n\u00e4r vi recenserar casinon \u2013 Licensen \u00e4r viktigast<\/h2>\n\n\n\n<p>Vi tittar p\u00e5 flera olika s\u00e4ker n\u00e4r vi recenserar v\u00e5ra n\u00e4tcasinon, men en punkt sticker ut extra mycket. Licensen.<\/p>\n\n\n\n<p>Ut\u00f6ver licensen tittar vi \u00e4ven p\u00e5 spelutbudet, kundtj\u00e4nsten, registreringsm\u00f6jligheterna samt betalningsmetoderna.<\/p>\n\n\n\n<p>D\u00e4refter skapar vi ett samlat v\u00e4rde och betygs\u00e4tter varje casino. P\u00e5 s\u00e5 s\u00e4tt f\u00e5r v\u00e5ra l\u00e4sare en tydlig bild \u00f6ver vilka casinon som \u00e4r de b\u00e4sta inom just denna kategori.<\/p>\n\n\n\n<h2 class=\"wp-block-heading\">V\u00e5ra recensioner<\/h2>\n\n\n<div class=\"card-review\">\n    <div class=\"image\">\n        <img decoding=\"async\" src=\"https:\/\/casino-mga.com\/wp-content\/uploads\/2023\/08\/slottway.png\" alt=\"Slottyway\"\/>\n    <\/div>\n    <div class=\"title\">\n        Slottyway\n    <\/div>\n    <div class=\"link\">\n        <a href=\"https:\/\/casino-mga.com\/sv\/casinorecensioner\/slottyway\/\" class=\"button outline full-width\">Slottyway<\/a>\n    <\/div>\n<\/div>\n<div class=\"card-review\">\n    <div class=\"image\">\n        <img decoding=\"async\" src=\"https:\/\/casino-mga.com\/wp-content\/uploads\/2023\/06\/lyra-logo.png\" alt=\"Lyra Casino\"\/>\n    <\/div>\n    <div class=\"title\">\n        Lyra Casino\n    <\/div>\n    <div class=\"link\">\n        <a href=\"https:\/\/casino-mga.com\/sv\/casinorecensioner\/lyra-casino\/\" class=\"button outline full-width\">Lyra Casino<\/a>\n    <\/div>\n<\/div>\n<div class=\"card-review\">\n    <div class=\"image\">\n        <img decoding=\"async\" src=\"https:\/\/casino-mga.com\/wp-content\/uploads\/2023\/06\/gemlercasino.png\" alt=\"Gemler Casino\"\/>\n    <\/div>\n    <div class=\"title\">\n        Gemler Casino\n    <\/div>\n    <div class=\"link\">\n        <a href=\"https:\/\/casino-mga.com\/sv\/casinorecensioner\/gemler-casino\/\" class=\"button outline full-width\">Gemler Casino<\/a>\n    <\/div>\n<\/div>\n<div class=\"card-review\">\n    <div class=\"image\">\n        <img decoding=\"async\" src=\"https:\/\/casino-mga.com\/wp-content\/uploads\/2023\/06\/moi-casino-logo.png\" alt=\"Moi Casino\u00a0recension\"\/>\n    <\/div>\n    <div class=\"title\">\n        Moi Casino\u00a0recension\n    <\/div>\n    <div class=\"link\">\n        <a href=\"https:\/\/casino-mga.com\/sv\/casinorecensioner\/moi-casino\/\" class=\"button outline full-width\">Moi Casino\u00a0recension<\/a>\n    <\/div>\n<\/div>\n<div class=\"card-review\">\n    <div class=\"image\">\n        <img decoding=\"async\" src=\"https:\/\/casino-mga.com\/wp-content\/uploads\/2023\/06\/tsars-logo.png\" alt=\"Tsars Casino\u00a0\"\/>\n    <\/div>\n    <div class=\"title\">\n        Tsars Casino\u00a0\n    <\/div>\n    <div class=\"link\">\n        <a href=\"https:\/\/casino-mga.com\/sv\/casinorecensioner\/tsars-casino\/\" class=\"button outline full-width\">Tsars Casino\u00a0<\/a>\n    <\/div>\n<\/div>\n<div class=\"card-review\">\n    <div class=\"image\">\n        <img decoding=\"async\" src=\"https:\/\/casino-mga.com\/wp-content\/uploads\/2023\/06\/wolfy-casino.png\" alt=\"Wolfy Casino\u00a0\"\/>\n    <\/div>\n    <div class=\"title\">\n        Wolfy Casino\u00a0\n    <\/div>\n    <div class=\"link\">\n        <a href=\"https:\/\/casino-mga.com\/sv\/casinorecensioner\/wolfy-casino\/\" class=\"button outline full-width\">Wolfy Casino\u00a0<\/a>\n    <\/div>\n<\/div>\n<div class=\"card-review\">\n    <div class=\"image\">\n        <img decoding=\"async\" src=\"https:\/\/casino-mga.com\/wp-content\/uploads\/2023\/06\/iwildcasino-logo.jpeg\" alt=\"iWild Casino\"\/>\n    <\/div>\n    <div class=\"title\">\n        iWild Casino\n    <\/div>\n    <div class=\"link\">\n        <a href=\"https:\/\/casino-mga.com\/sv\/casinorecensioner\/iwild-casino\/\" class=\"button outline full-width\">iWild Casino<\/a>\n    <\/div>\n<\/div>\n<div class=\"card-review\">\n    <div class=\"image\">\n        <img decoding=\"async\" src=\"https:\/\/casino-mga.com\/wp-content\/uploads\/2023\/06\/raptor-casino-1.png\" alt=\"Raptor Casino\"\/>\n    <\/div>\n    <div class=\"title\">\n        Raptor Casino\n    <\/div>\n    <div class=\"link\">\n        <a href=\"https:\/\/casino-mga.com\/sv\/casinorecensioner\/raptor-casino-recension\/\" class=\"button outline full-width\">Raptor Casino<\/a>\n    <\/div>\n<\/div>\n<div class=\"card-review\">\n    <div class=\"image\">\n        <img decoding=\"async\" src=\"https:\/\/casino-mga.com\/wp-content\/uploads\/2023\/06\/amok-casino.png\" alt=\"Amok Casino\u00a0\"\/>\n    <\/div>\n    <div class=\"title\">\n        Amok Casino\u00a0\n    <\/div>\n    <div class=\"link\">\n        <a href=\"https:\/\/casino-mga.com\/sv\/casinorecensioner\/amok-casino\/\" class=\"button outline full-width\">Amok Casino\u00a0<\/a>\n    <\/div>\n<\/div>\n<div class=\"card-review\">\n    <div class=\"image\">\n        <img decoding=\"async\" src=\"https:\/\/casino-mga.com\/wp-content\/uploads\/2023\/05\/spinerologo.png\" alt=\"Spinero Casino\"\/>\n    <\/div>\n    <div class=\"title\">\n        Spinero Casino\n    <\/div>\n    <div class=\"link\">\n        <a href=\"https:\/\/casino-mga.com\/sv\/casinorecensioner\/spinero-casino\/\" class=\"button outline full-width\">Spinero Casino<\/a>\n    <\/div>\n<\/div>\n<div class=\"card-review\">\n    <div class=\"image\">\n        <img decoding=\"async\" src=\"https:\/\/casino-mga.com\/wp-content\/uploads\/2023\/05\/refuelcasino.png\" alt=\"Refuel casino\"\/>\n    <\/div>\n    <div class=\"title\">\n        Refuel casino\n    <\/div>\n    <div class=\"link\">\n        <a href=\"https:\/\/casino-mga.com\/sv\/casinorecensioner\/refuel-casino\/\" class=\"button outline full-width\">Refuel casino<\/a>\n    <\/div>\n<\/div>\n<div class=\"card-review\">\n    <div class=\"image\">\n        <img decoding=\"async\" src=\"https:\/\/casino-mga.com\/wp-content\/uploads\/2023\/05\/lightning-casino.png\" alt=\"Lightning casino\"\/>\n    <\/div>\n    <div class=\"title\">\n        Lightning casino\n    <\/div>\n    <div class=\"link\">\n        <a href=\"https:\/\/casino-mga.com\/sv\/casinorecensioner\/lightning-casino\/\" class=\"button outline full-width\">Lightning casino<\/a>\n    <\/div>\n<\/div>\n<div class=\"card-review\">\n    <div class=\"image\">\n        <img decoding=\"async\" src=\"https:\/\/casino-mga.com\/wp-content\/uploads\/2022\/07\/touch-casino-logo-sv-1.png\" alt=\"Touch Casino\"\/>\n    <\/div>\n    <div class=\"title\">\n        Touch Casino\n    <\/div>\n    <div class=\"link\">\n        <a href=\"https:\/\/casino-mga.com\/sv\/casinorecensioner\/touch-casino\/\" class=\"button outline full-width\">Touch Casino<\/a>\n    <\/div>\n<\/div>\n\n","protected":false},"excerpt":{"rendered":"<p>Casinorecensioner H\u00e4r har vi samlat alla v\u00e5ra recensioner om olika MGA casinon. Som spelare \u00e4r det givetvis viktigt att veta&#8230;<\/p>\n","protected":false},"author":3,"featured_media":0,"parent":0,"menu_order":0,"comment_status":"closed","ping_status":"closed","template":"","meta":{"_acf_changed":false,"footnotes":""},"class_list":["post-58","page","type-page","status-publish","hentry"],"acf":[],"yoast_head":"<!-- This site is optimized with the Yoast SEO plugin v27.0 - https:\/\/yoast.com\/product\/yoast-seo-wordpress\/ -->\n<title>Casinorecensioner \u2014 Alla v\u00e5ra n\u00e4tcasinorecensioner 2022<\/title>\n<meta name=\"description\" content=\"H\u00e4r hittar du alla v\u00e5ra casinorecensioner och mer d\u00e4rtill! L\u00e4s och j\u00e4mf\u00f6r alla de b\u00e4sta n\u00e4tcasinona h\u00e4r!\" \/>\n<meta name=\"robots\" content=\"index, follow, max-snippet:-1, max-image-preview:large, max-video-preview:-1\" \/>\n<link rel=\"canonical\" href=\"https:\/\/casino-mga.com\/sv\/casinorecensioner\/\" \/>\n<meta property=\"og:locale\" content=\"sv_SE\" \/>\n<meta property=\"og:type\" content=\"article\" \/>\n<meta property=\"og:title\" content=\"Casinorecensioner \u2014 Alla v\u00e5ra n\u00e4tcasinorecensioner 2022\" \/>\n<meta property=\"og:description\" content=\"H\u00e4r hittar du alla v\u00e5ra casinorecensioner och mer d\u00e4rtill! L\u00e4s och j\u00e4mf\u00f6r alla de b\u00e4sta n\u00e4tcasinona h\u00e4r!\" \/>\n<meta property=\"og:url\" content=\"https:\/\/casino-mga.com\/sv\/casinorecensioner\/\" \/>\n<meta property=\"og:site_name\" content=\"MGA Casino\" \/>\n<meta property=\"article:modified_time\" content=\"2022-07-11T14:19:33+00:00\" \/>\n<meta name=\"twitter:card\" content=\"summary_large_image\" \/>\n<meta name=\"twitter:label1\" content=\"Ber\u00e4knad l\u00e4stid\" \/>\n\t<meta name=\"twitter:data1\" content=\"1 minut\" \/>\n<script type=\"application\/ld+json\" class=\"yoast-schema-graph\">{\"@context\":\"https:\/\/schema.org\",\"@graph\":[{\"@type\":\"WebPage\",\"@id\":\"https:\/\/casino-mga.com\/sv\/casinorecensioner\/\",\"url\":\"https:\/\/casino-mga.com\/sv\/casinorecensioner\/\",\"name\":\"Casinorecensioner \u2014 Alla v\u00e5ra n\u00e4tcasinorecensioner 2022\",\"isPartOf\":{\"@id\":\"https:\/\/casino-mga.com\/sv\/#website\"},\"datePublished\":\"2022-07-07T12:17:16+00:00\",\"dateModified\":\"2022-07-11T14:19:33+00:00\",\"description\":\"H\u00e4r hittar du alla v\u00e5ra casinorecensioner och mer d\u00e4rtill! L\u00e4s och j\u00e4mf\u00f6r alla de b\u00e4sta n\u00e4tcasinona h\u00e4r!\",\"breadcrumb\":{\"@id\":\"https:\/\/casino-mga.com\/sv\/casinorecensioner\/#breadcrumb\"},\"inLanguage\":\"sv-SE\",\"potentialAction\":[{\"@type\":\"ReadAction\",\"target\":[\"https:\/\/casino-mga.com\/sv\/casinorecensioner\/\"]}]},{\"@type\":\"BreadcrumbList\",\"@id\":\"https:\/\/casino-mga.com\/sv\/casinorecensioner\/#breadcrumb\",\"itemListElement\":[{\"@type\":\"ListItem\",\"position\":1,\"name\":\"MGA Casino\",\"item\":\"https:\/\/casino-mga.com\/sv\/\"},{\"@type\":\"ListItem\",\"position\":2,\"name\":\"Casinorecensioner\"}]},{\"@type\":\"WebSite\",\"@id\":\"https:\/\/casino-mga.com\/sv\/#website\",\"url\":\"https:\/\/casino-mga.com\/sv\/\",\"name\":\"MGA Casino\",\"description\":\"Alles \u00fcber MGA Casinos online\",\"publisher\":{\"@id\":\"https:\/\/casino-mga.com\/sv\/#organization\"},\"potentialAction\":[{\"@type\":\"SearchAction\",\"target\":{\"@type\":\"EntryPoint\",\"urlTemplate\":\"https:\/\/casino-mga.com\/sv\/?s={search_term_string}\"},\"query-input\":{\"@type\":\"PropertyValueSpecification\",\"valueRequired\":true,\"valueName\":\"search_term_string\"}}],\"inLanguage\":\"sv-SE\"},{\"@type\":\"Organization\",\"@id\":\"https:\/\/casino-mga.com\/sv\/#organization\",\"name\":\"MGA Casino\",\"url\":\"https:\/\/casino-mga.com\/sv\/\",\"logo\":{\"@type\":\"ImageObject\",\"inLanguage\":\"sv-SE\",\"@id\":\"https:\/\/casino-mga.com\/sv\/#\/schema\/logo\/image\/\",\"url\":\"https:\/\/casino-mga.com\/wp-content\/uploads\/2022\/07\/cropped-mga-casino-logo.png\",\"contentUrl\":\"https:\/\/casino-mga.com\/wp-content\/uploads\/2022\/07\/cropped-mga-casino-logo.png\",\"width\":578,\"height\":300,\"caption\":\"MGA Casino\"},\"image\":{\"@id\":\"https:\/\/casino-mga.com\/sv\/#\/schema\/logo\/image\/\"}}]}<\/script>\n<!-- \/ Yoast SEO plugin. -->","yoast_head_json":{"title":"Casinorecensioner \u2014 Alla v\u00e5ra n\u00e4tcasinorecensioner 2022","description":"H\u00e4r hittar du alla v\u00e5ra casinorecensioner och mer d\u00e4rtill! L\u00e4s och j\u00e4mf\u00f6r alla de b\u00e4sta n\u00e4tcasinona h\u00e4r!","robots":{"index":"index","follow":"follow","max-snippet":"max-snippet:-1","max-image-preview":"max-image-preview:large","max-video-preview":"max-video-preview:-1"},"canonical":"https:\/\/casino-mga.com\/sv\/casinorecensioner\/","og_locale":"sv_SE","og_type":"article","og_title":"Casinorecensioner \u2014 Alla v\u00e5ra n\u00e4tcasinorecensioner 2022","og_description":"H\u00e4r hittar du alla v\u00e5ra casinorecensioner och mer d\u00e4rtill! L\u00e4s och j\u00e4mf\u00f6r alla de b\u00e4sta n\u00e4tcasinona h\u00e4r!","og_url":"https:\/\/casino-mga.com\/sv\/casinorecensioner\/","og_site_name":"MGA Casino","article_modified_time":"2022-07-11T14:19:33+00:00","twitter_card":"summary_large_image","twitter_misc":{"Ber\u00e4knad l\u00e4stid":"1 minut"},"schema":{"@context":"https:\/\/schema.org","@graph":[{"@type":"WebPage","@id":"https:\/\/casino-mga.com\/sv\/casinorecensioner\/","url":"https:\/\/casino-mga.com\/sv\/casinorecensioner\/","name":"Casinorecensioner \u2014 Alla v\u00e5ra n\u00e4tcasinorecensioner 2022","isPartOf":{"@id":"https:\/\/casino-mga.com\/sv\/#website"},"datePublished":"2022-07-07T12:17:16+00:00","dateModified":"2022-07-11T14:19:33+00:00","description":"H\u00e4r hittar du alla v\u00e5ra casinorecensioner och mer d\u00e4rtill! L\u00e4s och j\u00e4mf\u00f6r alla de b\u00e4sta n\u00e4tcasinona h\u00e4r!","breadcrumb":{"@id":"https:\/\/casino-mga.com\/sv\/casinorecensioner\/#breadcrumb"},"inLanguage":"sv-SE","potentialAction":[{"@type":"ReadAction","target":["https:\/\/casino-mga.com\/sv\/casinorecensioner\/"]}]},{"@type":"BreadcrumbList","@id":"https:\/\/casino-mga.com\/sv\/casinorecensioner\/#breadcrumb","itemListElement":[{"@type":"ListItem","position":1,"name":"MGA Casino","item":"https:\/\/casino-mga.com\/sv\/"},{"@type":"ListItem","position":2,"name":"Casinorecensioner"}]},{"@type":"WebSite","@id":"https:\/\/casino-mga.com\/sv\/#website","url":"https:\/\/casino-mga.com\/sv\/","name":"MGA Casino","description":"Alles \u00fcber MGA Casinos online","publisher":{"@id":"https:\/\/casino-mga.com\/sv\/#organization"},"potentialAction":[{"@type":"SearchAction","target":{"@type":"EntryPoint","urlTemplate":"https:\/\/casino-mga.com\/sv\/?s={search_term_string}"},"query-input":{"@type":"PropertyValueSpecification","valueRequired":true,"valueName":"search_term_string"}}],"inLanguage":"sv-SE"},{"@type":"Organization","@id":"https:\/\/casino-mga.com\/sv\/#organization","name":"MGA Casino","url":"https:\/\/casino-mga.com\/sv\/","logo":{"@type":"ImageObject","inLanguage":"sv-SE","@id":"https:\/\/casino-mga.com\/sv\/#\/schema\/logo\/image\/","url":"https:\/\/casino-mga.com\/wp-content\/uploads\/2022\/07\/cropped-mga-casino-logo.png","contentUrl":"https:\/\/casino-mga.com\/wp-content\/uploads\/2022\/07\/cropped-mga-casino-logo.png","width":578,"height":300,"caption":"MGA Casino"},"image":{"@id":"https:\/\/casino-mga.com\/sv\/#\/schema\/logo\/image\/"}}]}},"_links":{"self":[{"href":"https:\/\/casino-mga.com\/sv\/wp-json\/wp\/v2\/pages\/58","targetHints":{"allow":["GET"]}}],"collection":[{"href":"https:\/\/casino-mga.com\/sv\/wp-json\/wp\/v2\/pages"}],"about":[{"href":"https:\/\/casino-mga.com\/sv\/wp-json\/wp\/v2\/types\/page"}],"author":[{"embeddable":true,"href":"https:\/\/casino-mga.com\/sv\/wp-json\/wp\/v2\/users\/3"}],"replies":[{"embeddable":true,"href":"https:\/\/casino-mga.com\/sv\/wp-json\/wp\/v2\/comments?post=58"}],"version-history":[{"count":2,"href":"https:\/\/casino-mga.com\/sv\/wp-json\/wp\/v2\/pages\/58\/revisions"}],"predecessor-version":[{"id":198,"href":"https:\/\/casino-mga.com\/sv\/wp-json\/wp\/v2\/pages\/58\/revisions\/198"}],"wp:attachment":[{"href":"https:\/\/casino-mga.com\/sv\/wp-json\/wp\/v2\/media?parent=58"}],"curies":[{"name":"wp","href":"https:\/\/api.w.org\/{rel}","templated":true}]}}