{"id":608,"date":"2023-04-25T10:29:25","date_gmt":"2023-04-25T10:29:25","guid":{"rendered":"http:\/\/casino-mga.com\/?page_id=608"},"modified":"2023-11-09T09:59:57","modified_gmt":"2023-11-09T09:59:57","slug":"casino-utan-insattningsgrans","status":"publish","type":"page","link":"https:\/\/casino-mga.com\/sv\/casino-utan-insattningsgrans\/","title":{"rendered":"Casino utan ins\u00e4ttningsgr\u00e4ns"},"content":{"rendered":"\n<h1 class=\"wp-block-heading\">Casino utan ins\u00e4ttningsgr\u00e4ns<\/h1>\n\n\n\n<p>Vi kan nog alla k\u00e4nna igen oss i k\u00e4nslan n\u00e4r man n\u00e5r sin spelgr\u00e4ns p\u00e5 ett casino och beh\u00f6ver byta casinosajt. Det kan utan tvekan k\u00e4nnas frustrerande och det g\u00e5r inte att f\u00f6rneka att det har blivit betydligt mycket sv\u00e5rare f\u00f6r svenska spelare att spela utan begr\u00e4nsningar i Sverige.&nbsp;<\/p>\n\n\n\n<p>Att spela casino utan ins\u00e4ttningsgr\u00e4ns inneb\u00e4r att du inte beh\u00f6ver ta h\u00e4nsyn till n\u00e5gra ins\u00e4ttningsgr\u00e4nser utan sj\u00e4lv kan v\u00e4lja hur mycket, eller hur lite, du vill spela. P\u00e5 denna sida g\u00e5r vi igenom allt du beh\u00f6ver veta om du \u00e4r intresserad av att spela p\u00e5 ett casino utan ins\u00e4ttningsgr\u00e4ns!\u00a0<\/p>\n\n\n\n<figure class=\"wp-block-image size-full\"><img loading=\"lazy\" decoding=\"async\" width=\"1024\" height=\"536\" src=\"http:\/\/casino-mga.com\/wp-content\/uploads\/2023\/04\/casino-utan-insattningsgrans.png\" alt=\"Casino utan ins\u00e4ttningsgr\u00e4ns\" class=\"wp-image-610\" srcset=\"https:\/\/casino-mga.com\/wp-content\/uploads\/2023\/04\/casino-utan-insattningsgrans.png 1024w, https:\/\/casino-mga.com\/wp-content\/uploads\/2023\/04\/casino-utan-insattningsgrans-300x157.png 300w, https:\/\/casino-mga.com\/wp-content\/uploads\/2023\/04\/casino-utan-insattningsgrans-768x402.png 768w\" sizes=\"auto, (max-width: 1024px) 100vw, 1024px\" \/><\/figure>\n\n\n\n<h2 class=\"wp-block-heading\">Det \u00e4r en ins\u00e4ttningsgr\u00e4ns&nbsp;<\/h2>\n\n\n\n<p>En ins\u00e4ttningsgr\u00e4ns \u00e4r en form av spelgr\u00e4ns som \u00e4r obligatorisk p\u00e5 casinon med svensk spellicens. Ins\u00e4ttningsgr\u00e4nsen inf\u00f6rdes n\u00e4r spelmonopolet avskaffades och den svenska spelmarknaden reglerades under 2019.&nbsp;<\/p>\n\n\n\n<p>Ins\u00e4ttningsgr\u00e4nsen var en s\u00e5dan grej som delade upp de svenska spelarna i tv\u00e5 l\u00e4ger. Ena delen tyckte att detta med spelgr\u00e4nser var toppen, d\u00e5 det g\u00f6r det l\u00e4ttare att spela under kontrollerade och ansvarsfulla former. Samtidigt fanns det en hel dr\u00f6s med spelare som tyckte att ins\u00e4ttningsgr\u00e4nsen, och de andra riktlinjerna som inf\u00f6rdes, f\u00f6rst\u00f6rde den fria spelupplevelse.&nbsp;<\/p>\n\n\n\n<p>M\u00e5nga spelare har d\u00e4rf\u00f6r valt att s\u00f6ka sig till casinon utan ins\u00e4ttningsgr\u00e4ns de senaste \u00e5ren. P\u00e5 casinon utan ins\u00e4ttningsgr\u00e4ns finns det inget krav p\u00e5 att man m\u00e5ste st\u00e4lla in en ins\u00e4ttningsgr\u00e4ns. M\u00e5nga av dessa casinon erbjuder dock m\u00f6jligheten att st\u00e4lla in spelgr\u00e4nser, men det \u00e4r d\u00e5 inte obligatoriskt.&nbsp;<\/p>\n\n\n\n<p>Anledningar till att casinon inte har n\u00e5gon ins\u00e4ttningsgr\u00e4ns&nbsp;<\/p>\n\n\n\n<p>Det finns en hel del casinon p\u00e5 den utl\u00e4ndska spelmarknaden som inte har n\u00e5gon ins\u00e4ttningsgr\u00e4ns. Anledningen till detta \u00e4r att casinona inte har n\u00e5gon svensk spellicens, utan ist\u00e4llet en spellicens utf\u00e4rdad av en annan spelmyndighet i ett annat land.&nbsp;<\/p>\n\n\n\n<p>Den vanligaste spellicensen bland casinon utan ins\u00e4ttningsgr\u00e4ns \u00e4r MGA (Malta Gaming Authority). Detta \u00e4r en p\u00e5litlig och trygg spellicens som samtidigt inte har n\u00e5gra krav p\u00e5 att du beh\u00f6ver st\u00e4lla in n\u00e5gra ins\u00e4ttningsgr\u00e4nser f\u00f6r att kunna spela. M\u00e5nga av de mest popul\u00e4ra casinona har just en <a href=\"https:\/\/casino-mga.com\/sv\/\">MGA licens<\/a>.&nbsp;<\/p>\n\n\n\n<p>Ut\u00f6ver MGA \u00e4r det \u00e4ven vanligt med spellicenser utf\u00e4rdade i Gibraltar, Curacao eller Estland. Gemensamt f\u00f6r alla dessa spellicenser \u00e4r att det inte finns n\u00e5got krav f\u00f6r casinona att erbjuda ins\u00e4ttningsgr\u00e4nser.&nbsp;<\/p>\n\n\n\n<h2 class=\"wp-block-heading\">D\u00e4rf\u00f6r \u00e4r casinon utan ins\u00e4ttningsgr\u00e4ns popul\u00e4rt&nbsp;<\/h2>\n\n\n\n<p>Som vi tidigare konstaterat \u00e4r det v\u00e4ldigt popul\u00e4rt att spela p\u00e5 ett casino utan ins\u00e4ttningskrav. Anledningarna till det \u00e4r flera. F\u00f6rst och fr\u00e4mst slipper du ta h\u00e4nsyn till n\u00e5gon ins\u00e4ttningsgr\u00e4ns n\u00e4r du spelar p\u00e5 denna typ av casinon. Du kan sj\u00e4lv v\u00e4lja exakt hur mycket du vill spela f\u00f6r, samt hur l\u00e4nge.&nbsp;<\/p>\n\n\n\n<p>P\u00e5 svenska casinon finns det \u00e4ven obligatoriska spelgr\u00e4nser i form av sessiongr\u00e4nser och f\u00f6rlustgr\u00e4nser, som beh\u00f6ver st\u00e4llas in innan man kan b\u00f6rja spela. Dessa spelgr\u00e4nser slipper man om man v\u00e4ljer ett casino utan ins\u00e4ttningsgr\u00e4ns.\u00a0<\/p>\n\n\n\n<figure class=\"wp-block-image size-full\"><img loading=\"lazy\" decoding=\"async\" width=\"1024\" height=\"536\" src=\"http:\/\/casino-mga.com\/wp-content\/uploads\/2023\/04\/casinon-utan-insattningsgrans.png\" alt=\"Spela p\u00e5 casinon utan ins\u00e4ttningsgr\u00e4ns\" class=\"wp-image-614\" srcset=\"https:\/\/casino-mga.com\/wp-content\/uploads\/2023\/04\/casinon-utan-insattningsgrans.png 1024w, https:\/\/casino-mga.com\/wp-content\/uploads\/2023\/04\/casinon-utan-insattningsgrans-300x157.png 300w, https:\/\/casino-mga.com\/wp-content\/uploads\/2023\/04\/casinon-utan-insattningsgrans-768x402.png 768w\" sizes=\"auto, (max-width: 1024px) 100vw, 1024px\" \/><\/figure>\n\n\n\n<p>Andra anledningar till att det \u00e4r popul\u00e4rt att spela p\u00e5 ett casino utan ins\u00e4ttningsgr\u00e4ns \u00e4r f\u00f6ljande:&nbsp;<\/p>\n\n\n\n<ul class=\"wp-block-list\">\n<li>Du slipper v\u00e4nta 3 sekunder mellan varje snurr<\/li>\n\n\n\n<li>Det finns ingen koppling till Spelpaus (vilket inneb\u00e4r att du kan spela \u00e4ven om du aktiverat <a href=\"https:\/\/casino-mga.com\/sv\/spelpaus-av-misstag\/\">Spelpaus av misstag<\/a>)<\/li>\n\n\n\n<li>Du kan spela utan BankID&nbsp;<\/li>\n\n\n\n<li>Du kan ta del av fler bonusar<\/li>\n\n\n\n<li>Spelutbudet \u00e4r ofta st\u00f6rre<\/li>\n<\/ul>\n\n\n\n<h2 class=\"wp-block-heading\">\u00c4r det lagligt att spela p\u00e5 ett casino utan ins\u00e4ttningsgr\u00e4ns?<\/h2>\n\n\n\n<p>En vanligt f\u00f6rekommande fr\u00e5ga n\u00e4r man pratar om casinon utan ins\u00e4ttningsgr\u00e4nser, och casinon utan svensk spellicens generellt, \u00e4r huruvida det \u00e4r lagligt eller inte. Svaret \u00e4r egentligen superenkelt. Det \u00e4r helt lagligt f\u00f6r dig att spela p\u00e5 ett casino utan ins\u00e4ttningsgr\u00e4ns!&nbsp;<\/p>\n\n\n\n<p>Det finns ingenting brottsligt med att spela p\u00e5 ett casino som inte har en svensk spellicens eller ins\u00e4ttningsgr\u00e4nser. Inte heller st\u00e5r det n\u00e5gonstans i lagen att detta skulle vara olagligt. Du kan d\u00e4rf\u00f6r k\u00e4nna dig helt lugn n\u00e4r du spelar p\u00e5 ett casino utan ins\u00e4ttningsgr\u00e4ns, oavsett om du v\u00e4ljer ett maltesiskt, estl\u00e4ndskt eller <a href=\"https:\/\/casino-mga.com\/sv\/norska-casino-utan-svensk-licens\/\">norskt casino utan svensk licens<\/a>.\u00a0<\/p>\n\n\n\n<figure class=\"wp-block-image size-full\"><img loading=\"lazy\" decoding=\"async\" width=\"1024\" height=\"536\" src=\"http:\/\/casino-mga.com\/wp-content\/uploads\/2023\/04\/onlinecasinon-utan-insattningsgrans.png\" alt=\"Online casinon utan ins\u00e4ttningsgr\u00e4ns\" class=\"wp-image-618\" srcset=\"https:\/\/casino-mga.com\/wp-content\/uploads\/2023\/04\/onlinecasinon-utan-insattningsgrans.png 1024w, https:\/\/casino-mga.com\/wp-content\/uploads\/2023\/04\/onlinecasinon-utan-insattningsgrans-300x157.png 300w, https:\/\/casino-mga.com\/wp-content\/uploads\/2023\/04\/onlinecasinon-utan-insattningsgrans-768x402.png 768w\" sizes=\"auto, (max-width: 1024px) 100vw, 1024px\" \/><\/figure>\n\n\n\n<h2 class=\"wp-block-heading\">Vanliga fr\u00e5gor och svar om casino utan ins\u00e4ttningsgr\u00e4ns<\/h2>\n\n\n\n<div class=\"schema-faq wp-block-yoast-faq-block\"><div class=\"schema-faq-section\" id=\"faq-question-1682418337736\"><strong class=\"schema-faq-question\"><strong>Vad \u00e4r en ins\u00e4ttningsgr\u00e4ns?\u00a0<\/strong><\/strong> <p class=\"schema-faq-answer\">En inst\u00e4ttningsgr\u00e4ns \u00e4r en spelgr\u00e4ns som du st\u00e4ller in p\u00e5 ditt spelkonto. Du st\u00e4ller in hur mycket du vill spela f\u00f6r per dag, vecka och m\u00e5nad.\u00a0<\/p> <\/div> <div class=\"schema-faq-section\" id=\"faq-question-1682418343277\"><strong class=\"schema-faq-question\"><strong>\u00c4r det lagligt att spela p\u00e5 ett casino utan ins\u00e4ttningsgr\u00e4ns?<\/strong><\/strong> <p class=\"schema-faq-answer\">Ja, det \u00e4r 100% lagligt f\u00f6r dig som spelare att v\u00e4lja att spela p\u00e5 ett casino utan ins\u00e4ttningsgr\u00e4ns.\u00a0<\/p> <\/div> <div class=\"schema-faq-section\" id=\"faq-question-1682418348894\"><strong class=\"schema-faq-question\"><strong>Finns det svenska casinon utan ins\u00e4ttningsgr\u00e4ns?\u00a0<\/strong><\/strong> <p class=\"schema-faq-answer\">Nej, det \u00e4r obligatoriskt med ins\u00e4ttningsgr\u00e4nser p\u00e5 svenska casinon. Det \u00e4r endast p\u00e5 casinon utan svensk spellicens som du har m\u00f6jlighet att spela utan ins\u00e4ttningsgr\u00e4ns.\u00a0<\/p> <\/div> <div class=\"schema-faq-section\" id=\"faq-question-1682418353961\"><strong class=\"schema-faq-question\"><strong>\u00c4r vinster skattefria p\u00e5 casinon utan ins\u00e4ttningsgr\u00e4nser?\u00a0<\/strong><\/strong> <p class=\"schema-faq-answer\">Om du v\u00e4ljer att spela p\u00e5 ett casino med sin spellicens utf\u00e4rdad av en spelmyndighet inom EU beh\u00f6ver du inte betala n\u00e5gon vinstskatt.<\/p> <\/div> <\/div>\n\n\n\n<p><\/p>\n","protected":false},"excerpt":{"rendered":"<p>Casino utan ins\u00e4ttningsgr\u00e4ns Vi kan nog alla k\u00e4nna igen oss i k\u00e4nslan n\u00e4r man n\u00e5r sin spelgr\u00e4ns p\u00e5 ett casino&#8230;<\/p>\n","protected":false},"author":3,"featured_media":0,"parent":0,"menu_order":0,"comment_status":"closed","ping_status":"closed","template":"","meta":{"_acf_changed":false,"footnotes":""},"class_list":["post-608","page","type-page","status-publish","hentry"],"acf":[],"yoast_head":"<!-- This site is optimized with the Yoast SEO plugin v27.0 - https:\/\/yoast.com\/product\/yoast-seo-wordpress\/ -->\n<title>Casino utan ins\u00e4ttningsgr\u00e4ns - Spela utan spelgr\u00e4nser 2023!<\/title>\n<meta name=\"description\" content=\"P\u00e5 ett casino utan ins\u00e4ttningsgr\u00e4ns beh\u00f6ver du inte st\u00e4lla in n\u00e5gon ins\u00e4ttningsgr\u00e4ns f\u00f6r att spela. Du v\u00e4ljer sj\u00e4lv hur mycket du vill spela!\" \/>\n<meta name=\"robots\" content=\"index, follow, max-snippet:-1, max-image-preview:large, max-video-preview:-1\" \/>\n<link rel=\"canonical\" href=\"https:\/\/casino-mga.com\/sv\/casino-utan-insattningsgrans\/\" \/>\n<meta property=\"og:locale\" content=\"sv_SE\" \/>\n<meta property=\"og:type\" content=\"article\" \/>\n<meta property=\"og:title\" content=\"Casino utan ins\u00e4ttningsgr\u00e4ns - Spela utan spelgr\u00e4nser 2023!\" \/>\n<meta property=\"og:description\" content=\"P\u00e5 ett casino utan ins\u00e4ttningsgr\u00e4ns beh\u00f6ver du inte st\u00e4lla in n\u00e5gon ins\u00e4ttningsgr\u00e4ns f\u00f6r att spela. Du v\u00e4ljer sj\u00e4lv hur mycket du vill spela!\" \/>\n<meta property=\"og:url\" content=\"https:\/\/casino-mga.com\/sv\/casino-utan-insattningsgrans\/\" \/>\n<meta property=\"og:site_name\" content=\"MGA Casino\" \/>\n<meta property=\"article:modified_time\" content=\"2023-11-09T09:59:57+00:00\" \/>\n<meta property=\"og:image\" content=\"http:\/\/casino-mga.com\/wp-content\/uploads\/2023\/04\/casino-utan-insattningsgrans.png\" \/>\n<meta name=\"twitter:card\" content=\"summary_large_image\" \/>\n<meta name=\"twitter:label1\" content=\"Ber\u00e4knad l\u00e4stid\" \/>\n\t<meta name=\"twitter:data1\" content=\"5 minuter\" \/>\n<script type=\"application\/ld+json\" class=\"yoast-schema-graph\">{\"@context\":\"https:\/\/schema.org\",\"@graph\":[{\"@type\":[\"WebPage\",\"FAQPage\"],\"@id\":\"https:\/\/casino-mga.com\/sv\/casino-utan-insattningsgrans\/\",\"url\":\"https:\/\/casino-mga.com\/sv\/casino-utan-insattningsgrans\/\",\"name\":\"Casino utan ins\u00e4ttningsgr\u00e4ns - Spela utan spelgr\u00e4nser 2023!\",\"isPartOf\":{\"@id\":\"https:\/\/casino-mga.com\/sv\/#website\"},\"primaryImageOfPage\":{\"@id\":\"https:\/\/casino-mga.com\/sv\/casino-utan-insattningsgrans\/#primaryimage\"},\"image\":{\"@id\":\"https:\/\/casino-mga.com\/sv\/casino-utan-insattningsgrans\/#primaryimage\"},\"thumbnailUrl\":\"http:\/\/casino-mga.com\/wp-content\/uploads\/2023\/04\/casino-utan-insattningsgrans.png\",\"datePublished\":\"2023-04-25T10:29:25+00:00\",\"dateModified\":\"2023-11-09T09:59:57+00:00\",\"description\":\"P\u00e5 ett casino utan ins\u00e4ttningsgr\u00e4ns beh\u00f6ver du inte st\u00e4lla in n\u00e5gon ins\u00e4ttningsgr\u00e4ns f\u00f6r att spela. Du v\u00e4ljer sj\u00e4lv hur mycket du vill spela!\",\"breadcrumb\":{\"@id\":\"https:\/\/casino-mga.com\/sv\/casino-utan-insattningsgrans\/#breadcrumb\"},\"mainEntity\":[{\"@id\":\"https:\/\/casino-mga.com\/sv\/casino-utan-insattningsgrans\/#faq-question-1682418337736\"},{\"@id\":\"https:\/\/casino-mga.com\/sv\/casino-utan-insattningsgrans\/#faq-question-1682418343277\"},{\"@id\":\"https:\/\/casino-mga.com\/sv\/casino-utan-insattningsgrans\/#faq-question-1682418348894\"},{\"@id\":\"https:\/\/casino-mga.com\/sv\/casino-utan-insattningsgrans\/#faq-question-1682418353961\"}],\"inLanguage\":\"sv-SE\",\"potentialAction\":[{\"@type\":\"ReadAction\",\"target\":[\"https:\/\/casino-mga.com\/sv\/casino-utan-insattningsgrans\/\"]}]},{\"@type\":\"ImageObject\",\"inLanguage\":\"sv-SE\",\"@id\":\"https:\/\/casino-mga.com\/sv\/casino-utan-insattningsgrans\/#primaryimage\",\"url\":\"http:\/\/casino-mga.com\/wp-content\/uploads\/2023\/04\/casino-utan-insattningsgrans.png\",\"contentUrl\":\"http:\/\/casino-mga.com\/wp-content\/uploads\/2023\/04\/casino-utan-insattningsgrans.png\"},{\"@type\":\"BreadcrumbList\",\"@id\":\"https:\/\/casino-mga.com\/sv\/casino-utan-insattningsgrans\/#breadcrumb\",\"itemListElement\":[{\"@type\":\"ListItem\",\"position\":1,\"name\":\"MGA Casino\",\"item\":\"https:\/\/casino-mga.com\/sv\/\"},{\"@type\":\"ListItem\",\"position\":2,\"name\":\"Casino utan ins\u00e4ttningsgr\u00e4ns\"}]},{\"@type\":\"WebSite\",\"@id\":\"https:\/\/casino-mga.com\/sv\/#website\",\"url\":\"https:\/\/casino-mga.com\/sv\/\",\"name\":\"MGA Casino\",\"description\":\"Alles \u00fcber MGA Casinos online\",\"publisher\":{\"@id\":\"https:\/\/casino-mga.com\/sv\/#organization\"},\"potentialAction\":[{\"@type\":\"SearchAction\",\"target\":{\"@type\":\"EntryPoint\",\"urlTemplate\":\"https:\/\/casino-mga.com\/sv\/?s={search_term_string}\"},\"query-input\":{\"@type\":\"PropertyValueSpecification\",\"valueRequired\":true,\"valueName\":\"search_term_string\"}}],\"inLanguage\":\"sv-SE\"},{\"@type\":\"Organization\",\"@id\":\"https:\/\/casino-mga.com\/sv\/#organization\",\"name\":\"MGA Casino\",\"url\":\"https:\/\/casino-mga.com\/sv\/\",\"logo\":{\"@type\":\"ImageObject\",\"inLanguage\":\"sv-SE\",\"@id\":\"https:\/\/casino-mga.com\/sv\/#\/schema\/logo\/image\/\",\"url\":\"https:\/\/casino-mga.com\/wp-content\/uploads\/2022\/07\/cropped-mga-casino-logo.png\",\"contentUrl\":\"https:\/\/casino-mga.com\/wp-content\/uploads\/2022\/07\/cropped-mga-casino-logo.png\",\"width\":578,\"height\":300,\"caption\":\"MGA Casino\"},\"image\":{\"@id\":\"https:\/\/casino-mga.com\/sv\/#\/schema\/logo\/image\/\"}},{\"@type\":\"Question\",\"@id\":\"https:\/\/casino-mga.com\/sv\/casino-utan-insattningsgrans\/#faq-question-1682418337736\",\"position\":1,\"url\":\"https:\/\/casino-mga.com\/sv\/casino-utan-insattningsgrans\/#faq-question-1682418337736\",\"name\":\"Vad \u00e4r en ins\u00e4ttningsgr\u00e4ns?\u00a0\",\"answerCount\":1,\"acceptedAnswer\":{\"@type\":\"Answer\",\"text\":\"En inst\u00e4ttningsgr\u00e4ns \u00e4r en spelgr\u00e4ns som du st\u00e4ller in p\u00e5 ditt spelkonto. Du st\u00e4ller in hur mycket du vill spela f\u00f6r per dag, vecka och m\u00e5nad.\u00a0\",\"inLanguage\":\"sv-SE\"},\"inLanguage\":\"sv-SE\"},{\"@type\":\"Question\",\"@id\":\"https:\/\/casino-mga.com\/sv\/casino-utan-insattningsgrans\/#faq-question-1682418343277\",\"position\":2,\"url\":\"https:\/\/casino-mga.com\/sv\/casino-utan-insattningsgrans\/#faq-question-1682418343277\",\"name\":\"\u00c4r det lagligt att spela p\u00e5 ett casino utan ins\u00e4ttningsgr\u00e4ns?\",\"answerCount\":1,\"acceptedAnswer\":{\"@type\":\"Answer\",\"text\":\"Ja, det \u00e4r 100% lagligt f\u00f6r dig som spelare att v\u00e4lja att spela p\u00e5 ett casino utan ins\u00e4ttningsgr\u00e4ns.\u00a0\",\"inLanguage\":\"sv-SE\"},\"inLanguage\":\"sv-SE\"},{\"@type\":\"Question\",\"@id\":\"https:\/\/casino-mga.com\/sv\/casino-utan-insattningsgrans\/#faq-question-1682418348894\",\"position\":3,\"url\":\"https:\/\/casino-mga.com\/sv\/casino-utan-insattningsgrans\/#faq-question-1682418348894\",\"name\":\"Finns det svenska casinon utan ins\u00e4ttningsgr\u00e4ns?\u00a0\",\"answerCount\":1,\"acceptedAnswer\":{\"@type\":\"Answer\",\"text\":\"Nej, det \u00e4r obligatoriskt med ins\u00e4ttningsgr\u00e4nser p\u00e5 svenska casinon. Det \u00e4r endast p\u00e5 casinon utan svensk spellicens som du har m\u00f6jlighet att spela utan ins\u00e4ttningsgr\u00e4ns.\u00a0\",\"inLanguage\":\"sv-SE\"},\"inLanguage\":\"sv-SE\"},{\"@type\":\"Question\",\"@id\":\"https:\/\/casino-mga.com\/sv\/casino-utan-insattningsgrans\/#faq-question-1682418353961\",\"position\":4,\"url\":\"https:\/\/casino-mga.com\/sv\/casino-utan-insattningsgrans\/#faq-question-1682418353961\",\"name\":\"\u00c4r vinster skattefria p\u00e5 casinon utan ins\u00e4ttningsgr\u00e4nser?\u00a0\",\"answerCount\":1,\"acceptedAnswer\":{\"@type\":\"Answer\",\"text\":\"Om du v\u00e4ljer att spela p\u00e5 ett casino med sin spellicens utf\u00e4rdad av en spelmyndighet inom EU beh\u00f6ver du inte betala n\u00e5gon vinstskatt.\",\"inLanguage\":\"sv-SE\"},\"inLanguage\":\"sv-SE\"}]}<\/script>\n<!-- \/ Yoast SEO plugin. -->","yoast_head_json":{"title":"Casino utan ins\u00e4ttningsgr\u00e4ns - Spela utan spelgr\u00e4nser 2023!","description":"P\u00e5 ett casino utan ins\u00e4ttningsgr\u00e4ns beh\u00f6ver du inte st\u00e4lla in n\u00e5gon ins\u00e4ttningsgr\u00e4ns f\u00f6r att spela. Du v\u00e4ljer sj\u00e4lv hur mycket du vill spela!","robots":{"index":"index","follow":"follow","max-snippet":"max-snippet:-1","max-image-preview":"max-image-preview:large","max-video-preview":"max-video-preview:-1"},"canonical":"https:\/\/casino-mga.com\/sv\/casino-utan-insattningsgrans\/","og_locale":"sv_SE","og_type":"article","og_title":"Casino utan ins\u00e4ttningsgr\u00e4ns - Spela utan spelgr\u00e4nser 2023!","og_description":"P\u00e5 ett casino utan ins\u00e4ttningsgr\u00e4ns beh\u00f6ver du inte st\u00e4lla in n\u00e5gon ins\u00e4ttningsgr\u00e4ns f\u00f6r att spela. Du v\u00e4ljer sj\u00e4lv hur mycket du vill spela!","og_url":"https:\/\/casino-mga.com\/sv\/casino-utan-insattningsgrans\/","og_site_name":"MGA Casino","article_modified_time":"2023-11-09T09:59:57+00:00","og_image":[{"url":"http:\/\/casino-mga.com\/wp-content\/uploads\/2023\/04\/casino-utan-insattningsgrans.png","type":"","width":"","height":""}],"twitter_card":"summary_large_image","twitter_misc":{"Ber\u00e4knad l\u00e4stid":"5 minuter"},"schema":{"@context":"https:\/\/schema.org","@graph":[{"@type":["WebPage","FAQPage"],"@id":"https:\/\/casino-mga.com\/sv\/casino-utan-insattningsgrans\/","url":"https:\/\/casino-mga.com\/sv\/casino-utan-insattningsgrans\/","name":"Casino utan ins\u00e4ttningsgr\u00e4ns - Spela utan spelgr\u00e4nser 2023!","isPartOf":{"@id":"https:\/\/casino-mga.com\/sv\/#website"},"primaryImageOfPage":{"@id":"https:\/\/casino-mga.com\/sv\/casino-utan-insattningsgrans\/#primaryimage"},"image":{"@id":"https:\/\/casino-mga.com\/sv\/casino-utan-insattningsgrans\/#primaryimage"},"thumbnailUrl":"http:\/\/casino-mga.com\/wp-content\/uploads\/2023\/04\/casino-utan-insattningsgrans.png","datePublished":"2023-04-25T10:29:25+00:00","dateModified":"2023-11-09T09:59:57+00:00","description":"P\u00e5 ett casino utan ins\u00e4ttningsgr\u00e4ns beh\u00f6ver du inte st\u00e4lla in n\u00e5gon ins\u00e4ttningsgr\u00e4ns f\u00f6r att spela. Du v\u00e4ljer sj\u00e4lv hur mycket du vill spela!","breadcrumb":{"@id":"https:\/\/casino-mga.com\/sv\/casino-utan-insattningsgrans\/#breadcrumb"},"mainEntity":[{"@id":"https:\/\/casino-mga.com\/sv\/casino-utan-insattningsgrans\/#faq-question-1682418337736"},{"@id":"https:\/\/casino-mga.com\/sv\/casino-utan-insattningsgrans\/#faq-question-1682418343277"},{"@id":"https:\/\/casino-mga.com\/sv\/casino-utan-insattningsgrans\/#faq-question-1682418348894"},{"@id":"https:\/\/casino-mga.com\/sv\/casino-utan-insattningsgrans\/#faq-question-1682418353961"}],"inLanguage":"sv-SE","potentialAction":[{"@type":"ReadAction","target":["https:\/\/casino-mga.com\/sv\/casino-utan-insattningsgrans\/"]}]},{"@type":"ImageObject","inLanguage":"sv-SE","@id":"https:\/\/casino-mga.com\/sv\/casino-utan-insattningsgrans\/#primaryimage","url":"http:\/\/casino-mga.com\/wp-content\/uploads\/2023\/04\/casino-utan-insattningsgrans.png","contentUrl":"http:\/\/casino-mga.com\/wp-content\/uploads\/2023\/04\/casino-utan-insattningsgrans.png"},{"@type":"BreadcrumbList","@id":"https:\/\/casino-mga.com\/sv\/casino-utan-insattningsgrans\/#breadcrumb","itemListElement":[{"@type":"ListItem","position":1,"name":"MGA Casino","item":"https:\/\/casino-mga.com\/sv\/"},{"@type":"ListItem","position":2,"name":"Casino utan ins\u00e4ttningsgr\u00e4ns"}]},{"@type":"WebSite","@id":"https:\/\/casino-mga.com\/sv\/#website","url":"https:\/\/casino-mga.com\/sv\/","name":"MGA Casino","description":"Alles \u00fcber MGA Casinos online","publisher":{"@id":"https:\/\/casino-mga.com\/sv\/#organization"},"potentialAction":[{"@type":"SearchAction","target":{"@type":"EntryPoint","urlTemplate":"https:\/\/casino-mga.com\/sv\/?s={search_term_string}"},"query-input":{"@type":"PropertyValueSpecification","valueRequired":true,"valueName":"search_term_string"}}],"inLanguage":"sv-SE"},{"@type":"Organization","@id":"https:\/\/casino-mga.com\/sv\/#organization","name":"MGA Casino","url":"https:\/\/casino-mga.com\/sv\/","logo":{"@type":"ImageObject","inLanguage":"sv-SE","@id":"https:\/\/casino-mga.com\/sv\/#\/schema\/logo\/image\/","url":"https:\/\/casino-mga.com\/wp-content\/uploads\/2022\/07\/cropped-mga-casino-logo.png","contentUrl":"https:\/\/casino-mga.com\/wp-content\/uploads\/2022\/07\/cropped-mga-casino-logo.png","width":578,"height":300,"caption":"MGA Casino"},"image":{"@id":"https:\/\/casino-mga.com\/sv\/#\/schema\/logo\/image\/"}},{"@type":"Question","@id":"https:\/\/casino-mga.com\/sv\/casino-utan-insattningsgrans\/#faq-question-1682418337736","position":1,"url":"https:\/\/casino-mga.com\/sv\/casino-utan-insattningsgrans\/#faq-question-1682418337736","name":"Vad \u00e4r en ins\u00e4ttningsgr\u00e4ns?\u00a0","answerCount":1,"acceptedAnswer":{"@type":"Answer","text":"En inst\u00e4ttningsgr\u00e4ns \u00e4r en spelgr\u00e4ns som du st\u00e4ller in p\u00e5 ditt spelkonto. Du st\u00e4ller in hur mycket du vill spela f\u00f6r per dag, vecka och m\u00e5nad.\u00a0","inLanguage":"sv-SE"},"inLanguage":"sv-SE"},{"@type":"Question","@id":"https:\/\/casino-mga.com\/sv\/casino-utan-insattningsgrans\/#faq-question-1682418343277","position":2,"url":"https:\/\/casino-mga.com\/sv\/casino-utan-insattningsgrans\/#faq-question-1682418343277","name":"\u00c4r det lagligt att spela p\u00e5 ett casino utan ins\u00e4ttningsgr\u00e4ns?","answerCount":1,"acceptedAnswer":{"@type":"Answer","text":"Ja, det \u00e4r 100% lagligt f\u00f6r dig som spelare att v\u00e4lja att spela p\u00e5 ett casino utan ins\u00e4ttningsgr\u00e4ns.\u00a0","inLanguage":"sv-SE"},"inLanguage":"sv-SE"},{"@type":"Question","@id":"https:\/\/casino-mga.com\/sv\/casino-utan-insattningsgrans\/#faq-question-1682418348894","position":3,"url":"https:\/\/casino-mga.com\/sv\/casino-utan-insattningsgrans\/#faq-question-1682418348894","name":"Finns det svenska casinon utan ins\u00e4ttningsgr\u00e4ns?\u00a0","answerCount":1,"acceptedAnswer":{"@type":"Answer","text":"Nej, det \u00e4r obligatoriskt med ins\u00e4ttningsgr\u00e4nser p\u00e5 svenska casinon. Det \u00e4r endast p\u00e5 casinon utan svensk spellicens som du har m\u00f6jlighet att spela utan ins\u00e4ttningsgr\u00e4ns.\u00a0","inLanguage":"sv-SE"},"inLanguage":"sv-SE"},{"@type":"Question","@id":"https:\/\/casino-mga.com\/sv\/casino-utan-insattningsgrans\/#faq-question-1682418353961","position":4,"url":"https:\/\/casino-mga.com\/sv\/casino-utan-insattningsgrans\/#faq-question-1682418353961","name":"\u00c4r vinster skattefria p\u00e5 casinon utan ins\u00e4ttningsgr\u00e4nser?\u00a0","answerCount":1,"acceptedAnswer":{"@type":"Answer","text":"Om du v\u00e4ljer att spela p\u00e5 ett casino med sin spellicens utf\u00e4rdad av en spelmyndighet inom EU beh\u00f6ver du inte betala n\u00e5gon vinstskatt.","inLanguage":"sv-SE"},"inLanguage":"sv-SE"}]}},"_links":{"self":[{"href":"https:\/\/casino-mga.com\/sv\/wp-json\/wp\/v2\/pages\/608","targetHints":{"allow":["GET"]}}],"collection":[{"href":"https:\/\/casino-mga.com\/sv\/wp-json\/wp\/v2\/pages"}],"about":[{"href":"https:\/\/casino-mga.com\/sv\/wp-json\/wp\/v2\/types\/page"}],"author":[{"embeddable":true,"href":"https:\/\/casino-mga.com\/sv\/wp-json\/wp\/v2\/users\/3"}],"replies":[{"embeddable":true,"href":"https:\/\/casino-mga.com\/sv\/wp-json\/wp\/v2\/comments?post=608"}],"version-history":[{"count":2,"href":"https:\/\/casino-mga.com\/sv\/wp-json\/wp\/v2\/pages\/608\/revisions"}],"predecessor-version":[{"id":622,"href":"https:\/\/casino-mga.com\/sv\/wp-json\/wp\/v2\/pages\/608\/revisions\/622"}],"wp:attachment":[{"href":"https:\/\/casino-mga.com\/sv\/wp-json\/wp\/v2\/media?parent=608"}],"curies":[{"name":"wp","href":"https:\/\/api.w.org\/{rel}","templated":true}]}}