{"id":65,"date":"2022-07-08T13:40:05","date_gmt":"2022-07-08T13:40:05","guid":{"rendered":"http:\/\/casino-mga.com\/?page_id=65"},"modified":"2024-07-29T11:37:30","modified_gmt":"2024-07-29T11:37:30","slug":"spelpaus-av-misstag","status":"publish","type":"page","link":"https:\/\/casino-mga.com\/sv\/spelpaus-av-misstag\/","title":{"rendered":"Spelpaus av misstag"},"content":{"rendered":"\n<h1 class=\"wp-block-heading\">Spelpaus av misstag \u2013 G\u00e5r det att avbryta spelpaus?<\/h1>\n\n\n\n<p>Det h\u00e4nder att folk tar spelpaus av misstag och det kan ha flera sk\u00e4l. Om du vill avbryta din spelpaus s\u00e5 m\u00e4rker du snabbt att det inte \u00e4r m\u00f6jligt. Vad g\u00f6r du d\u00e5? F\u00f6rst och fr\u00e4mst \u00e4r det viktig att du funderar lite p\u00e5 varf\u00f6r du tog pausen. Om du vill spela trots avst\u00e4ngning \u00e4r det ju viktigt att verkligen \u00e4r redo f\u00f6r det.<\/p>\n\n\n\n<p>Det g\u00e5r att spela p\u00e5 casino utan svensk licens trots spelpaus enligt Casinoburst. F\u00f6r en del spelare kan det vara en god l\u00f6sning men det beror helt och h\u00e5llet p\u00e5 din anledning till att spela trots avst\u00e4ngning.<\/p>\n\n\n\n<h2 class=\"wp-block-heading\"><strong>Det g\u00e5r inte att avbryta spelpaus!<\/strong><\/h2>\n\n\n\n<p>Svenska Spelpaus.se \u00e4r ett system som \u00e4r till f\u00f6r att g\u00f6ra det m\u00f6jligt f\u00f6r svenskar att sp\u00e4rra sig sj\u00e4lva fr\u00e5n alla former av spel online. Detta system g\u00e4ller f\u00f6r spelsajter och speltj\u00e4nster med svensk spellicens.<\/p>\n\n\n\n<p>N\u00e4r du surfar in p\u00e5 Spelpaus.se s\u00e5 kan du v\u00e4lja en period f\u00f6r ditt spelstopp. Spelpaus erbjuder:<\/p>\n\n\n\n<ul class=\"wp-block-list\">\n<li><strong>1 m\u00e5nads paus fr\u00e5n spel<\/strong><\/li>\n\n\n\n<li><strong>3 m\u00e5naders paus fr\u00e5n spel<\/strong><\/li>\n\n\n\n<li><strong>6 m\u00e5naders paus fr\u00e5n spel<\/strong><\/li>\n\n\n\n<li><strong>12 m\u00e5nader och tillsvidare paus fr\u00e5n spel<\/strong><\/li>\n<\/ul>\n\n\n\n<p>Om du har valt en m\u00e5nad s\u00e5 kommer pausen inte att upph\u00f6ra f\u00f6rr\u00e4n en m\u00e5nad har passerat. Under den tiden s\u00e5 blir du blockerad p\u00e5 varje casino med svensk licens. Det g\u00e5r inte att \u00f6verklaga spelpaus eller att f\u00e5 den h\u00e4vd.<\/p>\n\n\n\n<p>Du ska ocks\u00e5 notera att 12 m\u00e5naders spelpaus inneb\u00e4r att du m\u00e5ste tala om n\u00e4r den ska avslutas. Om du inte s\u00e4ger n\u00e5got efter ett \u00e5r s\u00e5 forts\u00e4tter pausen tills du g\u00f6r det.<\/p>\n\n\n\n<figure class=\"wp-block-image size-full\"><img loading=\"lazy\" decoding=\"async\" width=\"1024\" height=\"536\" src=\"http:\/\/casino-mga.com\/wp-content\/uploads\/2022\/07\/spelpaus-av-misstag-alternativ.png\" alt=\"spelpaus av misstag\" class=\"wp-image-222\" srcset=\"https:\/\/casino-mga.com\/wp-content\/uploads\/2022\/07\/spelpaus-av-misstag-alternativ.png 1024w, https:\/\/casino-mga.com\/wp-content\/uploads\/2022\/07\/spelpaus-av-misstag-alternativ-300x157.png 300w, https:\/\/casino-mga.com\/wp-content\/uploads\/2022\/07\/spelpaus-av-misstag-alternativ-768x402.png 768w\" sizes=\"auto, (max-width: 1024px) 100vw, 1024px\" \/><\/figure>\n\n\n\n<h2 class=\"wp-block-heading\"><strong>Varf\u00f6r tog du spelpaus?<\/strong><\/h2>\n\n\n\n<p>Det f\u00f6rsta du b\u00f6r fundera lite p\u00e5 om du vill ta bort spelpaus f\u00f6r att f\u00e5 tillg\u00e5ng till casinospel, oddsspel och mer igen \u00e4r varf\u00f6r du tog pausen. Idag \u00e4r det v\u00e4lk\u00e4nt att m\u00e5nga v\u00e4ljer spelstopp f\u00f6r att andra s\u00e4ger att de beh\u00f6ver det.<\/p>\n\n\n\n<p>Om du inte tog pausen av egen \u00f6vertygelse \u00e4r chansen stor att du kommer att \u00e5ngra spelpaus. Sedan kan det f\u00f6rst\u00e5s vara s\u00e5 att du faktiskt borde forts\u00e4tta din paus. H\u00e4r \u00e4r det viktigt att du \u00e4r \u00e4rlig. Om du inte klarar av att spela p\u00e5 ett h\u00e4lsosamt s\u00e4tt \u00e4r det verkligen inte l\u00e4ge att spela trots avst\u00e4ngning.<\/p>\n\n\n\n<p>Men om det \u00e4r s\u00e5 att du tog spelpaus f\u00f6r att du k\u00e4nde att det blev lite f\u00f6r intensivt men \u00e5terigen \u00e4r redo att spela d\u00e5 och d\u00e5 kan du ju ha en rimlig anledning till att vilja avbryta spelpaus. Fast det \u00e4r som sagt om\u00f6jligt att g\u00f6ra det innan tiden f\u00f6r ditt spelstopp \u00e4r \u00f6ver.<\/p>\n\n\n\n<h2 class=\"wp-block-heading\"><strong>Spelpaus av misstag \u00e4r ganska vanligt<\/strong><\/h2>\n\n\n\n<p>Det kan vara bra att veta att det \u00e4r m\u00e5nga som vill spela trots avst\u00e4ngning med svenska Spelpaus.se. En del inser att de inte beh\u00f6vde en s\u00e5 massiv insats medan andra faktiskt lider av spelberoende och p\u00e5 grund av detta s\u00e5 vill de avbryta spelstoppet.<\/p>\n\n\n\n<p>Det \u00e4r viktigt att du blir medveten om vilken grupp du tillh\u00f6r. Idag \u00e4r det tyv\u00e4rr s\u00e5 att det svenska systemet inte ger tillr\u00e4ckligt med st\u00f6d till personer som beg\u00e4r spelstopp f\u00f6r att de har spelproblem. Det finns inga insatser fr\u00e5n statens sida bortom spelpausen och det kan leda till att suget att spela igen v\u00e4xer s\u00e5 att det till sist inte g\u00e5r att hantera.<\/p>\n\n\n\n<p>Men m\u00e5nga spelare beh\u00f6ver inte mer \u00e4n en liten paus f\u00f6r att inse hur de skulle kunna spela p\u00e5 ett h\u00e4lsosamt s\u00e4tt. I det h\u00e4r l\u00e4get beh\u00f6ver det ju inte vara farligt f\u00f6r dig att spela trots avst\u00e4ngning. D\u00e5 kan du v\u00e4lja ett MGA casino som l\u00e5ter dig spela trots spelstopp.<\/p>\n\n\n\n<h2 class=\"wp-block-heading\"><strong>Det g\u00e5r att spela p\u00e5 casino utan licens<\/strong><\/h2>\n\n\n\n<p>Det finns <a href=\"https:\/\/casino-mga.com\/sv\/\">MGA casinon<\/a> som har licensen fr\u00e5n Malta men som \u00e4r utan svensk licens. Dessa casinon \u00e4r inte kopplade till det svenska systemet. De har inget att g\u00f6ra med v\u00e5r spelpaus och kan d\u00e4rmed inte se att du har tagit spelpaus.<\/p>\n\n\n\n<p>Det betyder att du kan skapa ett konto p\u00e5 ett Malta casino och sedan spela loss precis som vanligt. S\u00e5 l\u00e4nge som casinot inte v\u00e4nder sig till svenska spelare s\u00e5 ska du heller inte betala n\u00e5gon vinstskatt. Detta eftersom Malta licensen \u00e4r en EU-licens.<\/p>\n\n\n\n<p>Det finns n\u00e5gra saker att t\u00e4nka p\u00e5 d\u00e5 du v\u00e4ljer den h\u00e4r typen av casino. Det \u00e4r inte samma sak som att spela p\u00e5 ett casino med svensk licens. Detta oavsett om du vill spela trots spelpaus eller om du bara \u00e4r ute efter ett casino med flera bonusar.<\/p>\n\n\n\n<h3 class=\"wp-block-heading\">Ett Malta casino kommer att:<\/h3>\n\n\n\n<ul class=\"wp-block-list\">\n<li><strong>Vara p\u00e5 ett annat spr\u00e5k. Det kan vara engelska.<\/strong><\/li>\n\n\n\n<li><strong>Ge dig satsningar i annan valuta vilket kan vara Euro.<\/strong><\/li>\n\n\n\n<li><strong>Kr\u00e4va registrering eftersom du inte kan f\u00e5 casino utan konto med bankID.<\/strong><\/li>\n\n\n\n<li><strong>Ge dig betalningsmetoder som inte alltid \u00e4r samma som de som svenska casinon erbjuder.<\/strong><\/li>\n<\/ul>\n\n\n\n<p>Innan du v\u00e4ljer ett casino utan svensk licens att spela p\u00e5 f\u00f6r att du tagit spelpaus av misstag s\u00e5 b\u00f6r du allts\u00e5 l\u00e4ra dig lite mer om vad detta inneb\u00e4r. T\u00e4nk p\u00e5 saker som vad som h\u00e4nder n\u00e4r du v\u00e4xlar svenska kronor till annan valuta och hur l\u00e5ng tid det kommer att ta att skicka pengarna.<\/p>\n\n\n\n<p>MGA licens \u00e4r bra f\u00f6r d\u00e5 vet du att det st\u00e4lls krav p\u00e5 casinot. Men ta \u00e4nd\u00e5 lite tid till att unders\u00f6ka hur det behandlar sina spelare. Det g\u00e5r att l\u00e4sa omd\u00f6men fr\u00e5n andra spelare och s\u00e5 kan du ju ta kontakt med supporten f\u00f6r att se hur de beter sig.<\/p>\n\n\n\n<h2 class=\"wp-block-heading\"><strong>V\u00e4lj ett s\u00e4kert casino f\u00f6r dig<\/strong><\/h2>\n\n\n\n<p>Det \u00e4r viktigt att v\u00e4lja ett s\u00e4kert casino och detta s\u00e4rskilt om det \u00e4r s\u00e5 att du \u00e4r lite impulsiv med dina spel. Detta kan ju vara anledningen till att du tog spelpaus och att du dessutom \u00f6verdrev och valde en alldeles f\u00f6r l\u00e5ng period f\u00f6r ditt spelstopp.<\/p>\n\n\n\n<p>Du ska veta att \u00e4ven utl\u00e4ndska casinon utan svensk licens erbjuder sina spelare verktyg f\u00f6r s\u00e4krare spel. Seri\u00f6sa casinosajter \u00e4r intresserade av att tj\u00e4na pengar men inte av att f\u00f6rst\u00f6ra folks liv. D\u00e4rmed s\u00e5 kan du faktiskt st\u00e4lla in gr\u00e4nser f\u00f6r satsningar och f\u00f6rluster \u00e4ven p\u00e5 casinon som inte har svensk licens.<\/p>\n\n\n\n<p>S\u00e4kerheten handlar ocks\u00e5 om hur din information och dina pengar hanteras. Detta ska du alltid se lite n\u00e4rmre p\u00e5 innan du b\u00f6rjar spela p\u00e5 en sajt. Bara f\u00f6r att den inte \u00e4r svensk s\u00e5 betyder det inte att den \u00e4r farlig att spela p\u00e5. Men n\u00e4r du ska spela p\u00e5 ett annat spr\u00e5k s\u00e5 kan det kr\u00e4va lite mer eftertanke fr\u00e5n din sida.<\/p>\n\n\n\n<p>En s\u00e5 enkel sak som att du kommer att f\u00e5 m\u00e5nga erbjudanden f\u00f6r bonusar inneb\u00e4r ju att du m\u00e5ste f\u00f6rst\u00e5 regler och krav. Om du inte g\u00f6r det kan det l\u00e4tt bli lite jobbigt att spela och du kan f\u00e5 k\u00e4nslan av att casinot lurar dig trots att det i sj\u00e4lva verket \u00e4r s\u00e5 att du inte f\u00f6rst\u00e5r bonusreglerna.<\/p>\n\n\n\n<h2 class=\"wp-block-heading\"><strong>Spela med en genomt\u00e4nkt budget<\/strong><\/h2>\n\n\n\n<p>Om du har tagit spelpaus av misstag s\u00e5 ska du komma ih\u00e5g att det \u00e4nd\u00e5 fanns en anledning till att du f\u00f6rst ville ha spelstoppet. Du beh\u00f6ver inte lida av spelberoende f\u00f6r att kunna \u00f6verdriva driva ditt satsande. Ett s\u00e4tt att f\u00e5 s\u00e4krare och h\u00e4lsosammare spel online p\u00e5 \u00e4r att alltid spela med en budget.<\/p>\n\n\n\n<p>Om du vill ta bort spelpaus och spela fritt igen \u00e4r det verkligen viktigt att du har en plan f\u00f6r dina pengar. P\u00e5 casinon utan konto \u00e4r det sv\u00e5rt att kontrollera \u00f6verf\u00f6ringar d\u00e5 du snabbt kan swisha fr\u00e5n ditt konto till casinots konto.<\/p>\n\n\n\n<p>P\u00e5 ett casino utan svensk licens har du lite b\u00e4ttre alternativ f\u00f6r \u00e5terh\u00e5llsamhet. D\u00e4r kan du inte f\u00e5 casino utan registrering och det ger dig lite mer tid att t\u00e4nka till vad g\u00e4ller din spelbudget. Det finns n\u00e5gra metoder som \u00e4r extra smarta just vad g\u00e4ller budget f\u00f6r spel online.<\/p>\n\n\n\n<p><strong>V\u00e4lj att g\u00f6ra ins\u00e4ttningar med metoder som:<\/strong><\/p>\n\n\n\n<h3 class=\"wp-block-heading\">E-pl\u00e5nbok<\/h3>\n\n\n\n<p>Du kan anv\u00e4nda Neteller, Skrill eller kanske PayPal. H\u00e4r kommer du att ha ett konto f\u00f6r dina spelpengar online. Det \u00e4r separat fr\u00e5n ditt vanliga bankkonto. Detta \u00e4r verkligen kanonbra f\u00f6r dig som vill sk\u00f6ta en bra spelbudget. Du kommer inte att blanda pengar till spel med pengar till hyra!<\/p>\n\n\n\n<h3 class=\"wp-block-heading\">F\u00f6rbetalt kort<\/h3>\n\n\n\n<p>K\u00f6p ett f\u00f6rbetalt kort som Paysafecard och ladda det med den summa som du kan t\u00e4nka dig att br\u00e4nna p\u00e5 spel. H\u00e4r f\u00e5r du samma fina separation mellan pengar p\u00e5 ditt bankkonto och pengar till spel. F\u00f6rbetalda kort har dock nackdelen att de inte kan anv\u00e4ndas f\u00f6r uttag s\u00e5 som du kan g\u00f6ra med en e-pl\u00e5nbok.<\/p>\n\n\n\n<p>Det g\u00e5r f\u00f6rst\u00e5s att skapa en spelbudget och sedan anv\u00e4nda bank\u00f6verf\u00f6ring eller kreditkort f\u00f6r att s\u00e4tta in summan p\u00e5 ditt casinokonto. Men h\u00e4r har du inget mellansteg och det \u00e4r viktigt att vara medveten om.<\/p>\n\n\n\n<p>Kom ih\u00e5g att en bra spelbudget alltid best\u00e5r av pengar som du kan t\u00e4nka dig att f\u00f6rlora p\u00e5 spel. Den ska inte finansieras av l\u00e5n. Du b\u00f6r dessutom ha n\u00e5gon form av plan f\u00f6r pengar som du vinner. Kanske vill du anv\u00e4nda en del av vinsterna till nya satsningar och en del till att bjuda v\u00e4nner och familj p\u00e5 middag med.<\/p>\n\n\n\n<h2 class=\"wp-block-heading\"><strong>Summering<\/strong><\/h2>\n\n\n\n<p>Du kan spela trots avst\u00e4ngning som du beg\u00e4rt fr\u00e5n Spelpaus.se. Det finns casinon utan svensk licens och de vet inget om ditt spelstopp. Det beror p\u00e5 att de inte ing\u00e5r i det svenska licenssystemet. Du kan dock spela s\u00e4kert och med en bra spelbudget p\u00e5 ett casino med MGA licens. D\u00e4r kan du ocks\u00e5 se fram emot spelvinster som \u00e4r utan skatt f\u00f6r att det r\u00f6r sig om ett EU-casino som inte v\u00e4nder sig till svenska spelare.<\/p>\n","protected":false},"excerpt":{"rendered":"<p>Spelpaus av misstag \u2013 G\u00e5r det att avbryta spelpaus? Det h\u00e4nder att folk tar spelpaus av misstag och det kan&#8230;<\/p>\n","protected":false},"author":3,"featured_media":0,"parent":0,"menu_order":0,"comment_status":"closed","ping_status":"closed","template":"","meta":{"_acf_changed":false,"footnotes":""},"class_list":["post-65","page","type-page","status-publish","hentry"],"acf":[],"yoast_head":"<!-- This site is optimized with the Yoast SEO plugin v27.0 - https:\/\/yoast.com\/product\/yoast-seo-wordpress\/ -->\n<title>Spelpaus av misstag \u2014 Kan man spela trots spelpaus?<\/title>\n<meta name=\"description\" content=\"Det h\u00e4r kan du g\u00f6ra om du har tagit en spelpaus av misstag eller \u00e5ngra pausbeslutet. L\u00e4s vidare om vilka alternativ som finns tillg\u00e4ngliga.\" \/>\n<meta name=\"robots\" content=\"index, follow, max-snippet:-1, max-image-preview:large, max-video-preview:-1\" \/>\n<link rel=\"canonical\" href=\"https:\/\/casino-mga.com\/sv\/spelpaus-av-misstag\/\" \/>\n<meta property=\"og:locale\" content=\"sv_SE\" \/>\n<meta property=\"og:type\" content=\"article\" \/>\n<meta property=\"og:title\" content=\"Spelpaus av misstag \u2014 Kan man spela trots spelpaus?\" \/>\n<meta property=\"og:description\" content=\"Det h\u00e4r kan du g\u00f6ra om du har tagit en spelpaus av misstag eller \u00e5ngra pausbeslutet. L\u00e4s vidare om vilka alternativ som finns tillg\u00e4ngliga.\" \/>\n<meta property=\"og:url\" content=\"https:\/\/casino-mga.com\/sv\/spelpaus-av-misstag\/\" \/>\n<meta property=\"og:site_name\" content=\"MGA Casino\" \/>\n<meta property=\"article:modified_time\" content=\"2024-07-29T11:37:30+00:00\" \/>\n<meta property=\"og:image\" content=\"http:\/\/casino-mga.com\/wp-content\/uploads\/2022\/07\/spelpaus-av-misstag-alternativ.png\" \/>\n<meta name=\"twitter:card\" content=\"summary_large_image\" \/>\n<meta name=\"twitter:label1\" content=\"Ber\u00e4knad l\u00e4stid\" \/>\n\t<meta name=\"twitter:data1\" content=\"8 minuter\" \/>\n<script type=\"application\/ld+json\" class=\"yoast-schema-graph\">{\"@context\":\"https:\/\/schema.org\",\"@graph\":[{\"@type\":\"WebPage\",\"@id\":\"https:\/\/casino-mga.com\/sv\/spelpaus-av-misstag\/\",\"url\":\"https:\/\/casino-mga.com\/sv\/spelpaus-av-misstag\/\",\"name\":\"Spelpaus av misstag \u2014 Kan man spela trots spelpaus?\",\"isPartOf\":{\"@id\":\"https:\/\/casino-mga.com\/sv\/#website\"},\"primaryImageOfPage\":{\"@id\":\"https:\/\/casino-mga.com\/sv\/spelpaus-av-misstag\/#primaryimage\"},\"image\":{\"@id\":\"https:\/\/casino-mga.com\/sv\/spelpaus-av-misstag\/#primaryimage\"},\"thumbnailUrl\":\"http:\/\/casino-mga.com\/wp-content\/uploads\/2022\/07\/spelpaus-av-misstag-alternativ.png\",\"datePublished\":\"2022-07-08T13:40:05+00:00\",\"dateModified\":\"2024-07-29T11:37:30+00:00\",\"description\":\"Det h\u00e4r kan du g\u00f6ra om du har tagit en spelpaus av misstag eller \u00e5ngra pausbeslutet. L\u00e4s vidare om vilka alternativ som finns tillg\u00e4ngliga.\",\"breadcrumb\":{\"@id\":\"https:\/\/casino-mga.com\/sv\/spelpaus-av-misstag\/#breadcrumb\"},\"inLanguage\":\"sv-SE\",\"potentialAction\":[{\"@type\":\"ReadAction\",\"target\":[\"https:\/\/casino-mga.com\/sv\/spelpaus-av-misstag\/\"]}]},{\"@type\":\"ImageObject\",\"inLanguage\":\"sv-SE\",\"@id\":\"https:\/\/casino-mga.com\/sv\/spelpaus-av-misstag\/#primaryimage\",\"url\":\"http:\/\/casino-mga.com\/wp-content\/uploads\/2022\/07\/spelpaus-av-misstag-alternativ.png\",\"contentUrl\":\"http:\/\/casino-mga.com\/wp-content\/uploads\/2022\/07\/spelpaus-av-misstag-alternativ.png\"},{\"@type\":\"BreadcrumbList\",\"@id\":\"https:\/\/casino-mga.com\/sv\/spelpaus-av-misstag\/#breadcrumb\",\"itemListElement\":[{\"@type\":\"ListItem\",\"position\":1,\"name\":\"MGA Casino\",\"item\":\"https:\/\/casino-mga.com\/sv\/\"},{\"@type\":\"ListItem\",\"position\":2,\"name\":\"Spelpaus av misstag\"}]},{\"@type\":\"WebSite\",\"@id\":\"https:\/\/casino-mga.com\/sv\/#website\",\"url\":\"https:\/\/casino-mga.com\/sv\/\",\"name\":\"MGA Casino\",\"description\":\"Alles \u00fcber MGA Casinos online\",\"publisher\":{\"@id\":\"https:\/\/casino-mga.com\/sv\/#organization\"},\"potentialAction\":[{\"@type\":\"SearchAction\",\"target\":{\"@type\":\"EntryPoint\",\"urlTemplate\":\"https:\/\/casino-mga.com\/sv\/?s={search_term_string}\"},\"query-input\":{\"@type\":\"PropertyValueSpecification\",\"valueRequired\":true,\"valueName\":\"search_term_string\"}}],\"inLanguage\":\"sv-SE\"},{\"@type\":\"Organization\",\"@id\":\"https:\/\/casino-mga.com\/sv\/#organization\",\"name\":\"MGA Casino\",\"url\":\"https:\/\/casino-mga.com\/sv\/\",\"logo\":{\"@type\":\"ImageObject\",\"inLanguage\":\"sv-SE\",\"@id\":\"https:\/\/casino-mga.com\/sv\/#\/schema\/logo\/image\/\",\"url\":\"https:\/\/casino-mga.com\/wp-content\/uploads\/2022\/07\/cropped-mga-casino-logo.png\",\"contentUrl\":\"https:\/\/casino-mga.com\/wp-content\/uploads\/2022\/07\/cropped-mga-casino-logo.png\",\"width\":578,\"height\":300,\"caption\":\"MGA Casino\"},\"image\":{\"@id\":\"https:\/\/casino-mga.com\/sv\/#\/schema\/logo\/image\/\"}}]}<\/script>\n<!-- \/ Yoast SEO plugin. -->","yoast_head_json":{"title":"Spelpaus av misstag \u2014 Kan man spela trots spelpaus?","description":"Det h\u00e4r kan du g\u00f6ra om du har tagit en spelpaus av misstag eller \u00e5ngra pausbeslutet. L\u00e4s vidare om vilka alternativ som finns tillg\u00e4ngliga.","robots":{"index":"index","follow":"follow","max-snippet":"max-snippet:-1","max-image-preview":"max-image-preview:large","max-video-preview":"max-video-preview:-1"},"canonical":"https:\/\/casino-mga.com\/sv\/spelpaus-av-misstag\/","og_locale":"sv_SE","og_type":"article","og_title":"Spelpaus av misstag \u2014 Kan man spela trots spelpaus?","og_description":"Det h\u00e4r kan du g\u00f6ra om du har tagit en spelpaus av misstag eller \u00e5ngra pausbeslutet. L\u00e4s vidare om vilka alternativ som finns tillg\u00e4ngliga.","og_url":"https:\/\/casino-mga.com\/sv\/spelpaus-av-misstag\/","og_site_name":"MGA Casino","article_modified_time":"2024-07-29T11:37:30+00:00","og_image":[{"url":"http:\/\/casino-mga.com\/wp-content\/uploads\/2022\/07\/spelpaus-av-misstag-alternativ.png","type":"","width":"","height":""}],"twitter_card":"summary_large_image","twitter_misc":{"Ber\u00e4knad l\u00e4stid":"8 minuter"},"schema":{"@context":"https:\/\/schema.org","@graph":[{"@type":"WebPage","@id":"https:\/\/casino-mga.com\/sv\/spelpaus-av-misstag\/","url":"https:\/\/casino-mga.com\/sv\/spelpaus-av-misstag\/","name":"Spelpaus av misstag \u2014 Kan man spela trots spelpaus?","isPartOf":{"@id":"https:\/\/casino-mga.com\/sv\/#website"},"primaryImageOfPage":{"@id":"https:\/\/casino-mga.com\/sv\/spelpaus-av-misstag\/#primaryimage"},"image":{"@id":"https:\/\/casino-mga.com\/sv\/spelpaus-av-misstag\/#primaryimage"},"thumbnailUrl":"http:\/\/casino-mga.com\/wp-content\/uploads\/2022\/07\/spelpaus-av-misstag-alternativ.png","datePublished":"2022-07-08T13:40:05+00:00","dateModified":"2024-07-29T11:37:30+00:00","description":"Det h\u00e4r kan du g\u00f6ra om du har tagit en spelpaus av misstag eller \u00e5ngra pausbeslutet. L\u00e4s vidare om vilka alternativ som finns tillg\u00e4ngliga.","breadcrumb":{"@id":"https:\/\/casino-mga.com\/sv\/spelpaus-av-misstag\/#breadcrumb"},"inLanguage":"sv-SE","potentialAction":[{"@type":"ReadAction","target":["https:\/\/casino-mga.com\/sv\/spelpaus-av-misstag\/"]}]},{"@type":"ImageObject","inLanguage":"sv-SE","@id":"https:\/\/casino-mga.com\/sv\/spelpaus-av-misstag\/#primaryimage","url":"http:\/\/casino-mga.com\/wp-content\/uploads\/2022\/07\/spelpaus-av-misstag-alternativ.png","contentUrl":"http:\/\/casino-mga.com\/wp-content\/uploads\/2022\/07\/spelpaus-av-misstag-alternativ.png"},{"@type":"BreadcrumbList","@id":"https:\/\/casino-mga.com\/sv\/spelpaus-av-misstag\/#breadcrumb","itemListElement":[{"@type":"ListItem","position":1,"name":"MGA Casino","item":"https:\/\/casino-mga.com\/sv\/"},{"@type":"ListItem","position":2,"name":"Spelpaus av misstag"}]},{"@type":"WebSite","@id":"https:\/\/casino-mga.com\/sv\/#website","url":"https:\/\/casino-mga.com\/sv\/","name":"MGA Casino","description":"Alles \u00fcber MGA Casinos online","publisher":{"@id":"https:\/\/casino-mga.com\/sv\/#organization"},"potentialAction":[{"@type":"SearchAction","target":{"@type":"EntryPoint","urlTemplate":"https:\/\/casino-mga.com\/sv\/?s={search_term_string}"},"query-input":{"@type":"PropertyValueSpecification","valueRequired":true,"valueName":"search_term_string"}}],"inLanguage":"sv-SE"},{"@type":"Organization","@id":"https:\/\/casino-mga.com\/sv\/#organization","name":"MGA Casino","url":"https:\/\/casino-mga.com\/sv\/","logo":{"@type":"ImageObject","inLanguage":"sv-SE","@id":"https:\/\/casino-mga.com\/sv\/#\/schema\/logo\/image\/","url":"https:\/\/casino-mga.com\/wp-content\/uploads\/2022\/07\/cropped-mga-casino-logo.png","contentUrl":"https:\/\/casino-mga.com\/wp-content\/uploads\/2022\/07\/cropped-mga-casino-logo.png","width":578,"height":300,"caption":"MGA Casino"},"image":{"@id":"https:\/\/casino-mga.com\/sv\/#\/schema\/logo\/image\/"}}]}},"_links":{"self":[{"href":"https:\/\/casino-mga.com\/sv\/wp-json\/wp\/v2\/pages\/65","targetHints":{"allow":["GET"]}}],"collection":[{"href":"https:\/\/casino-mga.com\/sv\/wp-json\/wp\/v2\/pages"}],"about":[{"href":"https:\/\/casino-mga.com\/sv\/wp-json\/wp\/v2\/types\/page"}],"author":[{"embeddable":true,"href":"https:\/\/casino-mga.com\/sv\/wp-json\/wp\/v2\/users\/3"}],"replies":[{"embeddable":true,"href":"https:\/\/casino-mga.com\/sv\/wp-json\/wp\/v2\/comments?post=65"}],"version-history":[{"count":5,"href":"https:\/\/casino-mga.com\/sv\/wp-json\/wp\/v2\/pages\/65\/revisions"}],"predecessor-version":[{"id":1300,"href":"https:\/\/casino-mga.com\/sv\/wp-json\/wp\/v2\/pages\/65\/revisions\/1300"}],"wp:attachment":[{"href":"https:\/\/casino-mga.com\/sv\/wp-json\/wp\/v2\/media?parent=65"}],"curies":[{"name":"wp","href":"https:\/\/api.w.org\/{rel}","templated":true}]}}