{"id":737,"date":"2023-05-03T09:41:46","date_gmt":"2023-05-03T09:41:46","guid":{"rendered":"http:\/\/casino-mga.com\/?page_id=737"},"modified":"2023-05-03T09:42:06","modified_gmt":"2023-05-03T09:42:06","slug":"casino-med-cashback","status":"publish","type":"page","link":"https:\/\/casino-mga.com\/sv\/casino-med-cashback\/","title":{"rendered":"Casino med cashback\u00a0\u00a0"},"content":{"rendered":"\n<h1 class=\"wp-block-heading\">Casino med cashback\u00a0\u00a0<\/h1>\n\n\n\n<p>Intresset f\u00f6r att spela p\u00e5 casino med cashback \u00e4r n\u00e5got som har \u00f6kat lavinartat de senaste \u00e5ren. Genom cashback erbjudanden kan spelare f\u00e5 tillbaka en procentsats av sina f\u00f6rluster, vilket m\u00e5nga spelare v\u00e4lkomnar med \u00f6ppna armar.&nbsp;<\/p>\n\n\n\n<p>Cashback \u00e4r n\u00e5got som \u00e4r vanligt f\u00f6rekommande p\u00e5 <a href=\"https:\/\/casino-mga.com\/sv\/\">casinon med MGA licens<\/a> och andra casinon utan svensk spellicens. P\u00e5 denna sida g\u00e5r vi igenom vad ett casino med cashback \u00e4r, hur dessa casinon fungerar och vad du b\u00f6r t\u00e4nka p\u00e5. H\u00e4ng p\u00e5!&nbsp;<\/p>\n\n\n\n<figure class=\"wp-block-image size-full\"><img loading=\"lazy\" decoding=\"async\" width=\"1024\" height=\"536\" src=\"http:\/\/casino-mga.com\/wp-content\/uploads\/2023\/05\/cashback-casino.png\" alt=\"Cashback casino\" class=\"wp-image-738\" srcset=\"https:\/\/casino-mga.com\/wp-content\/uploads\/2023\/05\/cashback-casino.png 1024w, https:\/\/casino-mga.com\/wp-content\/uploads\/2023\/05\/cashback-casino-300x157.png 300w, https:\/\/casino-mga.com\/wp-content\/uploads\/2023\/05\/cashback-casino-768x402.png 768w\" sizes=\"auto, (max-width: 1024px) 100vw, 1024px\" \/><\/figure>\n\n\n\n<h2 class=\"wp-block-heading\">Vad \u00e4r ett casino med cashback?&nbsp;<\/h2>\n\n\n\n<p>Ett cashback casino \u00e4r ett casino som erbjuder en cashback bonus till sina spelare. Cashback \u00e4r ett engelskt begrepp som \u00f6versatt till svenska blir n\u00e5got i stil med &#8221;pengarna tillbaka&#8221;. Ett annat s\u00e4tt att beskriva cashback p\u00e5 svenska \u00e4r \u00e5terbetalning.&nbsp;<\/p>\n\n\n\n<p>Bonusen inneb\u00e4r n\u00e4mligen just att du f\u00e5r en \u00e5terbetalning, eller pengarna tillbaka, p\u00e5 det du har f\u00f6rlorat. Vanligtvis \u00e4r \u00e5terbetalningen r\u00e4knad med en procentsats. Till exempel att du f\u00e5r tillbaka 10% av dina f\u00f6rluster.&nbsp;<\/p>\n\n\n\n<h1 class=\"wp-block-heading\">Casino med cashback &#8211; steg f\u00f6r steg&nbsp;<\/h1>\n\n\n\n<p>\u00c4ven om olika casinon erbjuder olika typer av bonusar och processer, finns det m\u00e5nga likheter p\u00e5 alla casinon med cashback. Cashback \u00e4r n\u00e4mligen en bonus som s\u00e4llan \u00e4r speciellt komplicerad och som ofta fungerar p\u00e5 samma s\u00e4tt. Vissa sm\u00e5 detaljer kan variera fr\u00e5n casino till casino, men i regel fungerar det s\u00e5 h\u00e4r:&nbsp;<\/p>\n\n\n\n<ol class=\"wp-block-list\">\n<li>Registrera dig hos ett casino med Cashback&nbsp;<\/li>\n\n\n\n<li>G\u00f6r din f\u00f6rsta ins\u00e4ttning&nbsp;<\/li>\n\n\n\n<li>Spela de spel du vill spela p\u00e5 (kom ih\u00e5g att kontrollera vilka spel som r\u00e4knas mot cashback erbjudandet)&nbsp;<\/li>\n\n\n\n<li>Vid f\u00f6rlust f\u00e5r du tillbaka en procent av dina f\u00f6rluster&nbsp;<\/li>\n\n\n\n<li>\u00c5terbetalningen betalas ut i enlighet med det som st\u00e5r i bonusvillkoren&nbsp;<\/li>\n<\/ol>\n\n\n\n<h2 class=\"wp-block-heading\">Cashback casino p\u00e5 svenska vs. utl\u00e4ndska spelmarknaden&nbsp;<\/h2>\n\n\n\n<p>Cashback \u00e4r en bonus som idag \u00e4r v\u00e4ldigt s\u00e4llsynt p\u00e5 den svenska spelmarknaden. F\u00f6r n\u00e5gra \u00e5r sedan, innan den svenska spelmarknaden reglerades, florerade dock m\u00e5nga olika bonusar och kampanjer p\u00e5 casinon. Under denna period var cashback n\u00e5got som var vanligt f\u00f6rekommande.&nbsp;<\/p>\n\n\n\n<p>N\u00e4r den nya svenska spellagen tr\u00e4dde kraft tillkom flera nya regler n\u00e4r det g\u00e4ller bonusar. Det uppkom begr\u00e4nsningar p\u00e5 vilken typ av bonusar som fick erbjudas, samt hur m\u00e5nga bonusar som fick erbjudas. P\u00e5 grund av detta \u00e4r cashback en bonus som du inte l\u00e4ngre kan f\u00f6rv\u00e4nta dig p\u00e5 ett svenskt casino.&nbsp;<\/p>\n\n\n\n<figure class=\"wp-block-image size-full\"><img loading=\"lazy\" decoding=\"async\" width=\"1024\" height=\"536\" src=\"http:\/\/casino-mga.com\/wp-content\/uploads\/2023\/05\/casino-med-cashback.png\" alt=\"Casinon med cashback\" class=\"wp-image-746\" srcset=\"https:\/\/casino-mga.com\/wp-content\/uploads\/2023\/05\/casino-med-cashback.png 1024w, https:\/\/casino-mga.com\/wp-content\/uploads\/2023\/05\/casino-med-cashback-300x157.png 300w, https:\/\/casino-mga.com\/wp-content\/uploads\/2023\/05\/casino-med-cashback-768x402.png 768w\" sizes=\"auto, (max-width: 1024px) 100vw, 1024px\" \/><\/figure>\n\n\n\n<p>P\u00e5 casinon utan svensk licens \u00e4r denna bonus form betydligt vanligare. Det beror p\u00e5 att casinon utan svensk licens inte beh\u00f6ver ta h\u00e4nsyn till de svenska spellagarna och bonusbegr\u00e4nsningar. Om du \u00e4r intresserad av att spela p\u00e5 ett cashback casino \u00e4r det helt enkelt utanf\u00f6r Sveriges gr\u00e4nser som du b\u00f6r leta.&nbsp;&nbsp;<\/p>\n\n\n\n<h2 class=\"wp-block-heading\">H\u00e4r kan du spela p\u00e5 casino med cashback&nbsp;<\/h2>\n\n\n\n<p>Som vi redan n\u00e4mnt kan du spela med cashback p\u00e5 m\u00e5nga casinon utan svensk licens. Personligen f\u00f6redrar vi casinon med licens fr\u00e5n MGA, d\u00e5 det inneb\u00e4r en s\u00e4ker och trygg spelupplevelse samtidigt som det \u00e4r v\u00e4ldigt fritt.&nbsp;<\/p>\n\n\n\n<p>Ett bra alternativ f\u00f6r dig som vill spela utanf\u00f6r den svenska spelmarknaden, men \u00e4nd\u00e5 ha den svenska standarden, \u00e4r att v\u00e4lja <a href=\"https:\/\/casino-mga.com\/sv\/norska-casino-utan-svensk-licens\/\">norska casino utan svensk licens<\/a>. Norska casinon har n\u00e4mligen en tendens att ha samma h\u00f6ga kvalitet p\u00e5 spelutbud, tekniska l\u00f6sningar och s\u00e4kerhet som svenska casinon. Samtidigt som du kan ta del av cashback bonsuar och andra saker som inte finns tillg\u00e4ngligt p\u00e5 svenska casinon.&nbsp;<\/p>\n\n\n\n<h2 class=\"wp-block-heading\">Tillg\u00e4ngliga betalningsmetoder hos casinon med cashback<\/h2>\n\n\n\n<p>En stor anledning till att m\u00e5nga svenska spelare s\u00f6ker sig till ett cashback casino \u00e4r inte bara f\u00f6r att f\u00e5 ta del av en cashback, utan \u00e4ven f\u00f6r att kunna anv\u00e4nda mer unika betalningsmteoder. P\u00e5 svenska casinon finns det vanligtvis endast ett litet urval av betalningsmetoder tillg\u00e4ngliga, medan utl\u00e4ndska casinon i regel erbjuder betydligt fler.&nbsp;<\/p>\n\n\n\n<p>N\u00e4r du spelar p\u00e5 ett cashback casino kan du vanligtvis f\u00f6rv\u00e4nta dig f\u00f6ljande betalningsmetoder:&nbsp;<\/p>\n\n\n\n<ul class=\"wp-block-list\">\n<li>Zimpler<\/li>\n\n\n\n<li>Trustly<\/li>\n\n\n\n<li>Neteller&nbsp;<\/li>\n\n\n\n<li>Skrill&nbsp;<\/li>\n\n\n\n<li>VISA \/ Mastercard<\/li>\n\n\n\n<li>Krypotvalutor&nbsp;<\/li>\n\n\n\n<li>Paysafecard<\/li>\n\n\n\n<li><a href=\"https:\/\/casino-mga.com\/sv\/casino-apple-pay\/\">Apple Pay&nbsp;<\/a><\/li>\n\n\n\n<li><a href=\"https:\/\/casino-mga.com\/sv\/casinon-med-paypal\/\">Paypal&nbsp;<\/a><\/li>\n<\/ul>\n\n\n\n<h2 class=\"wp-block-heading\">Anledningar till att ett cashback casino erbjuder cashback&nbsp;<\/h2>\n\n\n\n<p>Det kan finnas flera olika anledningar till att ett cashback casino erbjuder en cashback till sina spelare. Det \u00e4r bland annat vanligt att erbjuda en cashback bonus som v\u00e4lkomsterbjudande. I s\u00e5dana fall \u00e4r cashbacken ett s\u00e4tt att locka till sig nya spelare till casinot.&nbsp;<\/p>\n\n\n\n<figure class=\"wp-block-image size-full\"><img loading=\"lazy\" decoding=\"async\" width=\"1024\" height=\"536\" src=\"http:\/\/casino-mga.com\/wp-content\/uploads\/2023\/05\/casino-cashback.png\" alt=\"Casino med cashback\" class=\"wp-image-742\" srcset=\"https:\/\/casino-mga.com\/wp-content\/uploads\/2023\/05\/casino-cashback.png 1024w, https:\/\/casino-mga.com\/wp-content\/uploads\/2023\/05\/casino-cashback-300x157.png 300w, https:\/\/casino-mga.com\/wp-content\/uploads\/2023\/05\/casino-cashback-768x402.png 768w\" sizes=\"auto, (max-width: 1024px) 100vw, 1024px\" \/><\/figure>\n\n\n\n<p>Om man erbjuder en cashback till redan existerande kunder kan det vara ett s\u00e4tt att bel\u00f6na sina lojala spelare. Det kan ses som en form av VIP-program eller lojalitetsprogram, d\u00e4r man f\u00e5r en del av sina eventuella f\u00f6rluster tillbaka. Lite som ett pl\u00e5ster p\u00e5 s\u00e5ren.&nbsp;<\/p>\n\n\n\n<h2 class=\"wp-block-heading\">Cashback casino &#8211; FAQ&nbsp;<\/h2>\n\n\n\n<div class=\"schema-faq wp-block-yoast-faq-block\"><div class=\"schema-faq-section\" id=\"faq-question-1683106613976\"><strong class=\"schema-faq-question\"><strong>Vad \u00e4r ett cashback casino?<\/strong><\/strong> <p class=\"schema-faq-answer\">Ett casino med cashback \u00e4r ett casino som erbjuder en cashback bonus till sina spelare. Det inneb\u00e4r att spelarna f\u00e5r tillbaka en viss procent av deras f\u00f6rluster.\u00a0\u00a0<\/p> <\/div> <div class=\"schema-faq-section\" id=\"faq-question-1683106622520\"><strong class=\"schema-faq-question\"><strong>Vad finns det f\u00f6r casinon med cashback?\u00a0<\/strong><\/strong> <p class=\"schema-faq-answer\">Om du letar efter ett casino med cashback b\u00f6r du s\u00f6ka dig utanf\u00f6r Sverige. P\u00e5 m\u00e5nga casinon utan svensk licens kan du spela med cashback.\u00a0<\/p> <\/div> <div class=\"schema-faq-section\" id=\"faq-question-1683106628198\"><strong class=\"schema-faq-question\"><strong>Tillkommer det oms\u00e4ttningskrav p\u00e5 en cashback?<\/strong><\/strong> <p class=\"schema-faq-answer\">Det varierar fr\u00e5n casino till casino. En del casinon erbjuder oms\u00e4ttningsfria cashbacks medan andra casinon har ett oms\u00e4ttningskrav kopplat till cashbacken.\u00a0<\/p> <\/div> <div class=\"schema-faq-section\" id=\"faq-question-1683106633153\"><strong class=\"schema-faq-question\"><strong>Hur fungerar en cashback?<\/strong><\/strong> <p class=\"schema-faq-answer\">En cashback genom att du f\u00e5r tillbaka en procentuell summa av det du f\u00f6rlorat p\u00e5 casinot under en viss tidsperiod.\u00a0\u00a0<\/p> <\/div> <\/div>\n","protected":false},"excerpt":{"rendered":"<p>Casino med cashback\u00a0\u00a0 Intresset f\u00f6r att spela p\u00e5 casino med cashback \u00e4r n\u00e5got som har \u00f6kat lavinartat de senaste \u00e5ren&#8230;.<\/p>\n","protected":false},"author":3,"featured_media":0,"parent":0,"menu_order":0,"comment_status":"closed","ping_status":"closed","template":"","meta":{"_acf_changed":false,"footnotes":""},"class_list":["post-737","page","type-page","status-publish","hentry"],"acf":[],"yoast_head":"<!-- This site is optimized with the Yoast SEO plugin v27.0 - https:\/\/yoast.com\/product\/yoast-seo-wordpress\/ -->\n<title>Casino med Cashback - F\u00e5 pengar tillbaka p\u00e5 dina f\u00f6rluster!<\/title>\n<meta name=\"description\" content=\"Spela casino med Cashback p\u00e5 casinon utan svensk licens h\u00e4r! F\u00e5 en del av dina pengar tillbaka om du f\u00f6rlorar!\" \/>\n<meta name=\"robots\" content=\"index, follow, max-snippet:-1, max-image-preview:large, max-video-preview:-1\" \/>\n<link rel=\"canonical\" href=\"https:\/\/casino-mga.com\/sv\/casino-med-cashback\/\" \/>\n<meta property=\"og:locale\" content=\"sv_SE\" \/>\n<meta property=\"og:type\" content=\"article\" \/>\n<meta property=\"og:title\" content=\"Casino med Cashback - F\u00e5 pengar tillbaka p\u00e5 dina f\u00f6rluster!\" \/>\n<meta property=\"og:description\" content=\"Spela casino med Cashback p\u00e5 casinon utan svensk licens h\u00e4r! F\u00e5 en del av dina pengar tillbaka om du f\u00f6rlorar!\" \/>\n<meta property=\"og:url\" content=\"https:\/\/casino-mga.com\/sv\/casino-med-cashback\/\" \/>\n<meta property=\"og:site_name\" content=\"MGA Casino\" \/>\n<meta property=\"article:modified_time\" content=\"2023-05-03T09:42:06+00:00\" \/>\n<meta property=\"og:image\" content=\"http:\/\/casino-mga.com\/wp-content\/uploads\/2023\/05\/cashback-casino.png\" \/>\n<meta name=\"twitter:card\" content=\"summary_large_image\" \/>\n<meta name=\"twitter:label1\" content=\"Ber\u00e4knad l\u00e4stid\" \/>\n\t<meta name=\"twitter:data1\" content=\"5 minuter\" \/>\n<script type=\"application\/ld+json\" class=\"yoast-schema-graph\">{\"@context\":\"https:\/\/schema.org\",\"@graph\":[{\"@type\":[\"WebPage\",\"FAQPage\"],\"@id\":\"https:\/\/casino-mga.com\/sv\/casino-med-cashback\/\",\"url\":\"https:\/\/casino-mga.com\/sv\/casino-med-cashback\/\",\"name\":\"Casino med Cashback - F\u00e5 pengar tillbaka p\u00e5 dina f\u00f6rluster!\",\"isPartOf\":{\"@id\":\"https:\/\/casino-mga.com\/sv\/#website\"},\"primaryImageOfPage\":{\"@id\":\"https:\/\/casino-mga.com\/sv\/casino-med-cashback\/#primaryimage\"},\"image\":{\"@id\":\"https:\/\/casino-mga.com\/sv\/casino-med-cashback\/#primaryimage\"},\"thumbnailUrl\":\"http:\/\/casino-mga.com\/wp-content\/uploads\/2023\/05\/cashback-casino.png\",\"datePublished\":\"2023-05-03T09:41:46+00:00\",\"dateModified\":\"2023-05-03T09:42:06+00:00\",\"description\":\"Spela casino med Cashback p\u00e5 casinon utan svensk licens h\u00e4r! F\u00e5 en del av dina pengar tillbaka om du f\u00f6rlorar!\",\"breadcrumb\":{\"@id\":\"https:\/\/casino-mga.com\/sv\/casino-med-cashback\/#breadcrumb\"},\"mainEntity\":[{\"@id\":\"https:\/\/casino-mga.com\/sv\/casino-med-cashback\/#faq-question-1683106613976\"},{\"@id\":\"https:\/\/casino-mga.com\/sv\/casino-med-cashback\/#faq-question-1683106622520\"},{\"@id\":\"https:\/\/casino-mga.com\/sv\/casino-med-cashback\/#faq-question-1683106628198\"},{\"@id\":\"https:\/\/casino-mga.com\/sv\/casino-med-cashback\/#faq-question-1683106633153\"}],\"inLanguage\":\"sv-SE\",\"potentialAction\":[{\"@type\":\"ReadAction\",\"target\":[\"https:\/\/casino-mga.com\/sv\/casino-med-cashback\/\"]}]},{\"@type\":\"ImageObject\",\"inLanguage\":\"sv-SE\",\"@id\":\"https:\/\/casino-mga.com\/sv\/casino-med-cashback\/#primaryimage\",\"url\":\"http:\/\/casino-mga.com\/wp-content\/uploads\/2023\/05\/cashback-casino.png\",\"contentUrl\":\"http:\/\/casino-mga.com\/wp-content\/uploads\/2023\/05\/cashback-casino.png\"},{\"@type\":\"BreadcrumbList\",\"@id\":\"https:\/\/casino-mga.com\/sv\/casino-med-cashback\/#breadcrumb\",\"itemListElement\":[{\"@type\":\"ListItem\",\"position\":1,\"name\":\"MGA Casino\",\"item\":\"https:\/\/casino-mga.com\/sv\/\"},{\"@type\":\"ListItem\",\"position\":2,\"name\":\"Casino med cashback\u00a0\u00a0\"}]},{\"@type\":\"WebSite\",\"@id\":\"https:\/\/casino-mga.com\/sv\/#website\",\"url\":\"https:\/\/casino-mga.com\/sv\/\",\"name\":\"MGA Casino\",\"description\":\"Alles \u00fcber MGA Casinos online\",\"publisher\":{\"@id\":\"https:\/\/casino-mga.com\/sv\/#organization\"},\"potentialAction\":[{\"@type\":\"SearchAction\",\"target\":{\"@type\":\"EntryPoint\",\"urlTemplate\":\"https:\/\/casino-mga.com\/sv\/?s={search_term_string}\"},\"query-input\":{\"@type\":\"PropertyValueSpecification\",\"valueRequired\":true,\"valueName\":\"search_term_string\"}}],\"inLanguage\":\"sv-SE\"},{\"@type\":\"Organization\",\"@id\":\"https:\/\/casino-mga.com\/sv\/#organization\",\"name\":\"MGA Casino\",\"url\":\"https:\/\/casino-mga.com\/sv\/\",\"logo\":{\"@type\":\"ImageObject\",\"inLanguage\":\"sv-SE\",\"@id\":\"https:\/\/casino-mga.com\/sv\/#\/schema\/logo\/image\/\",\"url\":\"https:\/\/casino-mga.com\/wp-content\/uploads\/2022\/07\/cropped-mga-casino-logo.png\",\"contentUrl\":\"https:\/\/casino-mga.com\/wp-content\/uploads\/2022\/07\/cropped-mga-casino-logo.png\",\"width\":578,\"height\":300,\"caption\":\"MGA Casino\"},\"image\":{\"@id\":\"https:\/\/casino-mga.com\/sv\/#\/schema\/logo\/image\/\"}},{\"@type\":\"Question\",\"@id\":\"https:\/\/casino-mga.com\/sv\/casino-med-cashback\/#faq-question-1683106613976\",\"position\":1,\"url\":\"https:\/\/casino-mga.com\/sv\/casino-med-cashback\/#faq-question-1683106613976\",\"name\":\"Vad \u00e4r ett cashback casino?\",\"answerCount\":1,\"acceptedAnswer\":{\"@type\":\"Answer\",\"text\":\"Ett casino med cashback \u00e4r ett casino som erbjuder en cashback bonus till sina spelare. Det inneb\u00e4r att spelarna f\u00e5r tillbaka en viss procent av deras f\u00f6rluster.\u00a0\u00a0\",\"inLanguage\":\"sv-SE\"},\"inLanguage\":\"sv-SE\"},{\"@type\":\"Question\",\"@id\":\"https:\/\/casino-mga.com\/sv\/casino-med-cashback\/#faq-question-1683106622520\",\"position\":2,\"url\":\"https:\/\/casino-mga.com\/sv\/casino-med-cashback\/#faq-question-1683106622520\",\"name\":\"Vad finns det f\u00f6r casinon med cashback?\u00a0\",\"answerCount\":1,\"acceptedAnswer\":{\"@type\":\"Answer\",\"text\":\"Om du letar efter ett casino med cashback b\u00f6r du s\u00f6ka dig utanf\u00f6r Sverige. P\u00e5 m\u00e5nga casinon utan svensk licens kan du spela med cashback.\u00a0\",\"inLanguage\":\"sv-SE\"},\"inLanguage\":\"sv-SE\"},{\"@type\":\"Question\",\"@id\":\"https:\/\/casino-mga.com\/sv\/casino-med-cashback\/#faq-question-1683106628198\",\"position\":3,\"url\":\"https:\/\/casino-mga.com\/sv\/casino-med-cashback\/#faq-question-1683106628198\",\"name\":\"Tillkommer det oms\u00e4ttningskrav p\u00e5 en cashback?\",\"answerCount\":1,\"acceptedAnswer\":{\"@type\":\"Answer\",\"text\":\"Det varierar fr\u00e5n casino till casino. En del casinon erbjuder oms\u00e4ttningsfria cashbacks medan andra casinon har ett oms\u00e4ttningskrav kopplat till cashbacken.\u00a0\",\"inLanguage\":\"sv-SE\"},\"inLanguage\":\"sv-SE\"},{\"@type\":\"Question\",\"@id\":\"https:\/\/casino-mga.com\/sv\/casino-med-cashback\/#faq-question-1683106633153\",\"position\":4,\"url\":\"https:\/\/casino-mga.com\/sv\/casino-med-cashback\/#faq-question-1683106633153\",\"name\":\"Hur fungerar en cashback?\",\"answerCount\":1,\"acceptedAnswer\":{\"@type\":\"Answer\",\"text\":\"En cashback genom att du f\u00e5r tillbaka en procentuell summa av det du f\u00f6rlorat p\u00e5 casinot under en viss tidsperiod.\u00a0\u00a0\",\"inLanguage\":\"sv-SE\"},\"inLanguage\":\"sv-SE\"}]}<\/script>\n<!-- \/ Yoast SEO plugin. -->","yoast_head_json":{"title":"Casino med Cashback - F\u00e5 pengar tillbaka p\u00e5 dina f\u00f6rluster!","description":"Spela casino med Cashback p\u00e5 casinon utan svensk licens h\u00e4r! F\u00e5 en del av dina pengar tillbaka om du f\u00f6rlorar!","robots":{"index":"index","follow":"follow","max-snippet":"max-snippet:-1","max-image-preview":"max-image-preview:large","max-video-preview":"max-video-preview:-1"},"canonical":"https:\/\/casino-mga.com\/sv\/casino-med-cashback\/","og_locale":"sv_SE","og_type":"article","og_title":"Casino med Cashback - F\u00e5 pengar tillbaka p\u00e5 dina f\u00f6rluster!","og_description":"Spela casino med Cashback p\u00e5 casinon utan svensk licens h\u00e4r! F\u00e5 en del av dina pengar tillbaka om du f\u00f6rlorar!","og_url":"https:\/\/casino-mga.com\/sv\/casino-med-cashback\/","og_site_name":"MGA Casino","article_modified_time":"2023-05-03T09:42:06+00:00","og_image":[{"url":"http:\/\/casino-mga.com\/wp-content\/uploads\/2023\/05\/cashback-casino.png","type":"","width":"","height":""}],"twitter_card":"summary_large_image","twitter_misc":{"Ber\u00e4knad l\u00e4stid":"5 minuter"},"schema":{"@context":"https:\/\/schema.org","@graph":[{"@type":["WebPage","FAQPage"],"@id":"https:\/\/casino-mga.com\/sv\/casino-med-cashback\/","url":"https:\/\/casino-mga.com\/sv\/casino-med-cashback\/","name":"Casino med Cashback - F\u00e5 pengar tillbaka p\u00e5 dina f\u00f6rluster!","isPartOf":{"@id":"https:\/\/casino-mga.com\/sv\/#website"},"primaryImageOfPage":{"@id":"https:\/\/casino-mga.com\/sv\/casino-med-cashback\/#primaryimage"},"image":{"@id":"https:\/\/casino-mga.com\/sv\/casino-med-cashback\/#primaryimage"},"thumbnailUrl":"http:\/\/casino-mga.com\/wp-content\/uploads\/2023\/05\/cashback-casino.png","datePublished":"2023-05-03T09:41:46+00:00","dateModified":"2023-05-03T09:42:06+00:00","description":"Spela casino med Cashback p\u00e5 casinon utan svensk licens h\u00e4r! F\u00e5 en del av dina pengar tillbaka om du f\u00f6rlorar!","breadcrumb":{"@id":"https:\/\/casino-mga.com\/sv\/casino-med-cashback\/#breadcrumb"},"mainEntity":[{"@id":"https:\/\/casino-mga.com\/sv\/casino-med-cashback\/#faq-question-1683106613976"},{"@id":"https:\/\/casino-mga.com\/sv\/casino-med-cashback\/#faq-question-1683106622520"},{"@id":"https:\/\/casino-mga.com\/sv\/casino-med-cashback\/#faq-question-1683106628198"},{"@id":"https:\/\/casino-mga.com\/sv\/casino-med-cashback\/#faq-question-1683106633153"}],"inLanguage":"sv-SE","potentialAction":[{"@type":"ReadAction","target":["https:\/\/casino-mga.com\/sv\/casino-med-cashback\/"]}]},{"@type":"ImageObject","inLanguage":"sv-SE","@id":"https:\/\/casino-mga.com\/sv\/casino-med-cashback\/#primaryimage","url":"http:\/\/casino-mga.com\/wp-content\/uploads\/2023\/05\/cashback-casino.png","contentUrl":"http:\/\/casino-mga.com\/wp-content\/uploads\/2023\/05\/cashback-casino.png"},{"@type":"BreadcrumbList","@id":"https:\/\/casino-mga.com\/sv\/casino-med-cashback\/#breadcrumb","itemListElement":[{"@type":"ListItem","position":1,"name":"MGA Casino","item":"https:\/\/casino-mga.com\/sv\/"},{"@type":"ListItem","position":2,"name":"Casino med cashback\u00a0\u00a0"}]},{"@type":"WebSite","@id":"https:\/\/casino-mga.com\/sv\/#website","url":"https:\/\/casino-mga.com\/sv\/","name":"MGA Casino","description":"Alles \u00fcber MGA Casinos online","publisher":{"@id":"https:\/\/casino-mga.com\/sv\/#organization"},"potentialAction":[{"@type":"SearchAction","target":{"@type":"EntryPoint","urlTemplate":"https:\/\/casino-mga.com\/sv\/?s={search_term_string}"},"query-input":{"@type":"PropertyValueSpecification","valueRequired":true,"valueName":"search_term_string"}}],"inLanguage":"sv-SE"},{"@type":"Organization","@id":"https:\/\/casino-mga.com\/sv\/#organization","name":"MGA Casino","url":"https:\/\/casino-mga.com\/sv\/","logo":{"@type":"ImageObject","inLanguage":"sv-SE","@id":"https:\/\/casino-mga.com\/sv\/#\/schema\/logo\/image\/","url":"https:\/\/casino-mga.com\/wp-content\/uploads\/2022\/07\/cropped-mga-casino-logo.png","contentUrl":"https:\/\/casino-mga.com\/wp-content\/uploads\/2022\/07\/cropped-mga-casino-logo.png","width":578,"height":300,"caption":"MGA Casino"},"image":{"@id":"https:\/\/casino-mga.com\/sv\/#\/schema\/logo\/image\/"}},{"@type":"Question","@id":"https:\/\/casino-mga.com\/sv\/casino-med-cashback\/#faq-question-1683106613976","position":1,"url":"https:\/\/casino-mga.com\/sv\/casino-med-cashback\/#faq-question-1683106613976","name":"Vad \u00e4r ett cashback casino?","answerCount":1,"acceptedAnswer":{"@type":"Answer","text":"Ett casino med cashback \u00e4r ett casino som erbjuder en cashback bonus till sina spelare. Det inneb\u00e4r att spelarna f\u00e5r tillbaka en viss procent av deras f\u00f6rluster.\u00a0\u00a0","inLanguage":"sv-SE"},"inLanguage":"sv-SE"},{"@type":"Question","@id":"https:\/\/casino-mga.com\/sv\/casino-med-cashback\/#faq-question-1683106622520","position":2,"url":"https:\/\/casino-mga.com\/sv\/casino-med-cashback\/#faq-question-1683106622520","name":"Vad finns det f\u00f6r casinon med cashback?\u00a0","answerCount":1,"acceptedAnswer":{"@type":"Answer","text":"Om du letar efter ett casino med cashback b\u00f6r du s\u00f6ka dig utanf\u00f6r Sverige. P\u00e5 m\u00e5nga casinon utan svensk licens kan du spela med cashback.\u00a0","inLanguage":"sv-SE"},"inLanguage":"sv-SE"},{"@type":"Question","@id":"https:\/\/casino-mga.com\/sv\/casino-med-cashback\/#faq-question-1683106628198","position":3,"url":"https:\/\/casino-mga.com\/sv\/casino-med-cashback\/#faq-question-1683106628198","name":"Tillkommer det oms\u00e4ttningskrav p\u00e5 en cashback?","answerCount":1,"acceptedAnswer":{"@type":"Answer","text":"Det varierar fr\u00e5n casino till casino. En del casinon erbjuder oms\u00e4ttningsfria cashbacks medan andra casinon har ett oms\u00e4ttningskrav kopplat till cashbacken.\u00a0","inLanguage":"sv-SE"},"inLanguage":"sv-SE"},{"@type":"Question","@id":"https:\/\/casino-mga.com\/sv\/casino-med-cashback\/#faq-question-1683106633153","position":4,"url":"https:\/\/casino-mga.com\/sv\/casino-med-cashback\/#faq-question-1683106633153","name":"Hur fungerar en cashback?","answerCount":1,"acceptedAnswer":{"@type":"Answer","text":"En cashback genom att du f\u00e5r tillbaka en procentuell summa av det du f\u00f6rlorat p\u00e5 casinot under en viss tidsperiod.\u00a0\u00a0","inLanguage":"sv-SE"},"inLanguage":"sv-SE"}]}},"_links":{"self":[{"href":"https:\/\/casino-mga.com\/sv\/wp-json\/wp\/v2\/pages\/737","targetHints":{"allow":["GET"]}}],"collection":[{"href":"https:\/\/casino-mga.com\/sv\/wp-json\/wp\/v2\/pages"}],"about":[{"href":"https:\/\/casino-mga.com\/sv\/wp-json\/wp\/v2\/types\/page"}],"author":[{"embeddable":true,"href":"https:\/\/casino-mga.com\/sv\/wp-json\/wp\/v2\/users\/3"}],"replies":[{"embeddable":true,"href":"https:\/\/casino-mga.com\/sv\/wp-json\/wp\/v2\/comments?post=737"}],"version-history":[{"count":2,"href":"https:\/\/casino-mga.com\/sv\/wp-json\/wp\/v2\/pages\/737\/revisions"}],"predecessor-version":[{"id":751,"href":"https:\/\/casino-mga.com\/sv\/wp-json\/wp\/v2\/pages\/737\/revisions\/751"}],"wp:attachment":[{"href":"https:\/\/casino-mga.com\/sv\/wp-json\/wp\/v2\/media?parent=737"}],"curies":[{"name":"wp","href":"https:\/\/api.w.org\/{rel}","templated":true}]}}