{"id":756,"date":"2023-05-10T10:42:38","date_gmt":"2023-05-10T10:42:38","guid":{"rendered":"http:\/\/casino-mga.com\/?page_id=756"},"modified":"2025-03-17T13:46:58","modified_gmt":"2025-03-17T13:46:58","slug":"trustly-casino","status":"publish","type":"page","link":"https:\/\/casino-mga.com\/sv\/trustly-casino\/","title":{"rendered":"Trustly casino"},"content":{"rendered":"\n<h1 class=\"wp-block-heading\">Trustly casino<\/h1>\n\n\n\n<p>Trustly \u00e4r en betalningsmetod som tagit spelmarknaden med storm och numera s\u00f6ker majoriten av svenska spelare efter ett Trustly casino. P\u00e5 ett casino med Trustly \u00e4r spelare garanterad trygga och s\u00e4kra transaktioner, samtidigt som allting sker i h\u00f6gsta m\u00f6jliga hastighet.&nbsp;<\/p>\n\n\n\n<p>P\u00e5 denna sida har vi samlat all information du beh\u00f6ver f\u00f6r att kunna spela p\u00e5 ett Trustly casino. L\u00e5t oss k\u00f6ra ig\u00e5ng direkt!&nbsp;<\/p>\n\n\n\n<figure class=\"wp-block-image size-full\"><img loading=\"lazy\" decoding=\"async\" width=\"1024\" height=\"536\" src=\"http:\/\/casino-mga.com\/wp-content\/uploads\/2023\/05\/trustly-casino.png\" alt=\"Trustly casino\" class=\"wp-image-765\" srcset=\"https:\/\/casino-mga.com\/wp-content\/uploads\/2023\/05\/trustly-casino.png 1024w, https:\/\/casino-mga.com\/wp-content\/uploads\/2023\/05\/trustly-casino-300x157.png 300w, https:\/\/casino-mga.com\/wp-content\/uploads\/2023\/05\/trustly-casino-768x402.png 768w\" sizes=\"auto, (max-width: 1024px) 100vw, 1024px\" \/><\/figure>\n\n\n\n<h2 class=\"wp-block-heading\">Vad \u00e4r ett casino med Trustly?&nbsp;<\/h2>\n\n\n\n<p>Ett casino med Trustly \u00e4r ett casino p\u00e5 n\u00e4tet d\u00e4r spelare kan g\u00f6ra ins\u00e4ttningar och uttag tillsammans med Trustly. Trustly \u00e4r en vanligt f\u00f6rekommande betalningsmetod som erbjuder snabba och s\u00e4kra transaktioner, med hj\u00e4lp av BankID.&nbsp;<\/p>\n\n\n\n<p>Trustly \u00e4r en betalningsmetod som inte kr\u00e4ver att deras anv\u00e4ndare skapar n\u00e5got konto eller p\u00e5 annat s\u00e4tt registrerar sig. Utan alla som har ett bankkonto kan anv\u00e4nda sig av Trustly f\u00f6r att g\u00f6ra ins\u00e4ttningar och uttag p\u00e5 online casinon.&nbsp;<\/p>\n\n\n\n<p>Det som k\u00e4nnetecknar ett casino med Trustly \u00e4r hur snabba och smidiga dessa casinon \u00e4r. Kombinationen av betalningar med Trustly och verifiering med BankID g\u00f6r att du inte beh\u00f6ver oroa dig f\u00f6r l\u00e5nga v\u00e4ntetider eller kr\u00e5ngliga processer. Ist\u00e4llet sker alla typer av betalningar med h\u00f6gsta m\u00f6jliga hastighet, samtidigt som du alltid kan k\u00e4nna dig s\u00e4ker.&nbsp;<\/p>\n\n\n\n<h2 class=\"wp-block-heading\">F\u00f6rdelar med att spela p\u00e5 ett casino med Trustly<\/h2>\n\n\n\n<p>Att v\u00e4lja <a href=\"https:\/\/spelacasino.io\/utlandska-casino\/\">utl\u00e4ndska casino med Trustly<\/a> inneb\u00e4r det datt du f\u00e5r en spelupplevelse som \u00e4r b\u00e5de snabb och s\u00e4ker. Eftersom Trustly m\u00f6jligg\u00f6r direkt\u00f6verf\u00f6ringar via din bank kan du g\u00f6ra b\u00e5de ins\u00e4ttningar och uttag utan on\u00f6diga v\u00e4ntetider. En av de st\u00f6rsta f\u00f6rdelarna \u00e4r att du inte beh\u00f6ver skapa n\u00e5got separat konto f\u00f6r att anv\u00e4nda tj\u00e4nsten \u2013 du verifierar dig enkelt med BankID och kan b\u00f6rja spela direkt. Dessutom erbjuder m\u00e5nga Trustly-casinon smidiga registreringsprocesser, vilket inneb\u00e4r att du kan spela utan att beh\u00f6va fylla i l\u00e5nga formul\u00e4r. P\u00e5 s\u00e5 s\u00e4tt f\u00e5r du en mer effektiv och problemfri spelupplevelse, d\u00e4r du kan fokusera p\u00e5 det viktigaste \u2013 sj\u00e4lva spelandet.<\/p>\n\n\n\n<figure class=\"wp-block-image size-full\"><img loading=\"lazy\" decoding=\"async\" width=\"1024\" height=\"536\" src=\"http:\/\/casino-mga.com\/wp-content\/uploads\/2023\/05\/casino-med-trustly.png\" alt=\"Casino med Trustly\" class=\"wp-image-757\" srcset=\"https:\/\/casino-mga.com\/wp-content\/uploads\/2023\/05\/casino-med-trustly.png 1024w, https:\/\/casino-mga.com\/wp-content\/uploads\/2023\/05\/casino-med-trustly-300x157.png 300w, https:\/\/casino-mga.com\/wp-content\/uploads\/2023\/05\/casino-med-trustly-768x402.png 768w\" sizes=\"auto, (max-width: 1024px) 100vw, 1024px\" \/><\/figure>\n\n\n\n<h2 class=\"wp-block-heading\">S\u00e5 b\u00f6rjar du spela p\u00e5 ett Trustly casino&nbsp;<\/h2>\n\n\n\n<p>Om du \u00e4r intresserad av att pr\u00f6va p\u00e5 ett Trustly casino kan vi med gl\u00e4dje meddela att du har en smidig och snabb upplevelse framf\u00f6r dig. B\u00e5de registrering och ins\u00e4ttning \u00e4r n\u00e5gonting som g\u00e5r v\u00e4ldigt smidigt p\u00e5 Trustly casinon. Med bara n\u00e5gra enstaka knapptryck kan du vara ig\u00e5ng med spelandet.&nbsp;<\/p>\n\n\n\n<p>Med det sagt, l\u00e5t oss g\u00e5 igenom hur man b\u00f6rjar spela p\u00e5 ett casino med Trustly! &nbsp;<\/p>\n\n\n\n<h3 class=\"wp-block-heading\">Steg-f\u00f6r-steg:&nbsp;<\/h3>\n\n\n\n<ol class=\"wp-block-list\">\n<li><strong>V\u00e4lj ut ett casino med Trustly som uppfyller dina krav&nbsp;<\/strong><\/li>\n<\/ol>\n\n\n\n<p>F\u00f6rsta steget \u00e4r att v\u00e4lja ett casino som erbjuder Trustly som betalningsmetod, samtidigt som dina \u00f6vriga krav uppfylls. Det finns b\u00e5de svenska casinon med Trustly samt utl\u00e4ndska, till exempel <a href=\"https:\/\/casino-mga.com\/sv\/norska-casino-utan-svensk-licens\/\">norska casino<\/a>n med Trustly.&nbsp;<\/p>\n\n\n\n<ol start=\"2\" class=\"wp-block-list\">\n<li><strong>Tryck p\u00e5 \u201cSkapa konto\u201d eller \u201cB\u00f6rja spela\u201d&nbsp;<\/strong><\/li>\n<\/ol>\n\n\n\n<p>Exakt vad det st\u00e5r f\u00f6r att p\u00e5b\u00f6rja registreringsprocessen kan variera lite fr\u00e5n casino till casino, men inneb\u00f6rden \u00e4r densamma.&nbsp;<\/p>\n\n\n\n<ol start=\"3\" class=\"wp-block-list\">\n<li><strong>Skriv in ditt personnummer och signera med BankID&nbsp;<\/strong><\/li>\n<\/ol>\n\n\n\n<p>Nu \u00e4r det dags att skriva in ditt personnummer, \u00f6ppna upp ditt mobila BankID och signera med din personliga kod.&nbsp;<\/p>\n\n\n\n<ol start=\"4\" class=\"wp-block-list\">\n<li><strong>Ditt spelkonto skapas automatiskt!&nbsp;<\/strong><\/li>\n<\/ol>\n\n\n\n<p>H\u00e4r skapas ditt spelkonto automatiskt \u00e5t dig, utan att du beh\u00f6ver kr\u00e5ngla med registreringsformul\u00e4r.&nbsp;<\/p>\n\n\n\n<ol start=\"5\" class=\"wp-block-list\">\n<li><strong>V\u00e4lj Trustly som betalningsmetod<\/strong><\/li>\n<\/ol>\n\n\n\n<p>N\u00e4r ditt spelkonto \u00e4r skapat kan du direkt g\u00f6ra din f\u00f6rsta ins\u00e4ttning. H\u00e4r g\u00e4ller det f\u00f6r dig att v\u00e4lja Trustly som betalningsmetod.&nbsp;<\/p>\n\n\n\n<ol start=\"6\" class=\"wp-block-list\">\n<li><strong>Skriv in hur mycket du \u00f6nskar att s\u00e4tta in<\/strong><\/li>\n<\/ol>\n\n\n\n<p>M\u00e5nga Trustly casinon har en minsta ins\u00e4ttning p\u00e5 100 kronor, men det kan variera lite fr\u00e5n casino till casino.&nbsp;<\/p>\n\n\n\n<ol start=\"7\" class=\"wp-block-list\">\n<li><strong>Fyll i ditt personnummer och f\u00f6lj instruktionerna p\u00e5 sk\u00e4rmen<\/strong><\/li>\n<\/ol>\n\n\n\n<p>N\u00e4r du har fyllt i ditt personnummer beh\u00f6ver du v\u00e4lja din bank och vilket bankkonto som du vill att din f\u00f6rsta ins\u00e4ttning ska dras ifr\u00e5n.&nbsp;<\/p>\n\n\n\n<ol start=\"8\" class=\"wp-block-list\">\n<li><strong>Bekr\u00e4fta betalningen med BankID och b\u00f6rja spela!&nbsp;<\/strong><\/li>\n<\/ol>\n\n\n\n<p>N\u00e4r du har bekr\u00e4ftat din f\u00f6rsta ins\u00e4ttning kan du direkt s\u00e4tta ig\u00e5ng med spelandet p\u00e5 ett Trustly casino. Det \u00e4r inte sv\u00e5rare \u00e4n s\u00e5!&nbsp;<\/p>\n\n\n\n<h2 class=\"wp-block-heading\">Casino utan svensk licens trustly<\/h2>\n\n\n\n<p>Trustly m\u00e5 vara en svensk betalningsmetod som \u00e4ven \u00e4r vanligt f\u00f6rekommande p\u00e5 svenska casinosajter. Det \u00e4r dock bra att k\u00e4nna till att det \u00e4ven finns utl\u00e4ndska casino med Trustly. Trustly \u00e4r en betalningsmetod som fungerar p\u00e5 n\u00e4stintill alla typer av casinon, inklusive <a href=\"https:\/\/casino-mga.com\/sv\/\">MGA casinon<\/a>.&nbsp;&nbsp;<\/p>\n\n\n\n<p>Processen f\u00f6r att anv\u00e4nda Trustly p\u00e5 casinon utanf\u00f6r den svenska spelmarknaden \u00e4r densamma. Det fungerar i det stora hela exakt likadant vilket inneb\u00e4r att du kan f\u00f6rv\u00e4nta dig lika snabba ins\u00e4ttningar och uttag.&nbsp;<\/p>\n\n\n\n<figure class=\"wp-block-image size-full\"><img loading=\"lazy\" decoding=\"async\" width=\"1024\" height=\"536\" src=\"http:\/\/casino-mga.com\/wp-content\/uploads\/2023\/05\/casino-utan-svensk-licens-trustly.png\" alt=\"Casino utan svensk licens Trustly\" class=\"wp-image-761\" srcset=\"https:\/\/casino-mga.com\/wp-content\/uploads\/2023\/05\/casino-utan-svensk-licens-trustly.png 1024w, https:\/\/casino-mga.com\/wp-content\/uploads\/2023\/05\/casino-utan-svensk-licens-trustly-300x157.png 300w, https:\/\/casino-mga.com\/wp-content\/uploads\/2023\/05\/casino-utan-svensk-licens-trustly-768x402.png 768w\" sizes=\"auto, (max-width: 1024px) 100vw, 1024px\" \/><\/figure>\n\n\n\n<h3 class=\"wp-block-heading\">Casino utan spelpaus trustly<\/h3>\n\n\n\n<p>Det finns egentligen en skillnad med att anv\u00e4nda Trustly p\u00e5 ett svenskt casino vs p\u00e5 ett utl\u00e4ndskt casino. Det \u00e4r kopplingen till Spelpaus. P\u00e5 svenska casinon kan du inte g\u00f6ra n\u00e5gon ins\u00e4ttning eller spela om du har en aktiv Spelpaus. Detta g\u00e4ller \u00e4ven om du skulle r\u00e5kat aktivera <a href=\"https:\/\/casino-mga.com\/sv\/spelpaus-av-misstag\/\">Spelpaus av misstag<\/a>.&nbsp;<\/p>\n\n\n\n<p>P\u00e5 ett casino utan spelpaus trustly kan du d\u00e4remot forts\u00e4tta spela med Trustly, \u00e4ven om du har en aktiv spelpaus. Detta \u00e4r dock ingenting vi rekommenderar.&nbsp;&nbsp;<\/p>\n\n\n\n<h2 class=\"wp-block-heading\">F\u00f6rdelar med att v\u00e4lja ett casino utan svensk licens trustly<\/h2>\n\n\n\n<p>M\u00e5nga svenska spelare f\u00f6redrar idag att spela p\u00e5 utl\u00e4ndska casino med Trustly. Detta eftersom det ger dig det b\u00e4sta av tv\u00e5 v\u00e4rldar. Du slipper ta h\u00e4nsyn till de svenska casinolagarna vilket g\u00f6r din spelupplevelse friare och mindre begr\u00e4nsad. Samtidigt kan du ta del av snabba och s\u00e4kra betalningar.&nbsp;<\/p>\n\n\n\n<p>Nedan har vi sammanst\u00e4llt n\u00e5gra andra f\u00f6rdelar som du kan ta del av n\u00e4r du v\u00e4ljer att spela p\u00e5 ett casino utan svensk licens trustly!&nbsp;<\/p>\n\n\n\n<h3 class=\"wp-block-heading\">\u2705 H\u00f6g hastighet&nbsp;<\/h3>\n\n\n\n<p>Den st\u00f6rsta och fr\u00e4msta f\u00f6rdelen med att v\u00e4lja ett Trustly casino \u00e4r den h\u00f6ga hastigheten. B\u00e5de ins\u00e4ttningar och uttag sker i raketfart. Trustly \u00e4r trots allt en av de absolut snabbaste betalningsmetoderna p\u00e5 marknaden. De enda andra betalningsmetoderna som kan m\u00e4ta sig med Trustlys h\u00f6ga hastighet \u00e4r egentligen Swish och Zimpler.&nbsp;<\/p>\n\n\n\n<h3 class=\"wp-block-heading\">\u2705 H\u00f6g s\u00e4kerhet<\/h3>\n\n\n\n<p>Ut\u00f6ver den h\u00f6ga hastigheten \u00e4r \u00e4ven s\u00e4kerheten en stor anledning att m\u00e5nga svenskar v\u00e4ljer att spela p\u00e5 Trustly casinon. Trustly klassas som en av de mest s\u00e4kra betalningsmetoderna som finns p\u00e5 n\u00e4tet, mycket tack vare att tj\u00e4nsten fungerar ihop med BankID.&nbsp;<\/p>\n\n\n\n<p>N\u00e4r du spelar p\u00e5 ett Trustly casino beh\u00f6ver du inte oroa dig f\u00f6r din s\u00e4kerhet, utan kan lugnt luta dig tillbaka med vetskapen att alla dina transaktioner sker under trygga former.&nbsp;<\/p>\n\n\n\n<h3 class=\"wp-block-heading\">\u2705H\u00f6g flexibilitet och inget kr\u00e5ngel&nbsp;<\/h3>\n\n\n\n<p>En annan stor anledning till att m\u00e5nga v\u00e4ljer att spela p\u00e5 ett casino med Trustly \u00e4r att det \u00e4r v\u00e4ldigt problemfritt. Du beh\u00f6ver inte oroa dig f\u00f6r kr\u00e5ngliga processer och du beh\u00f6ver inte skapa n\u00e5got konto eller ladda ner n\u00e5gon speciell app. Med Trustly g\u00e5r dina pengar direkt fr\u00e5n ditt bankkonto till ditt casinokonto, samt direkt fr\u00e5n casinot rakt in p\u00e5 ditt bankkonto.&nbsp;<\/p>\n\n\n\n<h3 class=\"wp-block-heading\">\u2705&nbsp; Fler m\u00f6jligheter till bonsuar&nbsp;<\/h3>\n\n\n\n<p>En annan sak som \u00e4r bra med att v\u00e4lja ett casino utan svensk licens trustly \u00e4r att det inte finns n\u00e5gra begr\u00e4nsningar n\u00e4r det g\u00e4ller bonusar. Till skillnad fr\u00e5n svenska casinon finns det inte n\u00e5gra bonus-restriktioner p\u00e5 ett casino utan svensk licens trustly.&nbsp;<\/p>\n\n\n\n<p>P\u00e5 dessa typer av casinon kan du ta del av fler bonusar, samt mer unika bonus-varianter. Till exempel \u00e4r det till\u00e5tet att erbjuda VIP-bonusar och <a href=\"https:\/\/casino-mga.com\/sv\/casino-med-cashback\/\">Cashbacks<\/a>, n\u00e5got som inte f\u00f6rekommer p\u00e5 svenska casinon.&nbsp;<\/p>\n\n\n\n<h3 class=\"wp-block-heading\">&nbsp;\u2705 Pay N Play!<\/h3>\n\n\n\n<p>Den sista f\u00f6rdelen med att v\u00e4lja utl\u00e4ndska casino med trustly \u00e4r att du ofta kan ta del av en Pay N Play-upplevelse. Det \u00e4r n\u00e4mligen Trustly som introducerade Pay N Play funktionen p\u00e5 spelmarknaden. Om du inte k\u00e4nner till Pay N Play kan vi enkelt f\u00f6rklara det som en tj\u00e4nst som m\u00f6jligg\u00f6r att du inte beh\u00f6ver skapa n\u00e5got konto p\u00e5 ett casino, utan det r\u00e4cker att du g\u00f6r en f\u00f6rsta ins\u00e4ttning. Ins\u00e4ttning och registrering \u00e4r helt enkelt kombinerade!&nbsp;<\/p>\n","protected":false},"excerpt":{"rendered":"<p>Trustly casino Trustly \u00e4r en betalningsmetod som tagit spelmarknaden med storm och numera s\u00f6ker majoriten av svenska spelare efter ett&#8230;<\/p>\n","protected":false},"author":3,"featured_media":0,"parent":0,"menu_order":0,"comment_status":"closed","ping_status":"closed","template":"","meta":{"_acf_changed":false,"footnotes":""},"class_list":["post-756","page","type-page","status-publish","hentry"],"acf":[],"yoast_head":"<!-- This site is optimized with the Yoast SEO plugin v27.0 - https:\/\/yoast.com\/product\/yoast-seo-wordpress\/ -->\n<title>Trustly casino - Spela casino med Trustly p\u00e5 utl\u00e4ndska casinon!<\/title>\n<meta name=\"description\" content=\"Med ett Trustly casino kan du ta del av snabba och s\u00e4kra transaktioner. H\u00e4r finner du all information om Casino utan svensk licens Trustly!\" \/>\n<meta name=\"robots\" content=\"index, follow, max-snippet:-1, max-image-preview:large, max-video-preview:-1\" \/>\n<link rel=\"canonical\" href=\"https:\/\/casino-mga.com\/sv\/trustly-casino\/\" \/>\n<meta property=\"og:locale\" content=\"sv_SE\" \/>\n<meta property=\"og:type\" content=\"article\" \/>\n<meta property=\"og:title\" content=\"Trustly casino - Spela casino med Trustly p\u00e5 utl\u00e4ndska casinon!\" \/>\n<meta property=\"og:description\" content=\"Med ett Trustly casino kan du ta del av snabba och s\u00e4kra transaktioner. H\u00e4r finner du all information om Casino utan svensk licens Trustly!\" \/>\n<meta property=\"og:url\" content=\"https:\/\/casino-mga.com\/sv\/trustly-casino\/\" \/>\n<meta property=\"og:site_name\" content=\"MGA Casino\" \/>\n<meta property=\"article:modified_time\" content=\"2025-03-17T13:46:58+00:00\" \/>\n<meta property=\"og:image\" content=\"http:\/\/casino-mga.com\/wp-content\/uploads\/2023\/05\/trustly-casino.png\" \/>\n<meta name=\"twitter:card\" content=\"summary_large_image\" \/>\n<meta name=\"twitter:label1\" content=\"Ber\u00e4knad l\u00e4stid\" \/>\n\t<meta name=\"twitter:data1\" content=\"7 minuter\" \/>\n<script type=\"application\/ld+json\" class=\"yoast-schema-graph\">{\"@context\":\"https:\/\/schema.org\",\"@graph\":[{\"@type\":\"WebPage\",\"@id\":\"https:\/\/casino-mga.com\/sv\/trustly-casino\/\",\"url\":\"https:\/\/casino-mga.com\/sv\/trustly-casino\/\",\"name\":\"Trustly casino - Spela casino med Trustly p\u00e5 utl\u00e4ndska casinon!\",\"isPartOf\":{\"@id\":\"https:\/\/casino-mga.com\/sv\/#website\"},\"primaryImageOfPage\":{\"@id\":\"https:\/\/casino-mga.com\/sv\/trustly-casino\/#primaryimage\"},\"image\":{\"@id\":\"https:\/\/casino-mga.com\/sv\/trustly-casino\/#primaryimage\"},\"thumbnailUrl\":\"http:\/\/casino-mga.com\/wp-content\/uploads\/2023\/05\/trustly-casino.png\",\"datePublished\":\"2023-05-10T10:42:38+00:00\",\"dateModified\":\"2025-03-17T13:46:58+00:00\",\"description\":\"Med ett Trustly casino kan du ta del av snabba och s\u00e4kra transaktioner. H\u00e4r finner du all information om Casino utan svensk licens Trustly!\",\"breadcrumb\":{\"@id\":\"https:\/\/casino-mga.com\/sv\/trustly-casino\/#breadcrumb\"},\"inLanguage\":\"sv-SE\",\"potentialAction\":[{\"@type\":\"ReadAction\",\"target\":[\"https:\/\/casino-mga.com\/sv\/trustly-casino\/\"]}]},{\"@type\":\"ImageObject\",\"inLanguage\":\"sv-SE\",\"@id\":\"https:\/\/casino-mga.com\/sv\/trustly-casino\/#primaryimage\",\"url\":\"http:\/\/casino-mga.com\/wp-content\/uploads\/2023\/05\/trustly-casino.png\",\"contentUrl\":\"http:\/\/casino-mga.com\/wp-content\/uploads\/2023\/05\/trustly-casino.png\"},{\"@type\":\"BreadcrumbList\",\"@id\":\"https:\/\/casino-mga.com\/sv\/trustly-casino\/#breadcrumb\",\"itemListElement\":[{\"@type\":\"ListItem\",\"position\":1,\"name\":\"MGA Casino\",\"item\":\"https:\/\/casino-mga.com\/sv\/\"},{\"@type\":\"ListItem\",\"position\":2,\"name\":\"Trustly casino\"}]},{\"@type\":\"WebSite\",\"@id\":\"https:\/\/casino-mga.com\/sv\/#website\",\"url\":\"https:\/\/casino-mga.com\/sv\/\",\"name\":\"MGA Casino\",\"description\":\"Alles \u00fcber MGA Casinos online\",\"publisher\":{\"@id\":\"https:\/\/casino-mga.com\/sv\/#organization\"},\"potentialAction\":[{\"@type\":\"SearchAction\",\"target\":{\"@type\":\"EntryPoint\",\"urlTemplate\":\"https:\/\/casino-mga.com\/sv\/?s={search_term_string}\"},\"query-input\":{\"@type\":\"PropertyValueSpecification\",\"valueRequired\":true,\"valueName\":\"search_term_string\"}}],\"inLanguage\":\"sv-SE\"},{\"@type\":\"Organization\",\"@id\":\"https:\/\/casino-mga.com\/sv\/#organization\",\"name\":\"MGA Casino\",\"url\":\"https:\/\/casino-mga.com\/sv\/\",\"logo\":{\"@type\":\"ImageObject\",\"inLanguage\":\"sv-SE\",\"@id\":\"https:\/\/casino-mga.com\/sv\/#\/schema\/logo\/image\/\",\"url\":\"https:\/\/casino-mga.com\/wp-content\/uploads\/2022\/07\/cropped-mga-casino-logo.png\",\"contentUrl\":\"https:\/\/casino-mga.com\/wp-content\/uploads\/2022\/07\/cropped-mga-casino-logo.png\",\"width\":578,\"height\":300,\"caption\":\"MGA Casino\"},\"image\":{\"@id\":\"https:\/\/casino-mga.com\/sv\/#\/schema\/logo\/image\/\"}}]}<\/script>\n<!-- \/ Yoast SEO plugin. -->","yoast_head_json":{"title":"Trustly casino - Spela casino med Trustly p\u00e5 utl\u00e4ndska casinon!","description":"Med ett Trustly casino kan du ta del av snabba och s\u00e4kra transaktioner. H\u00e4r finner du all information om Casino utan svensk licens Trustly!","robots":{"index":"index","follow":"follow","max-snippet":"max-snippet:-1","max-image-preview":"max-image-preview:large","max-video-preview":"max-video-preview:-1"},"canonical":"https:\/\/casino-mga.com\/sv\/trustly-casino\/","og_locale":"sv_SE","og_type":"article","og_title":"Trustly casino - Spela casino med Trustly p\u00e5 utl\u00e4ndska casinon!","og_description":"Med ett Trustly casino kan du ta del av snabba och s\u00e4kra transaktioner. H\u00e4r finner du all information om Casino utan svensk licens Trustly!","og_url":"https:\/\/casino-mga.com\/sv\/trustly-casino\/","og_site_name":"MGA Casino","article_modified_time":"2025-03-17T13:46:58+00:00","og_image":[{"url":"http:\/\/casino-mga.com\/wp-content\/uploads\/2023\/05\/trustly-casino.png","type":"","width":"","height":""}],"twitter_card":"summary_large_image","twitter_misc":{"Ber\u00e4knad l\u00e4stid":"7 minuter"},"schema":{"@context":"https:\/\/schema.org","@graph":[{"@type":"WebPage","@id":"https:\/\/casino-mga.com\/sv\/trustly-casino\/","url":"https:\/\/casino-mga.com\/sv\/trustly-casino\/","name":"Trustly casino - Spela casino med Trustly p\u00e5 utl\u00e4ndska casinon!","isPartOf":{"@id":"https:\/\/casino-mga.com\/sv\/#website"},"primaryImageOfPage":{"@id":"https:\/\/casino-mga.com\/sv\/trustly-casino\/#primaryimage"},"image":{"@id":"https:\/\/casino-mga.com\/sv\/trustly-casino\/#primaryimage"},"thumbnailUrl":"http:\/\/casino-mga.com\/wp-content\/uploads\/2023\/05\/trustly-casino.png","datePublished":"2023-05-10T10:42:38+00:00","dateModified":"2025-03-17T13:46:58+00:00","description":"Med ett Trustly casino kan du ta del av snabba och s\u00e4kra transaktioner. H\u00e4r finner du all information om Casino utan svensk licens Trustly!","breadcrumb":{"@id":"https:\/\/casino-mga.com\/sv\/trustly-casino\/#breadcrumb"},"inLanguage":"sv-SE","potentialAction":[{"@type":"ReadAction","target":["https:\/\/casino-mga.com\/sv\/trustly-casino\/"]}]},{"@type":"ImageObject","inLanguage":"sv-SE","@id":"https:\/\/casino-mga.com\/sv\/trustly-casino\/#primaryimage","url":"http:\/\/casino-mga.com\/wp-content\/uploads\/2023\/05\/trustly-casino.png","contentUrl":"http:\/\/casino-mga.com\/wp-content\/uploads\/2023\/05\/trustly-casino.png"},{"@type":"BreadcrumbList","@id":"https:\/\/casino-mga.com\/sv\/trustly-casino\/#breadcrumb","itemListElement":[{"@type":"ListItem","position":1,"name":"MGA Casino","item":"https:\/\/casino-mga.com\/sv\/"},{"@type":"ListItem","position":2,"name":"Trustly casino"}]},{"@type":"WebSite","@id":"https:\/\/casino-mga.com\/sv\/#website","url":"https:\/\/casino-mga.com\/sv\/","name":"MGA Casino","description":"Alles \u00fcber MGA Casinos online","publisher":{"@id":"https:\/\/casino-mga.com\/sv\/#organization"},"potentialAction":[{"@type":"SearchAction","target":{"@type":"EntryPoint","urlTemplate":"https:\/\/casino-mga.com\/sv\/?s={search_term_string}"},"query-input":{"@type":"PropertyValueSpecification","valueRequired":true,"valueName":"search_term_string"}}],"inLanguage":"sv-SE"},{"@type":"Organization","@id":"https:\/\/casino-mga.com\/sv\/#organization","name":"MGA Casino","url":"https:\/\/casino-mga.com\/sv\/","logo":{"@type":"ImageObject","inLanguage":"sv-SE","@id":"https:\/\/casino-mga.com\/sv\/#\/schema\/logo\/image\/","url":"https:\/\/casino-mga.com\/wp-content\/uploads\/2022\/07\/cropped-mga-casino-logo.png","contentUrl":"https:\/\/casino-mga.com\/wp-content\/uploads\/2022\/07\/cropped-mga-casino-logo.png","width":578,"height":300,"caption":"MGA Casino"},"image":{"@id":"https:\/\/casino-mga.com\/sv\/#\/schema\/logo\/image\/"}}]}},"_links":{"self":[{"href":"https:\/\/casino-mga.com\/sv\/wp-json\/wp\/v2\/pages\/756","targetHints":{"allow":["GET"]}}],"collection":[{"href":"https:\/\/casino-mga.com\/sv\/wp-json\/wp\/v2\/pages"}],"about":[{"href":"https:\/\/casino-mga.com\/sv\/wp-json\/wp\/v2\/types\/page"}],"author":[{"embeddable":true,"href":"https:\/\/casino-mga.com\/sv\/wp-json\/wp\/v2\/users\/3"}],"replies":[{"embeddable":true,"href":"https:\/\/casino-mga.com\/sv\/wp-json\/wp\/v2\/comments?post=756"}],"version-history":[{"count":3,"href":"https:\/\/casino-mga.com\/sv\/wp-json\/wp\/v2\/pages\/756\/revisions"}],"predecessor-version":[{"id":1361,"href":"https:\/\/casino-mga.com\/sv\/wp-json\/wp\/v2\/pages\/756\/revisions\/1361"}],"wp:attachment":[{"href":"https:\/\/casino-mga.com\/sv\/wp-json\/wp\/v2\/media?parent=756"}],"curies":[{"name":"wp","href":"https:\/\/api.w.org\/{rel}","templated":true}]}}